{"id":487,"date":"2024-06-27T15:46:14","date_gmt":"2024-06-27T15:46:14","guid":{"rendered":"https:\/\/paradowski.net\/product\/eba-4350m\/"},"modified":"2024-06-28T17:06:26","modified_gmt":"2024-06-28T17:06:26","slug":"eba-4350m","status":"publish","type":"product","link":"https:\/\/paradowski.net\/en\/product\/eba-4350m\/","title":{"rendered":"EBA 4350M"},"content":{"rendered":"\n<p>pap\u012bra \u0137\u012bpas grie\u0161anas ma\u0161\u012bna ar manu\u0101lo grie\u0161anu un meh\u0101nisko piespie\u0161anas pievadu.<\/p>\n\n<figure class=\"wp-block-gallery has-nested-images columns-default is-cropped wp-block-gallery-1 is-layout-flex wp-block-gallery-is-layout-flex\">\n<figure class=\"wp-block-image size-full\"><img loading=\"lazy\" decoding=\"async\" width=\"600\" height=\"600\" data-id=\"409\" src=\"https:\/\/paradowski.net\/\/wp-content\/uploads\/2024\/06\/eba_4350_600x600-2.png\" alt=\"\" class=\"wp-image-409\" srcset=\"https:\/\/paradowski.net\/wp-content\/uploads\/2024\/06\/eba_4350_600x600-2.png 600w, https:\/\/paradowski.net\/wp-content\/uploads\/2024\/06\/eba_4350_600x600-2-300x300.png 300w, https:\/\/paradowski.net\/wp-content\/uploads\/2024\/06\/eba_4350_600x600-2-150x150.png 150w\" sizes=\"auto, (max-width: 600px) 100vw, 600px\" \/><\/figure>\n\n\n\n<figure class=\"wp-block-image size-full\"><img loading=\"lazy\" decoding=\"async\" width=\"651\" height=\"651\" data-id=\"400\" src=\"https:\/\/paradowski.net\/\/wp-content\/uploads\/2024\/06\/eba-4315-handkurbel_1920x1920.jpg\" alt=\"\" class=\"wp-image-400\" srcset=\"https:\/\/paradowski.net\/wp-content\/uploads\/2024\/06\/eba-4315-handkurbel_1920x1920.jpg 651w, https:\/\/paradowski.net\/wp-content\/uploads\/2024\/06\/eba-4315-handkurbel_1920x1920-300x300.jpg 300w, https:\/\/paradowski.net\/wp-content\/uploads\/2024\/06\/eba-4315-handkurbel_1920x1920-150x150.jpg 150w\" sizes=\"auto, (max-width: 651px) 100vw, 651px\" \/><\/figure>\n\n\n\n<figure class=\"wp-block-image size-full\"><img loading=\"lazy\" decoding=\"async\" width=\"651\" height=\"651\" data-id=\"403\" src=\"https:\/\/paradowski.net\/\/wp-content\/uploads\/2024\/06\/Stapelschneider-IDEAL-4315-digitale-massanzeige_1920x1920.jpg\" alt=\"\" class=\"wp-image-403\" srcset=\"https:\/\/paradowski.net\/wp-content\/uploads\/2024\/06\/Stapelschneider-IDEAL-4315-digitale-massanzeige_1920x1920.jpg 651w, https:\/\/paradowski.net\/wp-content\/uploads\/2024\/06\/Stapelschneider-IDEAL-4315-digitale-massanzeige_1920x1920-300x300.jpg 300w, https:\/\/paradowski.net\/wp-content\/uploads\/2024\/06\/Stapelschneider-IDEAL-4315-digitale-massanzeige_1920x1920-150x150.jpg 150w\" sizes=\"auto, (max-width: 651px) 100vw, 651px\" \/><\/figure>\n\n\n\n<figure class=\"wp-block-image size-full\"><img loading=\"lazy\" decoding=\"async\" width=\"651\" height=\"651\" data-id=\"406\" src=\"https:\/\/paradowski.net\/\/wp-content\/uploads\/2024\/06\/Stapelschneider-IDEAL-4315-bedienelement-easy-cut_1920x1920.jpg\" alt=\"\" class=\"wp-image-406\" srcset=\"https:\/\/paradowski.net\/wp-content\/uploads\/2024\/06\/Stapelschneider-IDEAL-4315-bedienelement-easy-cut_1920x1920.jpg 651w, https:\/\/paradowski.net\/wp-content\/uploads\/2024\/06\/Stapelschneider-IDEAL-4315-bedienelement-easy-cut_1920x1920-300x300.jpg 300w, https:\/\/paradowski.net\/wp-content\/uploads\/2024\/06\/Stapelschneider-IDEAL-4315-bedienelement-easy-cut_1920x1920-150x150.jpg 150w\" sizes=\"auto, (max-width: 651px) 100vw, 651px\" \/><\/figure>\n<\/figure>\n\n<p>EBA 435E \u2013 br\u012bni\u0161\u0137\u012bgs risin\u0101jums operat\u012bvai poligr\u0101fijai.<br>Ra\u017e\u012bgs giljot\u012bnas tipa veida griez\u0113js ar grie\u0161anas garumu 430 mm var vienlaikus griezt 500 lapas 70 gr\/m2 pap\u012bra, vai bro\u0161\u016bru biezum\u0101 l\u012bdz 40 mm. Ciparu displejs uz vad\u012bbas pane\u013ca \u013cauj prec\u012bzi pozicion\u0113t pap\u012bra \u0137\u012bpu un atvieglo oper\u0101tora darbu. Mode\u013ca apr\u012bkojums ir praktisks un dro\u0161s, tam ir vienk\u0101r\u0161a na\u017ea un regletes nomai\u0146a.<br><br>Modelis standart\u0101 ir galda izpild\u012bjum\u0101, bet p\u0113c pas\u016bt\u012bt\u0101ja v\u0113l\u0113\u0161an\u0101s var tikt apr\u012bkots ar k\u0101j\u0101m (opcija).<\/p>\n\n<p>Galven\u0101s \u012bpa\u0161\u012bbas:<\/p>\n\n<ul class=\"wp-block-list\">\n<li>grieziena garums 430 mm;<\/li>\n\n\n\n<li>grieziena dzi\u013cums 40mm;<\/li>\n\n\n\n<li>\u201cSolingen Steel\u201d augstv\u0113rt\u012bgs nazis;<\/li>\n\n\n\n<li>stingra na\u017ea asme\u0146a fiks\u0101cija ar skr\u016bvsp\u012bli;<\/li>\n\n\n\n<li>manu\u0101la piespie\u0161ana;<\/li>\n\n\n\n<li>grieziena dzi\u013cuma regul\u0113\u0161ana ar roktura pal\u012bdz\u012bbu;<\/li>\n\n\n\n<li>manu\u0101l\u0101 preses piedzi\u0146a;<\/li>\n\n\n\n<li>ciparu displejs aizmugur\u0113j\u0101s atdures st\u0101vok\u013ca kontrolei;<\/li>\n\n\n\n<li>konstrukcija no iztur\u012bga met\u0101la<\/li>\n<\/ul>\n","protected":false},"template":"","categories":[38],"brand":[],"product_type":[],"class_list":["post-487","product","type-product","status-publish","hentry","category-post-press-and-finishing-equipment"],"acf":[],"yoast_head":"\n<title>EBA 4350M - Paradowski<\/title>\n<meta name=\"robots\" content=\"index, follow, max-snippet:-1, max-image-preview:large, max-video-preview:-1\" \/>\n<link rel=\"canonical\" href=\"https:\/\/paradowski.net\/en\/product\/eba-4350m\/\" \/>\n<meta property=\"og:locale\" content=\"en_US\" \/>\n<meta property=\"og:type\" content=\"article\" \/>\n<meta property=\"og:title\" content=\"EBA 4350M - Paradowski\" \/>\n<meta property=\"og:description\" content=\"pap\u012bra \u0137\u012bpas grie\u0161anas ma\u0161\u012bna ar manu\u0101lo grie\u0161anu un meh\u0101nisko piespie\u0161anas pievadu. EBA 435E \u2013 br\u012bni\u0161\u0137\u012bgs risin\u0101jums operat\u012bvai poligr\u0101fijai.Ra\u017e\u012bgs giljot\u012bnas tipa veida griez\u0113js ar grie\u0161anas garumu 430 mm var vienlaikus griezt 500 lapas 70 gr\/m2 pap\u012bra, vai bro\u0161\u016bru biezum\u0101 l\u012bdz 40 mm. Ciparu displejs uz vad\u012bbas pane\u013ca \u013cauj prec\u012bzi pozicion\u0113t pap\u012bra \u0137\u012bpu un atvieglo oper\u0101tora darbu. [&hellip;]\" \/>\n<meta property=\"og:url\" content=\"https:\/\/paradowski.net\/en\/product\/eba-4350m\/\" \/>\n<meta property=\"og:site_name\" content=\"Paradowski\" \/>\n<meta property=\"article:modified_time\" content=\"2024-06-28T17:06:26+00:00\" \/>\n<meta property=\"og:image\" content=\"https:\/\/paradowski.net\/\/wp-content\/uploads\/2024\/06\/eba_4350_600x600-2.png\" \/>\n<meta name=\"twitter:card\" content=\"summary_large_image\" \/>\n<meta name=\"twitter:label1\" content=\"Est. reading time\" \/>\n\t<meta name=\"twitter:data1\" content=\"2 minutes\" \/>\n<script type=\"application\/ld+json\" class=\"yoast-schema-graph\">{\"@context\":\"https:\/\/schema.org\",\"@graph\":[{\"@type\":\"WebPage\",\"@id\":\"https:\/\/paradowski.net\/en\/product\/eba-4350m\/\",\"url\":\"https:\/\/paradowski.net\/en\/product\/eba-4350m\/\",\"name\":\"EBA 4350M - Paradowski\",\"isPartOf\":{\"@id\":\"https:\/\/paradowski.net\/en\/#website\"},\"primaryImageOfPage\":{\"@id\":\"https:\/\/paradowski.net\/en\/product\/eba-4350m\/#primaryimage\"},\"image\":{\"@id\":\"https:\/\/paradowski.net\/en\/product\/eba-4350m\/#primaryimage\"},\"thumbnailUrl\":\"https:\/\/paradowski.net\/\/wp-content\/uploads\/2024\/06\/eba_4350_600x600-2.png\",\"datePublished\":\"2024-06-27T15:46:14+00:00\",\"dateModified\":\"2024-06-28T17:06:26+00:00\",\"breadcrumb\":{\"@id\":\"https:\/\/paradowski.net\/en\/product\/eba-4350m\/#breadcrumb\"},\"inLanguage\":\"en-US\",\"potentialAction\":[{\"@type\":\"ReadAction\",\"target\":[\"https:\/\/paradowski.net\/en\/product\/eba-4350m\/\"]}]},{\"@type\":\"ImageObject\",\"inLanguage\":\"en-US\",\"@id\":\"https:\/\/paradowski.net\/en\/product\/eba-4350m\/#primaryimage\",\"url\":\"https:\/\/paradowski.net\/\/wp-content\/uploads\/2024\/06\/eba_4350_600x600-2.png\",\"contentUrl\":\"https:\/\/paradowski.net\/\/wp-content\/uploads\/2024\/06\/eba_4350_600x600-2.png\"},{\"@type\":\"BreadcrumbList\",\"@id\":\"https:\/\/paradowski.net\/en\/product\/eba-4350m\/#breadcrumb\",\"itemListElement\":[{\"@type\":\"ListItem\",\"position\":1,\"name\":\"Home\",\"item\":\"https:\/\/paradowski.net\/en\/\"},{\"@type\":\"ListItem\",\"position\":2,\"name\":\"EBA 4350M\"}]},{\"@type\":\"WebSite\",\"@id\":\"https:\/\/paradowski.net\/en\/#website\",\"url\":\"https:\/\/paradowski.net\/en\/\",\"name\":\"Paradowski\",\"description\":\"\",\"publisher\":{\"@id\":\"https:\/\/paradowski.net\/en\/#organization\"},\"potentialAction\":[{\"@type\":\"SearchAction\",\"target\":{\"@type\":\"EntryPoint\",\"urlTemplate\":\"https:\/\/paradowski.net\/en\/?s={search_term_string}\"},\"query-input\":{\"@type\":\"PropertyValueSpecification\",\"valueRequired\":true,\"valueName\":\"search_term_string\"}}],\"inLanguage\":\"en-US\"},{\"@type\":\"Organization\",\"@id\":\"https:\/\/paradowski.net\/en\/#organization\",\"name\":\"Paradowski\",\"url\":\"https:\/\/paradowski.net\/en\/\",\"logo\":{\"@type\":\"ImageObject\",\"inLanguage\":\"en-US\",\"@id\":\"https:\/\/paradowski.net\/en\/#\/schema\/logo\/image\/\",\"url\":\"https:\/\/paradowski.net\/wp-content\/uploads\/2024\/10\/logo-paradowski.svg\",\"contentUrl\":\"https:\/\/paradowski.net\/wp-content\/uploads\/2024\/10\/logo-paradowski.svg\",\"width\":264,\"height\":60,\"caption\":\"Paradowski\"},\"image\":{\"@id\":\"https:\/\/paradowski.net\/en\/#\/schema\/logo\/image\/\"}}]}<\/script>\n","yoast_head_json":{"title":"EBA 4350M - Paradowski","robots":{"index":"index","follow":"follow","max-snippet":"max-snippet:-1","max-image-preview":"max-image-preview:large","max-video-preview":"max-video-preview:-1"},"canonical":"https:\/\/paradowski.net\/en\/product\/eba-4350m\/","og_locale":"en_US","og_type":"article","og_title":"EBA 4350M - Paradowski","og_description":"pap\u012bra \u0137\u012bpas grie\u0161anas ma\u0161\u012bna ar manu\u0101lo grie\u0161anu un meh\u0101nisko piespie\u0161anas pievadu. EBA 435E \u2013 br\u012bni\u0161\u0137\u012bgs risin\u0101jums operat\u012bvai poligr\u0101fijai.Ra\u017e\u012bgs giljot\u012bnas tipa veida griez\u0113js ar grie\u0161anas garumu 430 mm var vienlaikus griezt 500 lapas 70 gr\/m2 pap\u012bra, vai bro\u0161\u016bru biezum\u0101 l\u012bdz 40 mm. Ciparu displejs uz vad\u012bbas pane\u013ca \u013cauj prec\u012bzi pozicion\u0113t pap\u012bra \u0137\u012bpu un atvieglo oper\u0101tora darbu. [&hellip;]","og_url":"https:\/\/paradowski.net\/en\/product\/eba-4350m\/","og_site_name":"Paradowski","article_modified_time":"2024-06-28T17:06:26+00:00","og_image":[{"url":"https:\/\/paradowski.net\/\/wp-content\/uploads\/2024\/06\/eba_4350_600x600-2.png"}],"twitter_card":"summary_large_image","twitter_misc":{"Est. reading time":"2 minutes"},"schema":{"@context":"https:\/\/schema.org","@graph":[{"@type":"WebPage","@id":"https:\/\/paradowski.net\/en\/product\/eba-4350m\/","url":"https:\/\/paradowski.net\/en\/product\/eba-4350m\/","name":"EBA 4350M - Paradowski","isPartOf":{"@id":"https:\/\/paradowski.net\/en\/#website"},"primaryImageOfPage":{"@id":"https:\/\/paradowski.net\/en\/product\/eba-4350m\/#primaryimage"},"image":{"@id":"https:\/\/paradowski.net\/en\/product\/eba-4350m\/#primaryimage"},"thumbnailUrl":"https:\/\/paradowski.net\/\/wp-content\/uploads\/2024\/06\/eba_4350_600x600-2.png","datePublished":"2024-06-27T15:46:14+00:00","dateModified":"2024-06-28T17:06:26+00:00","breadcrumb":{"@id":"https:\/\/paradowski.net\/en\/product\/eba-4350m\/#breadcrumb"},"inLanguage":"en-US","potentialAction":[{"@type":"ReadAction","target":["https:\/\/paradowski.net\/en\/product\/eba-4350m\/"]}]},{"@type":"ImageObject","inLanguage":"en-US","@id":"https:\/\/paradowski.net\/en\/product\/eba-4350m\/#primaryimage","url":"https:\/\/paradowski.net\/\/wp-content\/uploads\/2024\/06\/eba_4350_600x600-2.png","contentUrl":"https:\/\/paradowski.net\/\/wp-content\/uploads\/2024\/06\/eba_4350_600x600-2.png"},{"@type":"BreadcrumbList","@id":"https:\/\/paradowski.net\/en\/product\/eba-4350m\/#breadcrumb","itemListElement":[{"@type":"ListItem","position":1,"name":"Home","item":"https:\/\/paradowski.net\/en\/"},{"@type":"ListItem","position":2,"name":"EBA 4350M"}]},{"@type":"WebSite","@id":"https:\/\/paradowski.net\/en\/#website","url":"https:\/\/paradowski.net\/en\/","name":"Paradowski","description":"","publisher":{"@id":"https:\/\/paradowski.net\/en\/#organization"},"potentialAction":[{"@type":"SearchAction","target":{"@type":"EntryPoint","urlTemplate":"https:\/\/paradowski.net\/en\/?s={search_term_string}"},"query-input":{"@type":"PropertyValueSpecification","valueRequired":true,"valueName":"search_term_string"}}],"inLanguage":"en-US"},{"@type":"Organization","@id":"https:\/\/paradowski.net\/en\/#organization","name":"Paradowski","url":"https:\/\/paradowski.net\/en\/","logo":{"@type":"ImageObject","inLanguage":"en-US","@id":"https:\/\/paradowski.net\/en\/#\/schema\/logo\/image\/","url":"https:\/\/paradowski.net\/wp-content\/uploads\/2024\/10\/logo-paradowski.svg","contentUrl":"https:\/\/paradowski.net\/wp-content\/uploads\/2024\/10\/logo-paradowski.svg","width":264,"height":60,"caption":"Paradowski"},"image":{"@id":"https:\/\/paradowski.net\/en\/#\/schema\/logo\/image\/"}}]}},"_links":{"self":[{"href":"https:\/\/paradowski.net\/en\/wp-json\/wp\/v2\/product\/487","targetHints":{"allow":["GET"]}}],"collection":[{"href":"https:\/\/paradowski.net\/en\/wp-json\/wp\/v2\/product"}],"about":[{"href":"https:\/\/paradowski.net\/en\/wp-json\/wp\/v2\/types\/product"}],"wp:attachment":[{"href":"https:\/\/paradowski.net\/en\/wp-json\/wp\/v2\/media?parent=487"}],"wp:term":[{"taxonomy":"category","embeddable":true,"href":"https:\/\/paradowski.net\/en\/wp-json\/wp\/v2\/categories?post=487"},{"taxonomy":"brand","embeddable":true,"href":"https:\/\/paradowski.net\/en\/wp-json\/wp\/v2\/brand?post=487"},{"taxonomy":"product_type","embeddable":true,"href":"https:\/\/paradowski.net\/en\/wp-json\/wp\/v2\/product_type?post=487"}],"curies":[{"name":"wp","href":"https:\/\/api.w.org\/{rel}","templated":true}]}}