{"id":499,"date":"2024-07-01T16:53:21","date_gmt":"2024-07-01T16:53:21","guid":{"rendered":"https:\/\/paradowski.net\/product\/citoborma-111\/"},"modified":"2024-07-01T16:53:21","modified_gmt":"2024-07-01T16:53:21","slug":"citoborma-111","status":"publish","type":"product","link":"https:\/\/paradowski.net\/en\/product\/citoborma-111\/","title":{"rendered":"Citoborma 111"},"content":{"rendered":"\n<figure class=\"wp-block-image size-full\"><img loading=\"lazy\" decoding=\"async\" width=\"301\" height=\"471\" src=\"https:\/\/paradowski.net\/\/wp-content\/uploads\/2024\/07\/Citoborma_111.jpg\" alt=\"\" class=\"wp-image-497\" srcset=\"https:\/\/paradowski.net\/wp-content\/uploads\/2024\/07\/Citoborma_111.jpg 301w, https:\/\/paradowski.net\/wp-content\/uploads\/2024\/07\/Citoborma_111-192x300.jpg 192w\" sizes=\"auto, (max-width: 301px) 100vw, 301px\" \/><\/figure>\n\n<p>iek\u0101rta pap\u012bra urb\u0161anai, vieglas konstrukcijas galda variants ar vienu urb\u0161anas galvi\u0146u, ar elektrisko piedzi\u0146u un k\u0101jas ped\u0101\u013ca vad\u012bbu. Tiek lietotas arh\u012bva dokumentu, katalogu, kalend\u0101ru, sagatavo\u0161anai sastiprin\u0101\u0161anai, bloku, uzl\u012bmju u.c. izgatavo\u0161anai.<\/p>\n\n<p><strong>Tehniskais raksturojums:<\/strong><\/p>\n\n<ul class=\"wp-block-list\">\n<li>mazi gabar\u012bti<\/li>\n\n\n\n<li>viena urb\u0161anas galvi\u0146a<\/li>\n\n\n\n<li>p\u0101rvietojams galds, pieregul\u0113jams standarta pap\u012bra form\u0101tiem<\/li>\n\n\n\n<li>urb\u0161ana notiek rokas re\u017e\u012bm\u0101 ar roktura pal\u012bdz\u012bbu<\/li>\n\n\n\n<li>4 fiks\u0113tas urb\u0161anas programma<\/li>\n<\/ul>\n\n<p><strong>Tehniskie dati:<\/strong><\/p>\n\n<figure class=\"wp-block-table\"><table><tbody><tr><td>Urb\u0161anas galvi\u0146u daudzums<\/td><td>1<\/td><\/tr><tr><td>Piedzi\u0146a<\/td><td>rokas<\/td><\/tr><tr><td>Piespie\u0161ana<\/td><td>autom\u0101tisk\u0101<\/td><\/tr><tr><td>Bloka biezums<\/td><td>l\u012bdz 50 mm<\/td><\/tr><tr><td>Urbju diametrs<\/td><td>2-9<\/td><\/tr><tr><td>Atk\u0101pe no loksnes malas<\/td><td>l\u012bdz 25 mm<\/td><\/tr><tr><td>El. piesl\u0113gums<\/td><td>230 V\/50Hz, 0,2 kW<\/td><\/tr><tr><td>Gabar\u012bti, svars<\/td><td>530x460x700mm, 25 kg<\/td><\/tr><\/tbody><\/table><\/figure>\n","protected":false},"template":"","categories":[38],"brand":[],"product_type":[],"class_list":["post-499","product","type-product","status-publish","hentry","category-post-press-and-finishing-equipment"],"acf":[],"yoast_head":"\n<title>Citoborma 111 - Paradowski<\/title>\n<meta name=\"robots\" content=\"index, follow, max-snippet:-1, max-image-preview:large, max-video-preview:-1\" \/>\n<link rel=\"canonical\" href=\"https:\/\/paradowski.net\/en\/product\/citoborma-111\/\" \/>\n<meta property=\"og:locale\" content=\"en_US\" \/>\n<meta property=\"og:type\" content=\"article\" \/>\n<meta property=\"og:title\" content=\"Citoborma 111 - Paradowski\" \/>\n<meta property=\"og:description\" content=\"iek\u0101rta pap\u012bra urb\u0161anai, vieglas konstrukcijas galda variants ar vienu urb\u0161anas galvi\u0146u, ar elektrisko piedzi\u0146u un k\u0101jas ped\u0101\u013ca vad\u012bbu. Tiek lietotas arh\u012bva dokumentu, katalogu, kalend\u0101ru, sagatavo\u0161anai sastiprin\u0101\u0161anai, bloku, uzl\u012bmju u.c. izgatavo\u0161anai. Tehniskais raksturojums: Tehniskie dati: Urb\u0161anas galvi\u0146u daudzums 1 Piedzi\u0146a rokas Piespie\u0161ana autom\u0101tisk\u0101 Bloka biezums l\u012bdz 50 mm Urbju diametrs 2-9 Atk\u0101pe no loksnes malas l\u012bdz [&hellip;]\" \/>\n<meta property=\"og:url\" content=\"https:\/\/paradowski.net\/en\/product\/citoborma-111\/\" \/>\n<meta property=\"og:site_name\" content=\"Paradowski\" \/>\n<meta property=\"og:image\" content=\"https:\/\/paradowski.net\/\/wp-content\/uploads\/2024\/07\/Citoborma_111.jpg\" \/>\n<meta name=\"twitter:card\" content=\"summary_large_image\" \/>\n<meta name=\"twitter:label1\" content=\"Est. reading time\" \/>\n\t<meta name=\"twitter:data1\" content=\"1 minute\" \/>\n<script type=\"application\/ld+json\" class=\"yoast-schema-graph\">{\"@context\":\"https:\/\/schema.org\",\"@graph\":[{\"@type\":\"WebPage\",\"@id\":\"https:\/\/paradowski.net\/en\/product\/citoborma-111\/\",\"url\":\"https:\/\/paradowski.net\/en\/product\/citoborma-111\/\",\"name\":\"Citoborma 111 - Paradowski\",\"isPartOf\":{\"@id\":\"https:\/\/paradowski.net\/en\/#website\"},\"primaryImageOfPage\":{\"@id\":\"https:\/\/paradowski.net\/en\/product\/citoborma-111\/#primaryimage\"},\"image\":{\"@id\":\"https:\/\/paradowski.net\/en\/product\/citoborma-111\/#primaryimage\"},\"thumbnailUrl\":\"https:\/\/paradowski.net\/\/wp-content\/uploads\/2024\/07\/Citoborma_111.jpg\",\"datePublished\":\"2024-07-01T16:53:21+00:00\",\"dateModified\":\"2024-07-01T16:53:21+00:00\",\"breadcrumb\":{\"@id\":\"https:\/\/paradowski.net\/en\/product\/citoborma-111\/#breadcrumb\"},\"inLanguage\":\"en-US\",\"potentialAction\":[{\"@type\":\"ReadAction\",\"target\":[\"https:\/\/paradowski.net\/en\/product\/citoborma-111\/\"]}]},{\"@type\":\"ImageObject\",\"inLanguage\":\"en-US\",\"@id\":\"https:\/\/paradowski.net\/en\/product\/citoborma-111\/#primaryimage\",\"url\":\"https:\/\/paradowski.net\/\/wp-content\/uploads\/2024\/07\/Citoborma_111.jpg\",\"contentUrl\":\"https:\/\/paradowski.net\/\/wp-content\/uploads\/2024\/07\/Citoborma_111.jpg\"},{\"@type\":\"BreadcrumbList\",\"@id\":\"https:\/\/paradowski.net\/en\/product\/citoborma-111\/#breadcrumb\",\"itemListElement\":[{\"@type\":\"ListItem\",\"position\":1,\"name\":\"Home\",\"item\":\"https:\/\/paradowski.net\/en\/\"},{\"@type\":\"ListItem\",\"position\":2,\"name\":\"Citoborma 111\"}]},{\"@type\":\"WebSite\",\"@id\":\"https:\/\/paradowski.net\/en\/#website\",\"url\":\"https:\/\/paradowski.net\/en\/\",\"name\":\"Paradowski\",\"description\":\"\",\"publisher\":{\"@id\":\"https:\/\/paradowski.net\/en\/#organization\"},\"potentialAction\":[{\"@type\":\"SearchAction\",\"target\":{\"@type\":\"EntryPoint\",\"urlTemplate\":\"https:\/\/paradowski.net\/en\/?s={search_term_string}\"},\"query-input\":{\"@type\":\"PropertyValueSpecification\",\"valueRequired\":true,\"valueName\":\"search_term_string\"}}],\"inLanguage\":\"en-US\"},{\"@type\":\"Organization\",\"@id\":\"https:\/\/paradowski.net\/en\/#organization\",\"name\":\"Paradowski\",\"url\":\"https:\/\/paradowski.net\/en\/\",\"logo\":{\"@type\":\"ImageObject\",\"inLanguage\":\"en-US\",\"@id\":\"https:\/\/paradowski.net\/en\/#\/schema\/logo\/image\/\",\"url\":\"https:\/\/paradowski.net\/wp-content\/uploads\/2024\/10\/logo-paradowski.svg\",\"contentUrl\":\"https:\/\/paradowski.net\/wp-content\/uploads\/2024\/10\/logo-paradowski.svg\",\"width\":264,\"height\":60,\"caption\":\"Paradowski\"},\"image\":{\"@id\":\"https:\/\/paradowski.net\/en\/#\/schema\/logo\/image\/\"}}]}<\/script>\n","yoast_head_json":{"title":"Citoborma 111 - Paradowski","robots":{"index":"index","follow":"follow","max-snippet":"max-snippet:-1","max-image-preview":"max-image-preview:large","max-video-preview":"max-video-preview:-1"},"canonical":"https:\/\/paradowski.net\/en\/product\/citoborma-111\/","og_locale":"en_US","og_type":"article","og_title":"Citoborma 111 - Paradowski","og_description":"iek\u0101rta pap\u012bra urb\u0161anai, vieglas konstrukcijas galda variants ar vienu urb\u0161anas galvi\u0146u, ar elektrisko piedzi\u0146u un k\u0101jas ped\u0101\u013ca vad\u012bbu. Tiek lietotas arh\u012bva dokumentu, katalogu, kalend\u0101ru, sagatavo\u0161anai sastiprin\u0101\u0161anai, bloku, uzl\u012bmju u.c. izgatavo\u0161anai. Tehniskais raksturojums: Tehniskie dati: Urb\u0161anas galvi\u0146u daudzums 1 Piedzi\u0146a rokas Piespie\u0161ana autom\u0101tisk\u0101 Bloka biezums l\u012bdz 50 mm Urbju diametrs 2-9 Atk\u0101pe no loksnes malas l\u012bdz [&hellip;]","og_url":"https:\/\/paradowski.net\/en\/product\/citoborma-111\/","og_site_name":"Paradowski","og_image":[{"url":"https:\/\/paradowski.net\/\/wp-content\/uploads\/2024\/07\/Citoborma_111.jpg"}],"twitter_card":"summary_large_image","twitter_misc":{"Est. reading time":"1 minute"},"schema":{"@context":"https:\/\/schema.org","@graph":[{"@type":"WebPage","@id":"https:\/\/paradowski.net\/en\/product\/citoborma-111\/","url":"https:\/\/paradowski.net\/en\/product\/citoborma-111\/","name":"Citoborma 111 - Paradowski","isPartOf":{"@id":"https:\/\/paradowski.net\/en\/#website"},"primaryImageOfPage":{"@id":"https:\/\/paradowski.net\/en\/product\/citoborma-111\/#primaryimage"},"image":{"@id":"https:\/\/paradowski.net\/en\/product\/citoborma-111\/#primaryimage"},"thumbnailUrl":"https:\/\/paradowski.net\/\/wp-content\/uploads\/2024\/07\/Citoborma_111.jpg","datePublished":"2024-07-01T16:53:21+00:00","dateModified":"2024-07-01T16:53:21+00:00","breadcrumb":{"@id":"https:\/\/paradowski.net\/en\/product\/citoborma-111\/#breadcrumb"},"inLanguage":"en-US","potentialAction":[{"@type":"ReadAction","target":["https:\/\/paradowski.net\/en\/product\/citoborma-111\/"]}]},{"@type":"ImageObject","inLanguage":"en-US","@id":"https:\/\/paradowski.net\/en\/product\/citoborma-111\/#primaryimage","url":"https:\/\/paradowski.net\/\/wp-content\/uploads\/2024\/07\/Citoborma_111.jpg","contentUrl":"https:\/\/paradowski.net\/\/wp-content\/uploads\/2024\/07\/Citoborma_111.jpg"},{"@type":"BreadcrumbList","@id":"https:\/\/paradowski.net\/en\/product\/citoborma-111\/#breadcrumb","itemListElement":[{"@type":"ListItem","position":1,"name":"Home","item":"https:\/\/paradowski.net\/en\/"},{"@type":"ListItem","position":2,"name":"Citoborma 111"}]},{"@type":"WebSite","@id":"https:\/\/paradowski.net\/en\/#website","url":"https:\/\/paradowski.net\/en\/","name":"Paradowski","description":"","publisher":{"@id":"https:\/\/paradowski.net\/en\/#organization"},"potentialAction":[{"@type":"SearchAction","target":{"@type":"EntryPoint","urlTemplate":"https:\/\/paradowski.net\/en\/?s={search_term_string}"},"query-input":{"@type":"PropertyValueSpecification","valueRequired":true,"valueName":"search_term_string"}}],"inLanguage":"en-US"},{"@type":"Organization","@id":"https:\/\/paradowski.net\/en\/#organization","name":"Paradowski","url":"https:\/\/paradowski.net\/en\/","logo":{"@type":"ImageObject","inLanguage":"en-US","@id":"https:\/\/paradowski.net\/en\/#\/schema\/logo\/image\/","url":"https:\/\/paradowski.net\/wp-content\/uploads\/2024\/10\/logo-paradowski.svg","contentUrl":"https:\/\/paradowski.net\/wp-content\/uploads\/2024\/10\/logo-paradowski.svg","width":264,"height":60,"caption":"Paradowski"},"image":{"@id":"https:\/\/paradowski.net\/en\/#\/schema\/logo\/image\/"}}]}},"_links":{"self":[{"href":"https:\/\/paradowski.net\/en\/wp-json\/wp\/v2\/product\/499","targetHints":{"allow":["GET"]}}],"collection":[{"href":"https:\/\/paradowski.net\/en\/wp-json\/wp\/v2\/product"}],"about":[{"href":"https:\/\/paradowski.net\/en\/wp-json\/wp\/v2\/types\/product"}],"wp:attachment":[{"href":"https:\/\/paradowski.net\/en\/wp-json\/wp\/v2\/media?parent=499"}],"wp:term":[{"taxonomy":"category","embeddable":true,"href":"https:\/\/paradowski.net\/en\/wp-json\/wp\/v2\/categories?post=499"},{"taxonomy":"brand","embeddable":true,"href":"https:\/\/paradowski.net\/en\/wp-json\/wp\/v2\/brand?post=499"},{"taxonomy":"product_type","embeddable":true,"href":"https:\/\/paradowski.net\/en\/wp-json\/wp\/v2\/product_type?post=499"}],"curies":[{"name":"wp","href":"https:\/\/api.w.org\/{rel}","templated":true}]}}