{"id":505,"date":"2024-07-01T16:57:47","date_gmt":"2024-07-01T16:57:47","guid":{"rendered":"https:\/\/paradowski.net\/product\/%d1%81cr-40\/"},"modified":"2024-07-01T16:58:12","modified_gmt":"2024-07-01T16:58:12","slug":"%d1%81cr-40","status":"publish","type":"product","link":"https:\/\/paradowski.net\/en\/product\/%d1%81cr-40\/","title":{"rendered":"\u0421CR 40"},"content":{"rendered":"\n<figure class=\"wp-block-image size-full\"><img loading=\"lazy\" decoding=\"async\" width=\"436\" height=\"650\" src=\"https:\/\/paradowski.net\/\/wp-content\/uploads\/2024\/07\/Corner-Rounder-CCR-40-835839bf.jpg\" alt=\"\" class=\"wp-image-503\" srcset=\"https:\/\/paradowski.net\/wp-content\/uploads\/2024\/07\/Corner-Rounder-CCR-40-835839bf.jpg 436w, https:\/\/paradowski.net\/wp-content\/uploads\/2024\/07\/Corner-Rounder-CCR-40-835839bf-201x300.jpg 201w\" sizes=\"auto, (max-width: 436px) 100vw, 436px\" \/><\/figure>\n\n<p>ier\u012bces st\u016br\u012b\u0161u apa\u013co\u0161anai tiek lietotas, lai veiktu st\u016br\u012b\u0161u profilgriezumu atsevi\u0161\u0137\u0101m loksn\u0113m un pap\u012bra \u0137\u012bp\u0101m: viz\u012btkart\u0113m, kalend\u0101riem, \u0137\u012bpas augstums 40 mm.<\/p>\n\n<p><strong>Tehniskie dati:<\/strong><\/p>\n\n<ul class=\"wp-block-list\">\n<li>Apstr\u0101d\u0101jam\u0101s \u0137\u012bpas augstums: l\u012bdz 40 mm<\/li>\n\n\n\n<li>Gabar\u012bti: 700x400x800 mm<\/li>\n\n\n\n<li>Svars: 16,5 kg<\/li>\n<\/ul>\n","protected":false},"template":"","categories":[38],"brand":[],"product_type":[],"class_list":["post-505","product","type-product","status-publish","hentry","category-post-press-and-finishing-equipment"],"acf":[],"yoast_head":"\n<title>\u0421CR 40 - Paradowski<\/title>\n<meta name=\"robots\" content=\"index, follow, max-snippet:-1, max-image-preview:large, max-video-preview:-1\" \/>\n<link rel=\"canonical\" href=\"https:\/\/paradowski.net\/en\/product\/%d1%81cr-40\/\" \/>\n<meta property=\"og:locale\" content=\"en_US\" \/>\n<meta property=\"og:type\" content=\"article\" \/>\n<meta property=\"og:title\" content=\"\u0421CR 40 - Paradowski\" \/>\n<meta property=\"og:description\" content=\"ier\u012bces st\u016br\u012b\u0161u apa\u013co\u0161anai tiek lietotas, lai veiktu st\u016br\u012b\u0161u profilgriezumu atsevi\u0161\u0137\u0101m loksn\u0113m un pap\u012bra \u0137\u012bp\u0101m: viz\u012btkart\u0113m, kalend\u0101riem, \u0137\u012bpas augstums 40 mm. Tehniskie dati:\" \/>\n<meta property=\"og:url\" content=\"https:\/\/paradowski.net\/en\/product\/%d1%81cr-40\/\" \/>\n<meta property=\"og:site_name\" content=\"Paradowski\" \/>\n<meta property=\"article:modified_time\" content=\"2024-07-01T16:58:12+00:00\" \/>\n<meta property=\"og:image\" content=\"https:\/\/paradowski.net\/\/wp-content\/uploads\/2024\/07\/Corner-Rounder-CCR-40-835839bf.jpg\" \/>\n<meta name=\"twitter:card\" content=\"summary_large_image\" \/>\n<meta name=\"twitter:label1\" content=\"Est. reading time\" \/>\n\t<meta name=\"twitter:data1\" content=\"1 minute\" \/>\n<script type=\"application\/ld+json\" class=\"yoast-schema-graph\">{\"@context\":\"https:\/\/schema.org\",\"@graph\":[{\"@type\":\"WebPage\",\"@id\":\"https:\/\/paradowski.net\/en\/product\/%d1%81cr-40\/\",\"url\":\"https:\/\/paradowski.net\/en\/product\/%d1%81cr-40\/\",\"name\":\"\u0421CR 40 - Paradowski\",\"isPartOf\":{\"@id\":\"https:\/\/paradowski.net\/en\/#website\"},\"primaryImageOfPage\":{\"@id\":\"https:\/\/paradowski.net\/en\/product\/%d1%81cr-40\/#primaryimage\"},\"image\":{\"@id\":\"https:\/\/paradowski.net\/en\/product\/%d1%81cr-40\/#primaryimage\"},\"thumbnailUrl\":\"https:\/\/paradowski.net\/\/wp-content\/uploads\/2024\/07\/Corner-Rounder-CCR-40-835839bf.jpg\",\"datePublished\":\"2024-07-01T16:57:47+00:00\",\"dateModified\":\"2024-07-01T16:58:12+00:00\",\"breadcrumb\":{\"@id\":\"https:\/\/paradowski.net\/en\/product\/%d1%81cr-40\/#breadcrumb\"},\"inLanguage\":\"en-US\",\"potentialAction\":[{\"@type\":\"ReadAction\",\"target\":[\"https:\/\/paradowski.net\/en\/product\/%d1%81cr-40\/\"]}]},{\"@type\":\"ImageObject\",\"inLanguage\":\"en-US\",\"@id\":\"https:\/\/paradowski.net\/en\/product\/%d1%81cr-40\/#primaryimage\",\"url\":\"https:\/\/paradowski.net\/\/wp-content\/uploads\/2024\/07\/Corner-Rounder-CCR-40-835839bf.jpg\",\"contentUrl\":\"https:\/\/paradowski.net\/\/wp-content\/uploads\/2024\/07\/Corner-Rounder-CCR-40-835839bf.jpg\"},{\"@type\":\"BreadcrumbList\",\"@id\":\"https:\/\/paradowski.net\/en\/product\/%d1%81cr-40\/#breadcrumb\",\"itemListElement\":[{\"@type\":\"ListItem\",\"position\":1,\"name\":\"Home\",\"item\":\"https:\/\/paradowski.net\/en\/\"},{\"@type\":\"ListItem\",\"position\":2,\"name\":\"\u0421CR 40\"}]},{\"@type\":\"WebSite\",\"@id\":\"https:\/\/paradowski.net\/en\/#website\",\"url\":\"https:\/\/paradowski.net\/en\/\",\"name\":\"Paradowski\",\"description\":\"\",\"publisher\":{\"@id\":\"https:\/\/paradowski.net\/en\/#organization\"},\"potentialAction\":[{\"@type\":\"SearchAction\",\"target\":{\"@type\":\"EntryPoint\",\"urlTemplate\":\"https:\/\/paradowski.net\/en\/?s={search_term_string}\"},\"query-input\":{\"@type\":\"PropertyValueSpecification\",\"valueRequired\":true,\"valueName\":\"search_term_string\"}}],\"inLanguage\":\"en-US\"},{\"@type\":\"Organization\",\"@id\":\"https:\/\/paradowski.net\/en\/#organization\",\"name\":\"Paradowski\",\"url\":\"https:\/\/paradowski.net\/en\/\",\"logo\":{\"@type\":\"ImageObject\",\"inLanguage\":\"en-US\",\"@id\":\"https:\/\/paradowski.net\/en\/#\/schema\/logo\/image\/\",\"url\":\"https:\/\/paradowski.net\/wp-content\/uploads\/2024\/10\/logo-paradowski.svg\",\"contentUrl\":\"https:\/\/paradowski.net\/wp-content\/uploads\/2024\/10\/logo-paradowski.svg\",\"width\":264,\"height\":60,\"caption\":\"Paradowski\"},\"image\":{\"@id\":\"https:\/\/paradowski.net\/en\/#\/schema\/logo\/image\/\"}}]}<\/script>\n","yoast_head_json":{"title":"\u0421CR 40 - Paradowski","robots":{"index":"index","follow":"follow","max-snippet":"max-snippet:-1","max-image-preview":"max-image-preview:large","max-video-preview":"max-video-preview:-1"},"canonical":"https:\/\/paradowski.net\/en\/product\/%d1%81cr-40\/","og_locale":"en_US","og_type":"article","og_title":"\u0421CR 40 - Paradowski","og_description":"ier\u012bces st\u016br\u012b\u0161u apa\u013co\u0161anai tiek lietotas, lai veiktu st\u016br\u012b\u0161u profilgriezumu atsevi\u0161\u0137\u0101m loksn\u0113m un pap\u012bra \u0137\u012bp\u0101m: viz\u012btkart\u0113m, kalend\u0101riem, \u0137\u012bpas augstums 40 mm. Tehniskie dati:","og_url":"https:\/\/paradowski.net\/en\/product\/%d1%81cr-40\/","og_site_name":"Paradowski","article_modified_time":"2024-07-01T16:58:12+00:00","og_image":[{"url":"https:\/\/paradowski.net\/\/wp-content\/uploads\/2024\/07\/Corner-Rounder-CCR-40-835839bf.jpg"}],"twitter_card":"summary_large_image","twitter_misc":{"Est. reading time":"1 minute"},"schema":{"@context":"https:\/\/schema.org","@graph":[{"@type":"WebPage","@id":"https:\/\/paradowski.net\/en\/product\/%d1%81cr-40\/","url":"https:\/\/paradowski.net\/en\/product\/%d1%81cr-40\/","name":"\u0421CR 40 - Paradowski","isPartOf":{"@id":"https:\/\/paradowski.net\/en\/#website"},"primaryImageOfPage":{"@id":"https:\/\/paradowski.net\/en\/product\/%d1%81cr-40\/#primaryimage"},"image":{"@id":"https:\/\/paradowski.net\/en\/product\/%d1%81cr-40\/#primaryimage"},"thumbnailUrl":"https:\/\/paradowski.net\/\/wp-content\/uploads\/2024\/07\/Corner-Rounder-CCR-40-835839bf.jpg","datePublished":"2024-07-01T16:57:47+00:00","dateModified":"2024-07-01T16:58:12+00:00","breadcrumb":{"@id":"https:\/\/paradowski.net\/en\/product\/%d1%81cr-40\/#breadcrumb"},"inLanguage":"en-US","potentialAction":[{"@type":"ReadAction","target":["https:\/\/paradowski.net\/en\/product\/%d1%81cr-40\/"]}]},{"@type":"ImageObject","inLanguage":"en-US","@id":"https:\/\/paradowski.net\/en\/product\/%d1%81cr-40\/#primaryimage","url":"https:\/\/paradowski.net\/\/wp-content\/uploads\/2024\/07\/Corner-Rounder-CCR-40-835839bf.jpg","contentUrl":"https:\/\/paradowski.net\/\/wp-content\/uploads\/2024\/07\/Corner-Rounder-CCR-40-835839bf.jpg"},{"@type":"BreadcrumbList","@id":"https:\/\/paradowski.net\/en\/product\/%d1%81cr-40\/#breadcrumb","itemListElement":[{"@type":"ListItem","position":1,"name":"Home","item":"https:\/\/paradowski.net\/en\/"},{"@type":"ListItem","position":2,"name":"\u0421CR 40"}]},{"@type":"WebSite","@id":"https:\/\/paradowski.net\/en\/#website","url":"https:\/\/paradowski.net\/en\/","name":"Paradowski","description":"","publisher":{"@id":"https:\/\/paradowski.net\/en\/#organization"},"potentialAction":[{"@type":"SearchAction","target":{"@type":"EntryPoint","urlTemplate":"https:\/\/paradowski.net\/en\/?s={search_term_string}"},"query-input":{"@type":"PropertyValueSpecification","valueRequired":true,"valueName":"search_term_string"}}],"inLanguage":"en-US"},{"@type":"Organization","@id":"https:\/\/paradowski.net\/en\/#organization","name":"Paradowski","url":"https:\/\/paradowski.net\/en\/","logo":{"@type":"ImageObject","inLanguage":"en-US","@id":"https:\/\/paradowski.net\/en\/#\/schema\/logo\/image\/","url":"https:\/\/paradowski.net\/wp-content\/uploads\/2024\/10\/logo-paradowski.svg","contentUrl":"https:\/\/paradowski.net\/wp-content\/uploads\/2024\/10\/logo-paradowski.svg","width":264,"height":60,"caption":"Paradowski"},"image":{"@id":"https:\/\/paradowski.net\/en\/#\/schema\/logo\/image\/"}}]}},"_links":{"self":[{"href":"https:\/\/paradowski.net\/en\/wp-json\/wp\/v2\/product\/505","targetHints":{"allow":["GET"]}}],"collection":[{"href":"https:\/\/paradowski.net\/en\/wp-json\/wp\/v2\/product"}],"about":[{"href":"https:\/\/paradowski.net\/en\/wp-json\/wp\/v2\/types\/product"}],"wp:attachment":[{"href":"https:\/\/paradowski.net\/en\/wp-json\/wp\/v2\/media?parent=505"}],"wp:term":[{"taxonomy":"category","embeddable":true,"href":"https:\/\/paradowski.net\/en\/wp-json\/wp\/v2\/categories?post=505"},{"taxonomy":"brand","embeddable":true,"href":"https:\/\/paradowski.net\/en\/wp-json\/wp\/v2\/brand?post=505"},{"taxonomy":"product_type","embeddable":true,"href":"https:\/\/paradowski.net\/en\/wp-json\/wp\/v2\/product_type?post=505"}],"curies":[{"name":"wp","href":"https:\/\/api.w.org\/{rel}","templated":true}]}}