{"id":517,"date":"2024-07-01T17:16:52","date_gmt":"2024-07-01T17:16:52","guid":{"rendered":"https:\/\/paradowski.net\/product\/sumbel-herold\/"},"modified":"2024-07-01T17:18:22","modified_gmt":"2024-07-01T17:18:22","slug":"sumbel-herold","status":"publish","type":"product","link":"https:\/\/paradowski.net\/en\/product\/sumbel-herold\/","title":{"rendered":"Sumbel Herold"},"content":{"rendered":"\n<p><\/p>\n\n<figure class=\"wp-block-gallery has-nested-images columns-default is-cropped wp-block-gallery-1 is-layout-flex wp-block-gallery-is-layout-flex\">\n<figure class=\"wp-block-image size-large\"><img loading=\"lazy\" decoding=\"async\" width=\"800\" height=\"382\" data-id=\"509\" src=\"https:\/\/paradowski.net\/\/wp-content\/uploads\/2024\/07\/herold.webp\" alt=\"\" class=\"wp-image-509\" srcset=\"https:\/\/paradowski.net\/wp-content\/uploads\/2024\/07\/herold.webp 800w, https:\/\/paradowski.net\/wp-content\/uploads\/2024\/07\/herold-300x143.webp 300w, https:\/\/paradowski.net\/wp-content\/uploads\/2024\/07\/herold-768x367.webp 768w\" sizes=\"auto, (max-width: 800px) 100vw, 800px\" \/><\/figure>\n\n\n\n<figure class=\"wp-block-image size-large\"><img loading=\"lazy\" decoding=\"async\" width=\"528\" height=\"260\" data-id=\"512\" src=\"https:\/\/paradowski.net\/\/wp-content\/uploads\/2024\/07\/enano.webp\" alt=\"\" class=\"wp-image-512\" srcset=\"https:\/\/paradowski.net\/wp-content\/uploads\/2024\/07\/enano.webp 528w, https:\/\/paradowski.net\/wp-content\/uploads\/2024\/07\/enano-300x148.webp 300w\" sizes=\"auto, (max-width: 528px) 100vw, 528px\" \/><\/figure>\n\n\n\n<figure class=\"wp-block-image size-large\"><img loading=\"lazy\" decoding=\"async\" width=\"652\" height=\"467\" data-id=\"515\" src=\"https:\/\/paradowski.net\/\/wp-content\/uploads\/2024\/07\/senatorvakuum2.webp\" alt=\"\" class=\"wp-image-515\" srcset=\"https:\/\/paradowski.net\/wp-content\/uploads\/2024\/07\/senatorvakuum2.webp 652w, https:\/\/paradowski.net\/wp-content\/uploads\/2024\/07\/senatorvakuum2-300x215.webp 300w\" sizes=\"auto, (max-width: 652px) 100vw, 652px\" \/><\/figure>\n<\/figure>\n\n<p>L\u012bm\u0113\u0161anas ma\u0161\u012bna mod. Herold paredz\u0113ta l\u012bmes uzkl\u0101\u0161anai uz lok\u0161\u0146veida materi\u0101liem. Operators ar roku padod loksnes, l\u012bme tiek uzkl\u0101ta ar velmju sist\u0113mu, kas nodro\u0161ina vienm\u0113r\u012bgu l\u012bmes kl\u0101jumu<\/p>\n\n<p><strong>Tehniskie dati:<\/strong><\/p>\n\n<figure class=\"wp-block-table\"><table><tbody><tr><td>Darba platums<\/td><td>Maks.produkcijas platums<\/td><td>L\u012bmes tilpums<\/td><td>Svars<\/td><td>Gabariti<\/td><\/tr><tr><td>500 mm<\/td><td>483 mm<\/td><td>2,8 l<\/td><td>60 kg<\/td><td>68&#215;35 cm<\/td><\/tr><tr><td>650 mm<\/td><td>636 mm<\/td><td>3,7 l<\/td><td>76 kg<\/td><td>83&#215;35 cm<\/td><\/tr><tr><td>800 mm<\/td><td>788 mm<\/td><td>4,7 l<\/td><td>90 kg<\/td><td>98&#215;35 cm<\/td><\/tr><\/tbody><\/table><\/figure>\n\n<p><strong>Papildapr\u012bkojums:<\/strong><\/p>\n\n<ul class=\"wp-block-list\">\n<li> piespied\u0113jl\u012bste darbam ar materi\u0101lu l\u012bdz 25 mm biezums<\/li>\n\n\n\n<li> ier\u012bce malu un slok\u0161\u0146u l\u012bm\u0113\u0161anai<\/li>\n\n\n\n<li> 500 modelim galds darbam ar gariem materi\u0101liem<\/li>\n\n\n\n<li> termostatiski kontrol\u0113ts , apsild\u0101ms l\u012bmes rezervu\u0101rs<\/li>\n\n\n\n<li> l\u012bmes velme un l\u012bmes rezervu\u0101rs no ner\u016bs\u0113jo\u0161\u0101 t\u0113rauda.<\/li>\n<\/ul>\n","protected":false},"template":"","categories":[38],"brand":[],"product_type":[],"class_list":["post-517","product","type-product","status-publish","hentry","category-post-press-and-finishing-equipment"],"acf":[],"yoast_head":"\n<title>Sumbel Herold - Paradowski<\/title>\n<meta name=\"robots\" content=\"index, follow, max-snippet:-1, max-image-preview:large, max-video-preview:-1\" \/>\n<link rel=\"canonical\" href=\"https:\/\/paradowski.net\/en\/product\/sumbel-herold\/\" \/>\n<meta property=\"og:locale\" content=\"en_US\" \/>\n<meta property=\"og:type\" content=\"article\" \/>\n<meta property=\"og:title\" content=\"Sumbel Herold - Paradowski\" \/>\n<meta property=\"og:description\" content=\"L\u012bm\u0113\u0161anas ma\u0161\u012bna mod. Herold paredz\u0113ta l\u012bmes uzkl\u0101\u0161anai uz lok\u0161\u0146veida materi\u0101liem. Operators ar roku padod loksnes, l\u012bme tiek uzkl\u0101ta ar velmju sist\u0113mu, kas nodro\u0161ina vienm\u0113r\u012bgu l\u012bmes kl\u0101jumu Tehniskie dati: Darba platums Maks.produkcijas platums L\u012bmes tilpums Svars Gabariti 500 mm 483 mm 2,8 l 60 kg 68&#215;35 cm 650 mm 636 mm 3,7 l 76 kg 83&#215;35 [&hellip;]\" \/>\n<meta property=\"og:url\" content=\"https:\/\/paradowski.net\/en\/product\/sumbel-herold\/\" \/>\n<meta property=\"og:site_name\" content=\"Paradowski\" \/>\n<meta property=\"article:modified_time\" content=\"2024-07-01T17:18:22+00:00\" \/>\n<meta property=\"og:image\" content=\"https:\/\/paradowski.net\/\/wp-content\/uploads\/2024\/07\/herold.webp\" \/>\n<meta name=\"twitter:card\" content=\"summary_large_image\" \/>\n<meta name=\"twitter:label1\" content=\"Est. reading time\" \/>\n\t<meta name=\"twitter:data1\" content=\"2 minutes\" \/>\n<script type=\"application\/ld+json\" class=\"yoast-schema-graph\">{\"@context\":\"https:\/\/schema.org\",\"@graph\":[{\"@type\":\"WebPage\",\"@id\":\"https:\/\/paradowski.net\/en\/product\/sumbel-herold\/\",\"url\":\"https:\/\/paradowski.net\/en\/product\/sumbel-herold\/\",\"name\":\"Sumbel Herold - Paradowski\",\"isPartOf\":{\"@id\":\"https:\/\/paradowski.net\/en\/#website\"},\"primaryImageOfPage\":{\"@id\":\"https:\/\/paradowski.net\/en\/product\/sumbel-herold\/#primaryimage\"},\"image\":{\"@id\":\"https:\/\/paradowski.net\/en\/product\/sumbel-herold\/#primaryimage\"},\"thumbnailUrl\":\"https:\/\/paradowski.net\/\/wp-content\/uploads\/2024\/07\/herold.webp\",\"datePublished\":\"2024-07-01T17:16:52+00:00\",\"dateModified\":\"2024-07-01T17:18:22+00:00\",\"breadcrumb\":{\"@id\":\"https:\/\/paradowski.net\/en\/product\/sumbel-herold\/#breadcrumb\"},\"inLanguage\":\"en-US\",\"potentialAction\":[{\"@type\":\"ReadAction\",\"target\":[\"https:\/\/paradowski.net\/en\/product\/sumbel-herold\/\"]}]},{\"@type\":\"ImageObject\",\"inLanguage\":\"en-US\",\"@id\":\"https:\/\/paradowski.net\/en\/product\/sumbel-herold\/#primaryimage\",\"url\":\"https:\/\/paradowski.net\/\/wp-content\/uploads\/2024\/07\/herold.webp\",\"contentUrl\":\"https:\/\/paradowski.net\/\/wp-content\/uploads\/2024\/07\/herold.webp\"},{\"@type\":\"BreadcrumbList\",\"@id\":\"https:\/\/paradowski.net\/en\/product\/sumbel-herold\/#breadcrumb\",\"itemListElement\":[{\"@type\":\"ListItem\",\"position\":1,\"name\":\"Home\",\"item\":\"https:\/\/paradowski.net\/en\/\"},{\"@type\":\"ListItem\",\"position\":2,\"name\":\"Sumbel Herold\"}]},{\"@type\":\"WebSite\",\"@id\":\"https:\/\/paradowski.net\/en\/#website\",\"url\":\"https:\/\/paradowski.net\/en\/\",\"name\":\"Paradowski\",\"description\":\"\",\"publisher\":{\"@id\":\"https:\/\/paradowski.net\/en\/#organization\"},\"potentialAction\":[{\"@type\":\"SearchAction\",\"target\":{\"@type\":\"EntryPoint\",\"urlTemplate\":\"https:\/\/paradowski.net\/en\/?s={search_term_string}\"},\"query-input\":{\"@type\":\"PropertyValueSpecification\",\"valueRequired\":true,\"valueName\":\"search_term_string\"}}],\"inLanguage\":\"en-US\"},{\"@type\":\"Organization\",\"@id\":\"https:\/\/paradowski.net\/en\/#organization\",\"name\":\"Paradowski\",\"url\":\"https:\/\/paradowski.net\/en\/\",\"logo\":{\"@type\":\"ImageObject\",\"inLanguage\":\"en-US\",\"@id\":\"https:\/\/paradowski.net\/en\/#\/schema\/logo\/image\/\",\"url\":\"https:\/\/paradowski.net\/wp-content\/uploads\/2024\/10\/logo-paradowski.svg\",\"contentUrl\":\"https:\/\/paradowski.net\/wp-content\/uploads\/2024\/10\/logo-paradowski.svg\",\"width\":264,\"height\":60,\"caption\":\"Paradowski\"},\"image\":{\"@id\":\"https:\/\/paradowski.net\/en\/#\/schema\/logo\/image\/\"}}]}<\/script>\n","yoast_head_json":{"title":"Sumbel Herold - Paradowski","robots":{"index":"index","follow":"follow","max-snippet":"max-snippet:-1","max-image-preview":"max-image-preview:large","max-video-preview":"max-video-preview:-1"},"canonical":"https:\/\/paradowski.net\/en\/product\/sumbel-herold\/","og_locale":"en_US","og_type":"article","og_title":"Sumbel Herold - Paradowski","og_description":"L\u012bm\u0113\u0161anas ma\u0161\u012bna mod. Herold paredz\u0113ta l\u012bmes uzkl\u0101\u0161anai uz lok\u0161\u0146veida materi\u0101liem. Operators ar roku padod loksnes, l\u012bme tiek uzkl\u0101ta ar velmju sist\u0113mu, kas nodro\u0161ina vienm\u0113r\u012bgu l\u012bmes kl\u0101jumu Tehniskie dati: Darba platums Maks.produkcijas platums L\u012bmes tilpums Svars Gabariti 500 mm 483 mm 2,8 l 60 kg 68&#215;35 cm 650 mm 636 mm 3,7 l 76 kg 83&#215;35 [&hellip;]","og_url":"https:\/\/paradowski.net\/en\/product\/sumbel-herold\/","og_site_name":"Paradowski","article_modified_time":"2024-07-01T17:18:22+00:00","og_image":[{"url":"https:\/\/paradowski.net\/\/wp-content\/uploads\/2024\/07\/herold.webp"}],"twitter_card":"summary_large_image","twitter_misc":{"Est. reading time":"2 minutes"},"schema":{"@context":"https:\/\/schema.org","@graph":[{"@type":"WebPage","@id":"https:\/\/paradowski.net\/en\/product\/sumbel-herold\/","url":"https:\/\/paradowski.net\/en\/product\/sumbel-herold\/","name":"Sumbel Herold - Paradowski","isPartOf":{"@id":"https:\/\/paradowski.net\/en\/#website"},"primaryImageOfPage":{"@id":"https:\/\/paradowski.net\/en\/product\/sumbel-herold\/#primaryimage"},"image":{"@id":"https:\/\/paradowski.net\/en\/product\/sumbel-herold\/#primaryimage"},"thumbnailUrl":"https:\/\/paradowski.net\/\/wp-content\/uploads\/2024\/07\/herold.webp","datePublished":"2024-07-01T17:16:52+00:00","dateModified":"2024-07-01T17:18:22+00:00","breadcrumb":{"@id":"https:\/\/paradowski.net\/en\/product\/sumbel-herold\/#breadcrumb"},"inLanguage":"en-US","potentialAction":[{"@type":"ReadAction","target":["https:\/\/paradowski.net\/en\/product\/sumbel-herold\/"]}]},{"@type":"ImageObject","inLanguage":"en-US","@id":"https:\/\/paradowski.net\/en\/product\/sumbel-herold\/#primaryimage","url":"https:\/\/paradowski.net\/\/wp-content\/uploads\/2024\/07\/herold.webp","contentUrl":"https:\/\/paradowski.net\/\/wp-content\/uploads\/2024\/07\/herold.webp"},{"@type":"BreadcrumbList","@id":"https:\/\/paradowski.net\/en\/product\/sumbel-herold\/#breadcrumb","itemListElement":[{"@type":"ListItem","position":1,"name":"Home","item":"https:\/\/paradowski.net\/en\/"},{"@type":"ListItem","position":2,"name":"Sumbel Herold"}]},{"@type":"WebSite","@id":"https:\/\/paradowski.net\/en\/#website","url":"https:\/\/paradowski.net\/en\/","name":"Paradowski","description":"","publisher":{"@id":"https:\/\/paradowski.net\/en\/#organization"},"potentialAction":[{"@type":"SearchAction","target":{"@type":"EntryPoint","urlTemplate":"https:\/\/paradowski.net\/en\/?s={search_term_string}"},"query-input":{"@type":"PropertyValueSpecification","valueRequired":true,"valueName":"search_term_string"}}],"inLanguage":"en-US"},{"@type":"Organization","@id":"https:\/\/paradowski.net\/en\/#organization","name":"Paradowski","url":"https:\/\/paradowski.net\/en\/","logo":{"@type":"ImageObject","inLanguage":"en-US","@id":"https:\/\/paradowski.net\/en\/#\/schema\/logo\/image\/","url":"https:\/\/paradowski.net\/wp-content\/uploads\/2024\/10\/logo-paradowski.svg","contentUrl":"https:\/\/paradowski.net\/wp-content\/uploads\/2024\/10\/logo-paradowski.svg","width":264,"height":60,"caption":"Paradowski"},"image":{"@id":"https:\/\/paradowski.net\/en\/#\/schema\/logo\/image\/"}}]}},"_links":{"self":[{"href":"https:\/\/paradowski.net\/en\/wp-json\/wp\/v2\/product\/517","targetHints":{"allow":["GET"]}}],"collection":[{"href":"https:\/\/paradowski.net\/en\/wp-json\/wp\/v2\/product"}],"about":[{"href":"https:\/\/paradowski.net\/en\/wp-json\/wp\/v2\/types\/product"}],"wp:attachment":[{"href":"https:\/\/paradowski.net\/en\/wp-json\/wp\/v2\/media?parent=517"}],"wp:term":[{"taxonomy":"category","embeddable":true,"href":"https:\/\/paradowski.net\/en\/wp-json\/wp\/v2\/categories?post=517"},{"taxonomy":"brand","embeddable":true,"href":"https:\/\/paradowski.net\/en\/wp-json\/wp\/v2\/brand?post=517"},{"taxonomy":"product_type","embeddable":true,"href":"https:\/\/paradowski.net\/en\/wp-json\/wp\/v2\/product_type?post=517"}],"curies":[{"name":"wp","href":"https:\/\/api.w.org\/{rel}","templated":true}]}}