{"id":169,"date":"2024-05-03T13:28:23","date_gmt":"2024-05-03T13:28:23","guid":{"rendered":"https:\/\/paradowski.net\/home\/"},"modified":"2024-05-28T13:22:37","modified_gmt":"2024-05-28T13:22:37","slug":"home","status":"publish","type":"page","link":"https:\/\/paradowski.net\/lv\/","title":{"rendered":"Home"},"content":{"rendered":"<section class=\"ps-section ps-home-hero\">\n    <div class=\"ps-content\">\n        <div class=\"slider-container\" data-slider-container>\n                            <div class=\"single-slide active\">\n                    <h1 class=\"block-title\">30 gadi poligr\u0101fijas iek\u0101rtu tirg\u016b<\/h1>\n                    <div class=\"block-description\"><p>M\u0113s pal\u012bdz\u0113sim izdar\u012bt pareizo iek\u0101rtas izv\u0113li, veikt t\u0101s inspekciju, demont\u0101\u017eu, ja nepiecie\u0161ams &#8211; remontu, papildapr\u012bko\u0161anu, pieg\u0101di un mont\u0101\u017eu.<\/p>\n<\/div>\n                <\/div>\n                    <\/div>\n    <\/div>\n    <div class=\"background-container\"><img decoding=\"async\" src=\"https:\/\/paradowski.net\/wp-content\/themes\/paradowski\/images\/home-hero-bg.svg\" alt=\"\" \/><\/div>\n<\/section>\n<section class=\"ps-section ps-product-catalog\">\n    <div class=\"ps-content\">\n        <h4 class=\"section-title\">PRODUKTU KATALOGS<\/h4>\n        <div class=\"inner-container\">\n                                        <a href=\"https:\/\/paradowski.net\/lv\/category\/jaunas-iekartas\/\"\n                   class=\"single-category\">\n                    <div class=\"category-title\">Jaunas iek\u0101rtas<\/div>\n                    <div class=\"category-description\"><\/div>\n                    <div class=\"background main\"><\/div>\n                    <div class=\"background hover\"><\/div>\n                <\/a>\n                            <a href=\"https:\/\/paradowski.net\/lv\/category\/lietotas-iekartas\/\"\n                   class=\"single-category\">\n                    <div class=\"category-title\">Lietotas iek\u0101rtas<\/div>\n                    <div class=\"category-description\"><\/div>\n                    <div class=\"background main\"><\/div>\n                    <div class=\"background hover\"><\/div>\n                <\/a>\n                            <a href=\"https:\/\/paradowski.net\/lv\/category\/materiali\/\"\n                   class=\"single-category\">\n                    <div class=\"category-title\">Materi\u0101li<\/div>\n                    <div class=\"category-description\"><\/div>\n                    <div class=\"background main\"><\/div>\n                    <div class=\"background hover\"><\/div>\n                <\/a>\n                            <a href=\"https:\/\/paradowski.net\/lv\/category\/rezerves-dalas\/\"\n                   class=\"single-category\">\n                    <div class=\"category-title\">Rezerves da\u013cas<\/div>\n                    <div class=\"category-description\"><\/div>\n                    <div class=\"background main\"><\/div>\n                    <div class=\"background hover\"><\/div>\n                <\/a>\n                    <\/div>\n    <\/div>\n<\/section>\n<section class=\"ps-section ps-presented-products\">\n    <div class=\"ps-content\">\n        <h4 class=\"section-title\">Pied\u0101v\u0101tie produkti<\/h4>\n        <div class=\"inner-container\">\n                            <a href=\"https:\/\/paradowski.net\/lv\/product\/busch-baribas-bander-zfb-32-75\/\"\n   class=\"product-card\"\n   data-brand=\"Array\"\n   data-type=\"Array\"\n   data-product-card>\n    <div class=\"featured-image-container\">\n        <img loading=\"lazy\" decoding=\"async\" src=\"data:image\/jpeg;base64,\/9j\/4AAQSkZJRgABAQEAYABgAAD\/\/gA7Q1JFQVRPUjogZ2QtanBlZyB2MS4wICh1c2luZyBJSkcgSlBFRyB2ODApLCBxdWFsaXR5ID0gNTAK\/9sAQwAQCwwODAoQDg0OEhEQExgoGhgWFhgxIyUdKDozPTw5Mzg3QEhcTkBEV0U3OFBtUVdfYmdoZz5NcXlwZHhcZWdj\/9sAQwEREhIYFRgvGhovY0I4QmNjY2NjY2NjY2NjY2NjY2NjY2NjY2NjY2NjY2NjY2NjY2NjY2NjY2NjY2NjY2NjY2Nj\/8AAEQgANQBQAwEiAAIRAQMRAf\/EAB8AAAEFAQEBAQEBAAAAAAAAAAABAgMEBQYHCAkKC\/\/EALUQAAIBAwMCBAMFBQQEAAABfQECAwAEEQUSITFBBhNRYQcicRQygZGhCCNCscEVUtHwJDNicoIJChYXGBkaJSYnKCkqNDU2Nzg5OkNERUZHSElKU1RVVldYWVpjZGVmZ2hpanN0dXZ3eHl6g4SFhoeIiYqSk5SVlpeYmZqio6Slpqeoqaqys7S1tre4ubrCw8TFxsfIycrS09TV1tfY2drh4uPk5ebn6Onq8fLz9PX29\/j5+v\/EAB8BAAMBAQEBAQEBAQEAAAAAAAABAgMEBQYHCAkKC\/\/EALURAAIBAgQEAwQHBQQEAAECdwABAgMRBAUhMQYSQVEHYXETIjKBCBRCkaGxwQkjM1LwFWJy0QoWJDThJfEXGBkaJicoKSo1Njc4OTpDREVGR0hJSlNUVVZXWFlaY2RlZmdoaWpzdHV2d3h5eoKDhIWGh4iJipKTlJWWl5iZmqKjpKWmp6ipqrKztLW2t7i5usLDxMXGx8jJytLT1NXW19jZ2uLj5OXm5+jp6vLz9PX29\/j5+v\/aAAwDAQACEQMRAD8A6BriA52yIR9aqyvKbuI2jj5GDSf7prjZr26kUqLmY+2wD+Vbtjeh7CINKAWTaVL9OT29aAOy0y9F7E+cB42KkBgc+\/FJqlzJawo8bbeTnjPaua0eN7C+a4iukaOTlkweKWfW7jUNVuNNkiHlxgPG8S5boOuT70MNTVtNUu7nd5cZOw4O9QP61aS6v+d0UPtyaZY24trdUByepPqas0hoEurjHzwx59pD\/hU8U3mHBXafrmq5p8P+sWgC3RRRTEeSqglYiKNmAPBCsc1etdPmZwzJIkYGNuBWraRDuK1IkVR2oSEcpLbPZ3BcyloWA+T7uev8uKZ4aJGuzZkKu0bAE9uhralhS4ZreVTjkK46qRWfpWmXNnr0ckiq8TbhuX\/dPUfhQwTO1g3GJBkE7Rk0kkyRrl5QB\/sinW4+QY9B\/Wufjv3vCUwYWyQN4yGH4UrN7FadTSXVbeW4MKCV3GMk8DnP+FadqB574GMcf5\/OuasrKS3vftT3CSpIwBwpUKB7ng\/SulsmR5JHRgwPcfh\/hVOLW5Ckm9C5RRRSKMK20ORQPNkVfYc1oxadDGOSzfpVyii4WOJv5Vg1q5hVCmHzjOeCBz\/P86lsrhZZkZTkZIPsa0fEWkxysuoRq2+PHmgE\/Mnt9K5Syu1guiEA3Bs4z94etITOyhuGWYJwVKE\/r\/8AXrH1W1cKxtsqeSVxkVOt\/Gs0bAFsIQQB0JPSorm+eUuGxEAucdfXjj6Ui0YsevyWDGG6gM7IRww2kd+c\/wCeK27TWINUgVbeVvOXP7pm2FfoAR+ea5vXbUid5YVDRKQrbVxsbrz\/AI1jBWVw0ZYMCMFeDn2q1OxnKFz0yG8vLGNVeeK6OcCEtmT8COv4j8av2ur2txJ5LsYJ84MU3ytn27H8K8603xPe2YZJMTo3LMT8wB966Cwm0nVIsvLuUHPkEc1ooxlqYucoNK1ztaKKKyOgQjIwa4TVNPt7HW5BGgIZTtB\/hyM8UUUnsCIxP5SjCjLMM\/masXEgl00XJUAzYUAdsfzooprYHubWnSLJHlokPlsUORndniuRvdOil03+0kCxFp2jMSD5R7jniiilLYcXqYskShXIAyg3AEcZ+n4VA2YGhZGIkdQwfPIB4x+lFFEXoEkj\/9k=\" class=\"featured-image\" width=\"300\" height=\"200\" data-async-image=\"https:\/\/paradowski.net\/wp-content\/uploads\/2024\/07\/ZFB32-75.02.jpg\" data-async-image-mode=\"image\" data-async-image-priority=\"defer-offscreen\" \/>\n    <\/div>\n    <div class=\"description-wrapper\">\n        <div class=\"product-name\">Busch ZFB 32\/75<\/div>\n        <div class=\"product-description\">Autom\u0101tiska kr\u016bmu pl\u016bsmas paku mod. ZFB 32\/75-autom\u0101tiskai pres\u0113\u0161anai. \u0160\u012b ma\u0161\u012bna \u013cauj \u0101tri velm\u0113t p\u0101rtiku vai p\u0101rtikas \u0137\u012bpas.<\/div>\n    <\/div>\n<\/a>\n                            <a href=\"https:\/\/paradowski.net\/lv\/product\/benford-eco-uv\/\"\n   class=\"product-card\"\n   data-brand=\"Array\"\n   data-type=\"Array\"\n   data-product-card>\n    <div class=\"featured-image-container\">\n        <img loading=\"lazy\" decoding=\"async\" src=\"data:image\/jpeg;base64,\/9j\/4AAQSkZJRgABAQEAYABgAAD\/4QA6RXhpZgAATU0AKgAAAAgAA1EQAAEAAAABAQAAAFERAAQAAAABAAAAAFESAAQAAAABAAAAAAAAAAD\/2wBDABALDA4MChAODQ4SERATGCgaGBYWGDEjJR0oOjM9PDkzODdASFxOQERXRTc4UG1RV19iZ2hnPk1xeXBkeFxlZ2P\/2wBDARESEhgVGC8aGi9jQjhCY2NjY2NjY2NjY2NjY2NjY2NjY2NjY2NjY2NjY2NjY2NjY2NjY2NjY2NjY2NjY2NjY2P\/wAARCABHAFADASIAAhEBAxEB\/8QAGgAAAgMBAQAAAAAAAAAAAAAABAUAAwYCAf\/EADIQAAIBAwMCBAQFBAMAAAAAAAECAwAEERIhMQVBEyJRcRQy0eEGI0JhgVJTYvBykaH\/xAAZAQADAQEBAAAAAAAAAAAAAAABAgMEAAX\/xAAhEQADAAEEAwADAAAAAAAAAAAAAQIRAxIhMQQiQRMyUf\/aAAwDAQACEQMRAD8AyqOimNV2C8nB2+tGIQW1xnxSDvhTge9MOm\/hljpkvGMY50A7n3Panqy2FnF4aPEijkCht\/g9VgzkAIdkCjS2eVJxRkdqp051EAYwTtTONbC+ybdxqHOnb\/yuZbOaJGMQEhxsODQxjsG5tcCrqUvhKsSDdqCjwBpJI\/aub6z6nJdGXwyNsAZG1VwQ3qyBp1KoNmY74q0WpRK5bNf+Fhm3uH1ackAHNW3KNcaluZAYweM80jju5beHw7RVLHzFgdWff0pbLcSu58dnzncGp08vI8rCNHPcWEVsY1ETL\/b5z\/FJru26fcFhBbsjA4yrbf8AVCRTxsxDoHznc7FfaojNgaJSDyVbiuQS1G6p1yVzFOBEhwcHSufahTazQ3fw05IHrnmmnQ2S0vliRfDjnXDLnOHH1FFdZgX42GVQC2MetcqaY21P1ZVBbyQtGbZjGG2P+VaCPOgZ5pfYqD5sA6RjNEtOT+VDuw5PYULeew7Jn9Ti\/vYbVMMokkPypSA6mlLi2jBfdiM5\/j0p78CiEySjU55z3qtimsgx4APYUk1u6Rl\/PNViWJlgugD+WgiXBJzwPc1bKkBAeVcxsMeVDgfz9qeKFK+XBFCz9Pt5WDMpHqAcA+4p8FVRnXtNSs0SlkzgBTq+9RLe4JVTC++wIFaeBbZJBobwSMgKuAD70ZFawpIZNhkZOfrXBTyZfqCKwDQOAecoflI439a6eVfDiOtncR7s2ck5+1BETyziKIM7McKtO4OnR9PgWW7xJcY8qjt\/vrVLW3ki9bjb9ZxFM6xFUXw9W7Enf7U66dAEiBpVbxiQ+I5BPOBwKN+N+GXY7elQvNzgr7TDX0LuiDtQZA71wt\/FcMdLYb0NRmrROntgxaUOOzwrpOpTvVL3TDysAT6j6V074FBzuG5oKcl3WAa7nJ71LbqEyqYzcDQdtLHihLyTAGO\/FKWEkTnOSDvmubO04b9mb7pkMNla+P4YMkhxt\/vFBTSGS8kWf587ehH7UwupTDHGgHkA3oWW1+LUeYhhujjtWWtXOo2+jVoeNt09z7fJw7iNcrsRSi4nlXOttaf1dx7\/AFo5jJG5t7pdMnY9mHqKp+HOvbiqzzyKwWCJmkBB9iKcIHCZJyaGggW3Ylc6T+nsPar5Z1SPIp8sVpMqllG9A3E2BtzXUr6QzkZdu1Bs2WGrO\/JA4q7rbOPpGJVPPwGbLy6cgFu57UQenTsuYXjm76V2oK81I6yrxjBr22vGDAg49qgaDct+bJvxViRiAbfKe3pUqVgpZpIj5mvenp4lgvUlSdNEg\/4sOQaVxStDJ4Uxyf0sO9SpXq7JWkmifjP1CJDkY7UDJJmQtjOnYDNSpU4+svSysAV3Lh0ByNR59KvhgtLldAMkb9myTUqV3bG6XALJG0cjwS4Yjv2IoQ2YDZjbA9KlSgE\/\/9k=\" class=\"featured-image\" width=\"500\" height=\"441\" data-async-image=\"https:\/\/paradowski.net\/wp-content\/uploads\/2024\/05\/BenfordUV-904x1000-1-500x0-c-default.jpg\" data-async-image-mode=\"image\" data-async-image-priority=\"defer-offscreen\" \/>\n    <\/div>\n    <div class=\"description-wrapper\">\n        <div class=\"product-name\">Benford ECO-UV<\/div>\n        <div class=\"product-description\">Benford ECO-UV &#8211; it is energy efficient, retrofittable UV curing system<\/div>\n    <\/div>\n<\/a>\n                    <\/div>\n    <\/div>\n<\/section>\n","protected":false},"excerpt":{"rendered":"","protected":false},"author":1,"featured_media":0,"parent":0,"menu_order":0,"comment_status":"closed","ping_status":"closed","template":"","meta":{"_acf_changed":true,"footnotes":""},"class_list":["post-169","page","type-page","status-publish","hentry"],"acf":[],"yoast_head":"\n<title>Home - Paradowski<\/title>\n<meta name=\"robots\" content=\"index, follow, max-snippet:-1, max-image-preview:large, max-video-preview:-1\" \/>\n<link rel=\"canonical\" href=\"https:\/\/paradowski.net\/lv\/\" \/>\n<meta property=\"og:locale\" content=\"lv_LV\" \/>\n<meta property=\"og:type\" content=\"article\" \/>\n<meta property=\"og:title\" content=\"Home - Paradowski\" \/>\n<meta property=\"og:url\" content=\"https:\/\/paradowski.net\/lv\/\" \/>\n<meta property=\"og:site_name\" content=\"Paradowski\" \/>\n<meta property=\"article:modified_time\" content=\"2024-05-28T13:22:37+00:00\" \/>\n<meta property=\"og:image\" content=\"https:\/\/paradowski.net\/wp-content\/uploads\/2024\/10\/logotype.png\" \/>\n\t<meta property=\"og:image:width\" content=\"2400\" \/>\n\t<meta property=\"og:image:height\" content=\"1350\" \/>\n\t<meta property=\"og:image:type\" content=\"image\/png\" \/>\n<meta name=\"twitter:card\" content=\"summary_large_image\" \/>\n<script type=\"application\/ld+json\" class=\"yoast-schema-graph\">{\"@context\":\"https:\/\/schema.org\",\"@graph\":[{\"@type\":\"WebPage\",\"@id\":\"https:\/\/paradowski.net\/lv\/\",\"url\":\"https:\/\/paradowski.net\/lv\/\",\"name\":\"Home - Paradowski\",\"isPartOf\":{\"@id\":\"https:\/\/paradowski.net\/lv\/#website\"},\"datePublished\":\"2024-05-03T13:28:23+00:00\",\"dateModified\":\"2024-05-28T13:22:37+00:00\",\"breadcrumb\":{\"@id\":\"https:\/\/paradowski.net\/lv\/#breadcrumb\"},\"inLanguage\":\"lv-LV\",\"potentialAction\":[{\"@type\":\"ReadAction\",\"target\":[\"https:\/\/paradowski.net\/lv\/\"]}]},{\"@type\":\"BreadcrumbList\",\"@id\":\"https:\/\/paradowski.net\/lv\/#breadcrumb\",\"itemListElement\":[{\"@type\":\"ListItem\",\"position\":1,\"name\":\"Home\",\"item\":\"https:\/\/paradowski.net\/lv\/\"},{\"@type\":\"ListItem\",\"position\":2,\"name\":\"Home\"}]},{\"@type\":\"WebSite\",\"@id\":\"https:\/\/paradowski.net\/lv\/#website\",\"url\":\"https:\/\/paradowski.net\/lv\/\",\"name\":\"Paradowski\",\"description\":\"\",\"publisher\":{\"@id\":\"https:\/\/paradowski.net\/lv\/#organization\"},\"potentialAction\":[{\"@type\":\"SearchAction\",\"target\":{\"@type\":\"EntryPoint\",\"urlTemplate\":\"https:\/\/paradowski.net\/lv\/?s={search_term_string}\"},\"query-input\":{\"@type\":\"PropertyValueSpecification\",\"valueRequired\":true,\"valueName\":\"search_term_string\"}}],\"inLanguage\":\"lv-LV\"},{\"@type\":\"Organization\",\"@id\":\"https:\/\/paradowski.net\/lv\/#organization\",\"name\":\"Paradowski\",\"url\":\"https:\/\/paradowski.net\/lv\/\",\"logo\":{\"@type\":\"ImageObject\",\"inLanguage\":\"lv-LV\",\"@id\":\"https:\/\/paradowski.net\/lv\/#\/schema\/logo\/image\/\",\"url\":\"https:\/\/paradowski.net\/wp-content\/uploads\/2024\/10\/logo-paradowski.svg\",\"contentUrl\":\"https:\/\/paradowski.net\/wp-content\/uploads\/2024\/10\/logo-paradowski.svg\",\"width\":264,\"height\":60,\"caption\":\"Paradowski\"},\"image\":{\"@id\":\"https:\/\/paradowski.net\/lv\/#\/schema\/logo\/image\/\"}}]}<\/script>\n","yoast_head_json":{"title":"Home - Paradowski","robots":{"index":"index","follow":"follow","max-snippet":"max-snippet:-1","max-image-preview":"max-image-preview:large","max-video-preview":"max-video-preview:-1"},"canonical":"https:\/\/paradowski.net\/lv\/","og_locale":"lv_LV","og_type":"article","og_title":"Home - Paradowski","og_url":"https:\/\/paradowski.net\/lv\/","og_site_name":"Paradowski","article_modified_time":"2024-05-28T13:22:37+00:00","og_image":[{"width":2400,"height":1350,"url":"https:\/\/paradowski.net\/wp-content\/uploads\/2024\/10\/logotype.png","type":"image\/png"}],"twitter_card":"summary_large_image","schema":{"@context":"https:\/\/schema.org","@graph":[{"@type":"WebPage","@id":"https:\/\/paradowski.net\/lv\/","url":"https:\/\/paradowski.net\/lv\/","name":"Home - Paradowski","isPartOf":{"@id":"https:\/\/paradowski.net\/lv\/#website"},"datePublished":"2024-05-03T13:28:23+00:00","dateModified":"2024-05-28T13:22:37+00:00","breadcrumb":{"@id":"https:\/\/paradowski.net\/lv\/#breadcrumb"},"inLanguage":"lv-LV","potentialAction":[{"@type":"ReadAction","target":["https:\/\/paradowski.net\/lv\/"]}]},{"@type":"BreadcrumbList","@id":"https:\/\/paradowski.net\/lv\/#breadcrumb","itemListElement":[{"@type":"ListItem","position":1,"name":"Home","item":"https:\/\/paradowski.net\/lv\/"},{"@type":"ListItem","position":2,"name":"Home"}]},{"@type":"WebSite","@id":"https:\/\/paradowski.net\/lv\/#website","url":"https:\/\/paradowski.net\/lv\/","name":"Paradowski","description":"","publisher":{"@id":"https:\/\/paradowski.net\/lv\/#organization"},"potentialAction":[{"@type":"SearchAction","target":{"@type":"EntryPoint","urlTemplate":"https:\/\/paradowski.net\/lv\/?s={search_term_string}"},"query-input":{"@type":"PropertyValueSpecification","valueRequired":true,"valueName":"search_term_string"}}],"inLanguage":"lv-LV"},{"@type":"Organization","@id":"https:\/\/paradowski.net\/lv\/#organization","name":"Paradowski","url":"https:\/\/paradowski.net\/lv\/","logo":{"@type":"ImageObject","inLanguage":"lv-LV","@id":"https:\/\/paradowski.net\/lv\/#\/schema\/logo\/image\/","url":"https:\/\/paradowski.net\/wp-content\/uploads\/2024\/10\/logo-paradowski.svg","contentUrl":"https:\/\/paradowski.net\/wp-content\/uploads\/2024\/10\/logo-paradowski.svg","width":264,"height":60,"caption":"Paradowski"},"image":{"@id":"https:\/\/paradowski.net\/lv\/#\/schema\/logo\/image\/"}}]}},"_links":{"self":[{"href":"https:\/\/paradowski.net\/lv\/wp-json\/wp\/v2\/pages\/169","targetHints":{"allow":["GET"]}}],"collection":[{"href":"https:\/\/paradowski.net\/lv\/wp-json\/wp\/v2\/pages"}],"about":[{"href":"https:\/\/paradowski.net\/lv\/wp-json\/wp\/v2\/types\/page"}],"author":[{"embeddable":true,"href":"https:\/\/paradowski.net\/lv\/wp-json\/wp\/v2\/users\/1"}],"replies":[{"embeddable":true,"href":"https:\/\/paradowski.net\/lv\/wp-json\/wp\/v2\/comments?post=169"}],"version-history":[{"count":0,"href":"https:\/\/paradowski.net\/lv\/wp-json\/wp\/v2\/pages\/169\/revisions"}],"wp:attachment":[{"href":"https:\/\/paradowski.net\/lv\/wp-json\/wp\/v2\/media?parent=169"}],"curies":[{"name":"wp","href":"https:\/\/api.w.org\/{rel}","templated":true}]}}