{"id":176,"date":"2024-05-08T11:46:27","date_gmt":"2024-05-08T11:46:27","guid":{"rendered":"https:\/\/paradowski.net\/piegades-informacija\/"},"modified":"2024-05-10T11:13:48","modified_gmt":"2024-05-10T11:13:48","slug":"piegades-informacija","status":"publish","type":"page","link":"https:\/\/paradowski.net\/lv\/piegades-informacija\/","title":{"rendered":"Pieg\u0101des Inform\u0101cija"},"content":{"rendered":"\n<p>M\u0113s nodro\u0161in\u0101m \u0101tru un efekt\u012bvu lo\u0123istiku vis\u0101s jom\u0101s. P\u0113c piepras\u012bjuma m\u0113s varam organiz\u0113t visu veidu pasaules p\u0101rvad\u0101jumus pa autoce\u013ciem, gaisu vai j\u016bru un piln\u012bb\u0101 kontrol\u0113t lo\u0123istiku ar m\u016bsu kvalific\u0113tu person\u012bgo. M\u0113s str\u0101d\u0101jam ar slaveniem un uzticamiem transporta uz\u0146\u0113mumiem, kuri zina visekonomisk\u0101kos mar\u0161rutus un nodro\u0161ina pieg\u0101di laik\u0101. Run\u0101jot par noliktavu, p\u0101rvad\u0101\u0161anu un p\u0101rbaudi, k\u0101 ar\u012b visu nepiecie\u0161amo dokument\u0101ciju, SIA Paradowski Graphische Maschinen pied\u0101v\u0101tie pakalpojumi vienm\u0113r ir soli priek\u0161\u0101 nozares pras\u012bgaj\u0101m pras\u012bb\u0101m.<\/p>\n\n<p>Laba lo\u0123istika nenotiek nejau\u0161i: tie ir komandas darba un pieredzes rezult\u0101ts.<\/p>\n","protected":false},"excerpt":{"rendered":"<p>M\u0113s nodro\u0161in\u0101m \u0101tru un efekt\u012bvu lo\u0123istiku vis\u0101s jom\u0101s. P\u0113c piepras\u012bjuma m\u0113s varam organiz\u0113t visu veidu pasaules p\u0101rvad\u0101jumus pa autoce\u013ciem, gaisu vai j\u016bru un piln\u012bb\u0101 kontrol\u0113t lo\u0123istiku ar m\u016bsu kvalific\u0113tu person\u012bgo. M\u0113s str\u0101d\u0101jam ar slaveniem un uzticamiem transporta uz\u0146\u0113mumiem, kuri zina visekonomisk\u0101kos mar\u0161rutus un nodro\u0161ina pieg\u0101di laik\u0101. Run\u0101jot par noliktavu, p\u0101rvad\u0101\u0161anu un p\u0101rbaudi, k\u0101 ar\u012b visu [&hellip;]<\/p>\n","protected":false},"author":1,"featured_media":0,"parent":0,"menu_order":0,"comment_status":"closed","ping_status":"closed","template":"content-page.php","meta":{"_acf_changed":false,"footnotes":""},"class_list":["post-176","page","type-page","status-publish","hentry"],"acf":[],"yoast_head":"\n<title>Pieg\u0101des Inform\u0101cija - Paradowski<\/title>\n<meta name=\"robots\" content=\"index, follow, max-snippet:-1, max-image-preview:large, max-video-preview:-1\" \/>\n<link rel=\"canonical\" href=\"https:\/\/paradowski.net\/lv\/piegades-informacija\/\" \/>\n<meta property=\"og:locale\" content=\"lv_LV\" \/>\n<meta property=\"og:type\" content=\"article\" \/>\n<meta property=\"og:title\" content=\"Pieg\u0101des Inform\u0101cija - Paradowski\" \/>\n<meta property=\"og:description\" content=\"M\u0113s nodro\u0161in\u0101m \u0101tru un efekt\u012bvu lo\u0123istiku vis\u0101s jom\u0101s. P\u0113c piepras\u012bjuma m\u0113s varam organiz\u0113t visu veidu pasaules p\u0101rvad\u0101jumus pa autoce\u013ciem, gaisu vai j\u016bru un piln\u012bb\u0101 kontrol\u0113t lo\u0123istiku ar m\u016bsu kvalific\u0113tu person\u012bgo. M\u0113s str\u0101d\u0101jam ar slaveniem un uzticamiem transporta uz\u0146\u0113mumiem, kuri zina visekonomisk\u0101kos mar\u0161rutus un nodro\u0161ina pieg\u0101di laik\u0101. Run\u0101jot par noliktavu, p\u0101rvad\u0101\u0161anu un p\u0101rbaudi, k\u0101 ar\u012b visu [&hellip;]\" \/>\n<meta property=\"og:url\" content=\"https:\/\/paradowski.net\/lv\/piegades-informacija\/\" \/>\n<meta property=\"og:site_name\" content=\"Paradowski\" \/>\n<meta property=\"article:modified_time\" content=\"2024-05-10T11:13:48+00:00\" \/>\n<meta property=\"og:image\" content=\"https:\/\/paradowski.net\/wp-content\/uploads\/2024\/10\/logotype.png\" \/>\n\t<meta property=\"og:image:width\" content=\"2400\" \/>\n\t<meta property=\"og:image:height\" content=\"1350\" \/>\n\t<meta property=\"og:image:type\" content=\"image\/png\" \/>\n<meta name=\"twitter:card\" content=\"summary_large_image\" \/>\n<meta name=\"twitter:label1\" content=\"Est. reading time\" \/>\n\t<meta name=\"twitter:data1\" content=\"1 minute\" \/>\n<script type=\"application\/ld+json\" class=\"yoast-schema-graph\">{\"@context\":\"https:\/\/schema.org\",\"@graph\":[{\"@type\":\"WebPage\",\"@id\":\"https:\/\/paradowski.net\/lv\/piegades-informacija\/\",\"url\":\"https:\/\/paradowski.net\/lv\/piegades-informacija\/\",\"name\":\"Pieg\u0101des Inform\u0101cija - Paradowski\",\"isPartOf\":{\"@id\":\"https:\/\/paradowski.net\/lv\/#website\"},\"datePublished\":\"2024-05-08T11:46:27+00:00\",\"dateModified\":\"2024-05-10T11:13:48+00:00\",\"breadcrumb\":{\"@id\":\"https:\/\/paradowski.net\/lv\/piegades-informacija\/#breadcrumb\"},\"inLanguage\":\"lv-LV\",\"potentialAction\":[{\"@type\":\"ReadAction\",\"target\":[\"https:\/\/paradowski.net\/lv\/piegades-informacija\/\"]}]},{\"@type\":\"BreadcrumbList\",\"@id\":\"https:\/\/paradowski.net\/lv\/piegades-informacija\/#breadcrumb\",\"itemListElement\":[{\"@type\":\"ListItem\",\"position\":1,\"name\":\"Home\",\"item\":\"https:\/\/paradowski.net\/lv\/\"},{\"@type\":\"ListItem\",\"position\":2,\"name\":\"Pieg\u0101des Inform\u0101cija\"}]},{\"@type\":\"WebSite\",\"@id\":\"https:\/\/paradowski.net\/lv\/#website\",\"url\":\"https:\/\/paradowski.net\/lv\/\",\"name\":\"Paradowski\",\"description\":\"\",\"publisher\":{\"@id\":\"https:\/\/paradowski.net\/lv\/#organization\"},\"potentialAction\":[{\"@type\":\"SearchAction\",\"target\":{\"@type\":\"EntryPoint\",\"urlTemplate\":\"https:\/\/paradowski.net\/lv\/?s={search_term_string}\"},\"query-input\":{\"@type\":\"PropertyValueSpecification\",\"valueRequired\":true,\"valueName\":\"search_term_string\"}}],\"inLanguage\":\"lv-LV\"},{\"@type\":\"Organization\",\"@id\":\"https:\/\/paradowski.net\/lv\/#organization\",\"name\":\"Paradowski\",\"url\":\"https:\/\/paradowski.net\/lv\/\",\"logo\":{\"@type\":\"ImageObject\",\"inLanguage\":\"lv-LV\",\"@id\":\"https:\/\/paradowski.net\/lv\/#\/schema\/logo\/image\/\",\"url\":\"https:\/\/paradowski.net\/wp-content\/uploads\/2024\/10\/logo-paradowski.svg\",\"contentUrl\":\"https:\/\/paradowski.net\/wp-content\/uploads\/2024\/10\/logo-paradowski.svg\",\"width\":264,\"height\":60,\"caption\":\"Paradowski\"},\"image\":{\"@id\":\"https:\/\/paradowski.net\/lv\/#\/schema\/logo\/image\/\"}}]}<\/script>\n","yoast_head_json":{"title":"Pieg\u0101des Inform\u0101cija - Paradowski","robots":{"index":"index","follow":"follow","max-snippet":"max-snippet:-1","max-image-preview":"max-image-preview:large","max-video-preview":"max-video-preview:-1"},"canonical":"https:\/\/paradowski.net\/lv\/piegades-informacija\/","og_locale":"lv_LV","og_type":"article","og_title":"Pieg\u0101des Inform\u0101cija - Paradowski","og_description":"M\u0113s nodro\u0161in\u0101m \u0101tru un efekt\u012bvu lo\u0123istiku vis\u0101s jom\u0101s. P\u0113c piepras\u012bjuma m\u0113s varam organiz\u0113t visu veidu pasaules p\u0101rvad\u0101jumus pa autoce\u013ciem, gaisu vai j\u016bru un piln\u012bb\u0101 kontrol\u0113t lo\u0123istiku ar m\u016bsu kvalific\u0113tu person\u012bgo. M\u0113s str\u0101d\u0101jam ar slaveniem un uzticamiem transporta uz\u0146\u0113mumiem, kuri zina visekonomisk\u0101kos mar\u0161rutus un nodro\u0161ina pieg\u0101di laik\u0101. Run\u0101jot par noliktavu, p\u0101rvad\u0101\u0161anu un p\u0101rbaudi, k\u0101 ar\u012b visu [&hellip;]","og_url":"https:\/\/paradowski.net\/lv\/piegades-informacija\/","og_site_name":"Paradowski","article_modified_time":"2024-05-10T11:13:48+00:00","og_image":[{"width":2400,"height":1350,"url":"https:\/\/paradowski.net\/wp-content\/uploads\/2024\/10\/logotype.png","type":"image\/png"}],"twitter_card":"summary_large_image","twitter_misc":{"Est. reading time":"1 minute"},"schema":{"@context":"https:\/\/schema.org","@graph":[{"@type":"WebPage","@id":"https:\/\/paradowski.net\/lv\/piegades-informacija\/","url":"https:\/\/paradowski.net\/lv\/piegades-informacija\/","name":"Pieg\u0101des Inform\u0101cija - Paradowski","isPartOf":{"@id":"https:\/\/paradowski.net\/lv\/#website"},"datePublished":"2024-05-08T11:46:27+00:00","dateModified":"2024-05-10T11:13:48+00:00","breadcrumb":{"@id":"https:\/\/paradowski.net\/lv\/piegades-informacija\/#breadcrumb"},"inLanguage":"lv-LV","potentialAction":[{"@type":"ReadAction","target":["https:\/\/paradowski.net\/lv\/piegades-informacija\/"]}]},{"@type":"BreadcrumbList","@id":"https:\/\/paradowski.net\/lv\/piegades-informacija\/#breadcrumb","itemListElement":[{"@type":"ListItem","position":1,"name":"Home","item":"https:\/\/paradowski.net\/lv\/"},{"@type":"ListItem","position":2,"name":"Pieg\u0101des Inform\u0101cija"}]},{"@type":"WebSite","@id":"https:\/\/paradowski.net\/lv\/#website","url":"https:\/\/paradowski.net\/lv\/","name":"Paradowski","description":"","publisher":{"@id":"https:\/\/paradowski.net\/lv\/#organization"},"potentialAction":[{"@type":"SearchAction","target":{"@type":"EntryPoint","urlTemplate":"https:\/\/paradowski.net\/lv\/?s={search_term_string}"},"query-input":{"@type":"PropertyValueSpecification","valueRequired":true,"valueName":"search_term_string"}}],"inLanguage":"lv-LV"},{"@type":"Organization","@id":"https:\/\/paradowski.net\/lv\/#organization","name":"Paradowski","url":"https:\/\/paradowski.net\/lv\/","logo":{"@type":"ImageObject","inLanguage":"lv-LV","@id":"https:\/\/paradowski.net\/lv\/#\/schema\/logo\/image\/","url":"https:\/\/paradowski.net\/wp-content\/uploads\/2024\/10\/logo-paradowski.svg","contentUrl":"https:\/\/paradowski.net\/wp-content\/uploads\/2024\/10\/logo-paradowski.svg","width":264,"height":60,"caption":"Paradowski"},"image":{"@id":"https:\/\/paradowski.net\/lv\/#\/schema\/logo\/image\/"}}]}},"_links":{"self":[{"href":"https:\/\/paradowski.net\/lv\/wp-json\/wp\/v2\/pages\/176","targetHints":{"allow":["GET"]}}],"collection":[{"href":"https:\/\/paradowski.net\/lv\/wp-json\/wp\/v2\/pages"}],"about":[{"href":"https:\/\/paradowski.net\/lv\/wp-json\/wp\/v2\/types\/page"}],"author":[{"embeddable":true,"href":"https:\/\/paradowski.net\/lv\/wp-json\/wp\/v2\/users\/1"}],"replies":[{"embeddable":true,"href":"https:\/\/paradowski.net\/lv\/wp-json\/wp\/v2\/comments?post=176"}],"version-history":[{"count":0,"href":"https:\/\/paradowski.net\/lv\/wp-json\/wp\/v2\/pages\/176\/revisions"}],"wp:attachment":[{"href":"https:\/\/paradowski.net\/lv\/wp-json\/wp\/v2\/media?parent=176"}],"curies":[{"name":"wp","href":"https:\/\/api.w.org\/{rel}","templated":true}]}}