{"id":178,"date":"2024-05-08T11:44:35","date_gmt":"2024-05-08T11:44:35","guid":{"rendered":"https:\/\/paradowski.net\/mes-perkam\/"},"modified":"2024-08-30T14:28:29","modified_gmt":"2024-08-30T14:28:29","slug":"mes-perkam","status":"publish","type":"page","link":"https:\/\/paradowski.net\/lv\/mes-perkam\/","title":{"rendered":"M\u0113s p\u0113rkam"},"content":{"rendered":"\n<p>M\u0113s saviem klientiem mekl\u0113jam jaunu apr\u012bkojumu:<\/p>\n\n<ul class=\"wp-block-list\">\n<li>HD CD 102-5 + LX, vecums: 2008+;<\/li>\n\n\n\n<li>KBA Rapida Ra 105 (106)-5+LX vai 6+LX, vecums: 2008+ (kartona druk\u0101\u0161anai)<\/li>\n\n\n\n<li>KBA Rapida Ra 75-6 + LX, vecums: 2008+ (var b\u016bt ar\u012b CD 74-6 + LX) (kartona druk\u0101\u0161anai<\/li>\n\n\n\n<li>MAN Roland 705 + LX vai MAN Roland 706 + LX, vecums: 2008 (2010) + (kartona druk\u0101\u0161anai)<\/li>\n<\/ul>\n\n<p>Ja jums ir, ko mums pied\u0101v\u0101t, l\u016bdzu, nos\u016btiet mums savu pied\u0101v\u0101jumu par ieg\u0101dei pieejamaj\u0101m ma\u0161\u012bn\u0101m uz <a href=\"mailto:info@paradowski.net\">info@paradowski.net<\/a>.<\/p>\n","protected":false},"excerpt":{"rendered":"<p>M\u0113s saviem klientiem mekl\u0113jam jaunu apr\u012bkojumu: Ja jums ir, ko mums pied\u0101v\u0101t, l\u016bdzu, nos\u016btiet mums savu pied\u0101v\u0101jumu par ieg\u0101dei pieejamaj\u0101m ma\u0161\u012bn\u0101m uz info@paradowski.net.<\/p>\n","protected":false},"author":1,"featured_media":0,"parent":0,"menu_order":0,"comment_status":"closed","ping_status":"closed","template":"content-page.php","meta":{"_acf_changed":false,"footnotes":""},"class_list":["post-178","page","type-page","status-publish","hentry"],"acf":[],"yoast_head":"\n<title>M\u0113s p\u0113rkam - Paradowski<\/title>\n<meta name=\"robots\" content=\"index, follow, max-snippet:-1, max-image-preview:large, max-video-preview:-1\" \/>\n<link rel=\"canonical\" href=\"https:\/\/paradowski.net\/lv\/mes-perkam\/\" \/>\n<meta property=\"og:locale\" content=\"lv_LV\" \/>\n<meta property=\"og:type\" content=\"article\" \/>\n<meta property=\"og:title\" content=\"M\u0113s p\u0113rkam - Paradowski\" \/>\n<meta property=\"og:description\" content=\"M\u0113s saviem klientiem mekl\u0113jam jaunu apr\u012bkojumu: Ja jums ir, ko mums pied\u0101v\u0101t, l\u016bdzu, nos\u016btiet mums savu pied\u0101v\u0101jumu par ieg\u0101dei pieejamaj\u0101m ma\u0161\u012bn\u0101m uz info@paradowski.net.\" \/>\n<meta property=\"og:url\" content=\"https:\/\/paradowski.net\/lv\/mes-perkam\/\" \/>\n<meta property=\"og:site_name\" content=\"Paradowski\" \/>\n<meta property=\"article:modified_time\" content=\"2024-08-30T14:28:29+00:00\" \/>\n<meta property=\"og:image\" content=\"https:\/\/paradowski.net\/wp-content\/uploads\/2024\/10\/logotype.png\" \/>\n\t<meta property=\"og:image:width\" content=\"2400\" \/>\n\t<meta property=\"og:image:height\" content=\"1350\" \/>\n\t<meta property=\"og:image:type\" content=\"image\/png\" \/>\n<meta name=\"twitter:card\" content=\"summary_large_image\" \/>\n<meta name=\"twitter:label1\" content=\"Est. reading time\" \/>\n\t<meta name=\"twitter:data1\" content=\"1 minute\" \/>\n<script type=\"application\/ld+json\" class=\"yoast-schema-graph\">{\"@context\":\"https:\/\/schema.org\",\"@graph\":[{\"@type\":\"WebPage\",\"@id\":\"https:\/\/paradowski.net\/lv\/mes-perkam\/\",\"url\":\"https:\/\/paradowski.net\/lv\/mes-perkam\/\",\"name\":\"M\u0113s p\u0113rkam - Paradowski\",\"isPartOf\":{\"@id\":\"https:\/\/paradowski.net\/lv\/#website\"},\"datePublished\":\"2024-05-08T11:44:35+00:00\",\"dateModified\":\"2024-08-30T14:28:29+00:00\",\"breadcrumb\":{\"@id\":\"https:\/\/paradowski.net\/lv\/mes-perkam\/#breadcrumb\"},\"inLanguage\":\"lv-LV\",\"potentialAction\":[{\"@type\":\"ReadAction\",\"target\":[\"https:\/\/paradowski.net\/lv\/mes-perkam\/\"]}]},{\"@type\":\"BreadcrumbList\",\"@id\":\"https:\/\/paradowski.net\/lv\/mes-perkam\/#breadcrumb\",\"itemListElement\":[{\"@type\":\"ListItem\",\"position\":1,\"name\":\"Home\",\"item\":\"https:\/\/paradowski.net\/lv\/\"},{\"@type\":\"ListItem\",\"position\":2,\"name\":\"M\u0113s p\u0113rkam\"}]},{\"@type\":\"WebSite\",\"@id\":\"https:\/\/paradowski.net\/lv\/#website\",\"url\":\"https:\/\/paradowski.net\/lv\/\",\"name\":\"Paradowski\",\"description\":\"\",\"publisher\":{\"@id\":\"https:\/\/paradowski.net\/lv\/#organization\"},\"potentialAction\":[{\"@type\":\"SearchAction\",\"target\":{\"@type\":\"EntryPoint\",\"urlTemplate\":\"https:\/\/paradowski.net\/lv\/?s={search_term_string}\"},\"query-input\":{\"@type\":\"PropertyValueSpecification\",\"valueRequired\":true,\"valueName\":\"search_term_string\"}}],\"inLanguage\":\"lv-LV\"},{\"@type\":\"Organization\",\"@id\":\"https:\/\/paradowski.net\/lv\/#organization\",\"name\":\"Paradowski\",\"url\":\"https:\/\/paradowski.net\/lv\/\",\"logo\":{\"@type\":\"ImageObject\",\"inLanguage\":\"lv-LV\",\"@id\":\"https:\/\/paradowski.net\/lv\/#\/schema\/logo\/image\/\",\"url\":\"https:\/\/paradowski.net\/wp-content\/uploads\/2024\/10\/logo-paradowski.svg\",\"contentUrl\":\"https:\/\/paradowski.net\/wp-content\/uploads\/2024\/10\/logo-paradowski.svg\",\"width\":264,\"height\":60,\"caption\":\"Paradowski\"},\"image\":{\"@id\":\"https:\/\/paradowski.net\/lv\/#\/schema\/logo\/image\/\"}}]}<\/script>\n","yoast_head_json":{"title":"M\u0113s p\u0113rkam - Paradowski","robots":{"index":"index","follow":"follow","max-snippet":"max-snippet:-1","max-image-preview":"max-image-preview:large","max-video-preview":"max-video-preview:-1"},"canonical":"https:\/\/paradowski.net\/lv\/mes-perkam\/","og_locale":"lv_LV","og_type":"article","og_title":"M\u0113s p\u0113rkam - Paradowski","og_description":"M\u0113s saviem klientiem mekl\u0113jam jaunu apr\u012bkojumu: Ja jums ir, ko mums pied\u0101v\u0101t, l\u016bdzu, nos\u016btiet mums savu pied\u0101v\u0101jumu par ieg\u0101dei pieejamaj\u0101m ma\u0161\u012bn\u0101m uz info@paradowski.net.","og_url":"https:\/\/paradowski.net\/lv\/mes-perkam\/","og_site_name":"Paradowski","article_modified_time":"2024-08-30T14:28:29+00:00","og_image":[{"width":2400,"height":1350,"url":"https:\/\/paradowski.net\/wp-content\/uploads\/2024\/10\/logotype.png","type":"image\/png"}],"twitter_card":"summary_large_image","twitter_misc":{"Est. reading time":"1 minute"},"schema":{"@context":"https:\/\/schema.org","@graph":[{"@type":"WebPage","@id":"https:\/\/paradowski.net\/lv\/mes-perkam\/","url":"https:\/\/paradowski.net\/lv\/mes-perkam\/","name":"M\u0113s p\u0113rkam - Paradowski","isPartOf":{"@id":"https:\/\/paradowski.net\/lv\/#website"},"datePublished":"2024-05-08T11:44:35+00:00","dateModified":"2024-08-30T14:28:29+00:00","breadcrumb":{"@id":"https:\/\/paradowski.net\/lv\/mes-perkam\/#breadcrumb"},"inLanguage":"lv-LV","potentialAction":[{"@type":"ReadAction","target":["https:\/\/paradowski.net\/lv\/mes-perkam\/"]}]},{"@type":"BreadcrumbList","@id":"https:\/\/paradowski.net\/lv\/mes-perkam\/#breadcrumb","itemListElement":[{"@type":"ListItem","position":1,"name":"Home","item":"https:\/\/paradowski.net\/lv\/"},{"@type":"ListItem","position":2,"name":"M\u0113s p\u0113rkam"}]},{"@type":"WebSite","@id":"https:\/\/paradowski.net\/lv\/#website","url":"https:\/\/paradowski.net\/lv\/","name":"Paradowski","description":"","publisher":{"@id":"https:\/\/paradowski.net\/lv\/#organization"},"potentialAction":[{"@type":"SearchAction","target":{"@type":"EntryPoint","urlTemplate":"https:\/\/paradowski.net\/lv\/?s={search_term_string}"},"query-input":{"@type":"PropertyValueSpecification","valueRequired":true,"valueName":"search_term_string"}}],"inLanguage":"lv-LV"},{"@type":"Organization","@id":"https:\/\/paradowski.net\/lv\/#organization","name":"Paradowski","url":"https:\/\/paradowski.net\/lv\/","logo":{"@type":"ImageObject","inLanguage":"lv-LV","@id":"https:\/\/paradowski.net\/lv\/#\/schema\/logo\/image\/","url":"https:\/\/paradowski.net\/wp-content\/uploads\/2024\/10\/logo-paradowski.svg","contentUrl":"https:\/\/paradowski.net\/wp-content\/uploads\/2024\/10\/logo-paradowski.svg","width":264,"height":60,"caption":"Paradowski"},"image":{"@id":"https:\/\/paradowski.net\/lv\/#\/schema\/logo\/image\/"}}]}},"_links":{"self":[{"href":"https:\/\/paradowski.net\/lv\/wp-json\/wp\/v2\/pages\/178","targetHints":{"allow":["GET"]}}],"collection":[{"href":"https:\/\/paradowski.net\/lv\/wp-json\/wp\/v2\/pages"}],"about":[{"href":"https:\/\/paradowski.net\/lv\/wp-json\/wp\/v2\/types\/page"}],"author":[{"embeddable":true,"href":"https:\/\/paradowski.net\/lv\/wp-json\/wp\/v2\/users\/1"}],"replies":[{"embeddable":true,"href":"https:\/\/paradowski.net\/lv\/wp-json\/wp\/v2\/comments?post=178"}],"version-history":[{"count":0,"href":"https:\/\/paradowski.net\/lv\/wp-json\/wp\/v2\/pages\/178\/revisions"}],"wp:attachment":[{"href":"https:\/\/paradowski.net\/lv\/wp-json\/wp\/v2\/media?parent=178"}],"curies":[{"name":"wp","href":"https:\/\/api.w.org\/{rel}","templated":true}]}}