{"id":181,"date":"2024-05-07T09:59:23","date_gmt":"2024-05-07T09:59:23","guid":{"rendered":"https:\/\/paradowski.net\/par-mums\/"},"modified":"2024-05-10T11:24:28","modified_gmt":"2024-05-10T11:24:28","slug":"par-mums","status":"publish","type":"page","link":"https:\/\/paradowski.net\/lv\/par-mums\/","title":{"rendered":"Par mums"},"content":{"rendered":"<section class=\"ps-section ps-about-us\">\n    <div class=\"ps-content\">\n        <div class=\"block-wrapper\">\n            <div class=\"block-image-wrapper\"><\/div>\n            <div class=\"inner-container\">\n                <div class=\"inner-wrapper\">\n                    <h4 class=\"section-title\">Paradowski Graphische Maschinen SIA<\/h4>\n                    <div class=\"block-description\"><p>Atrodas R\u012bg\u0101, Latvij\u0101, Baltijas valstu \u0123eogr\u0101fiskaj\u0101 centr\u0101, uz\u0146\u0113mums ar savu 30 gadu v\u0113sturi jau eso\u0161o un jauno poligr\u0101fijas iek\u0101rtu tirg\u016b, apkalpojot klientus vis\u0101 pasaul\u0113. M\u0113s s\u0101k\u0101m vienu no pirmajiem un joproj\u0101m esam viens no Baltijas valstu liel\u0101kajiem starptautiskajiem izplat\u012bt\u0101jiem Poligr\u0101fijas un konvert\u0113\u0161anas nozar\u0113, ko ra\u017eo Heidelbergs, MAN-Roland, KBA-Rapida, Polar, Stahl, Smyth, Jagenberg, Bobst, Kolbus, Muller Martini, Billhofer, Steinemann, W+D, F. L. Smithe, Halm, Stock, citi.<\/p>\n<p>Gadu gait\u0101 vair\u0101k nek\u0101 1000 iek\u0101rtu vien\u012bbas ir p\u0101rdotas un pieg\u0101d\u0101tas klientiem 60 pils\u0113t\u0101s 10 valst\u012bs&#8230;<\/p>\n<p>Lietotu iek\u0101rtu ieg\u0101dei un apkalpo\u0161anai mums ir apm\u0101c\u012bti un pieredz\u0113ju\u0161i speci\u0101listi un labi partneri Eirop\u0101 un ASV. Galvenais m\u016bsu dibin\u0101t\u0101js ir KG Klaus Paradowski GmbH uz\u0146\u0113mums V\u0101cij\u0101 ar vair\u0101k nek\u0101 50 gadu pieredzi ofseta iespiedma\u0161\u012bnu atjauno\u0161an\u0101 un labu reput\u0101ciju vis\u0101 pasaul\u0113.<\/p>\n<p>Lai izpild\u012btu visas klienta pras\u012bbas, m\u0113s p\u0101rdodam ar\u012b jaunas pirmsdrukas un p\u0113cpreses iek\u0101rtas un p\u0101rst\u0101vam \u0161\u0101dus slavenus Eiropas uz\u0146\u0113mumus:<\/p>\n<p>&#8211; prepress apr\u012bkojums: Danagraf, STOMA;<br \/>\n&#8211; post preses un p\u0101rveidojot iek\u0101rtas: Kohmann, Busch, Foellmer, Gietz, EBA, Perfecta, Rapid, RENZ, Zechini, Sumbel, Bickel, K. Tranklein;<br \/>\n&#8211; sist\u0113mas un ier\u012bces: Atlantic Zeiser, TRESU, Aeroterm, WEKO, Beil, Kersten;<br \/>\n&#8211; iek\u0101rtas no \u0136\u012bnas: s\u0101kot ar 2000. gadu, m\u0113s p\u0101rdodam l\u0113tas p\u0101rveido\u0161anas un apdares iek\u0101rtas no \u0136\u012bnas: grie\u0161anas, sagrie\u0161anas un sagrie\u0161anas ma\u0161\u012bnas, sietspiedes un lako\u0161anas ma\u0161\u012bnas, karst\u0101s folijas \u0161tanc\u0113\u0161anas preses un citas.<\/p>\n<p>M\u0113s past\u0101v\u012bgi sekojam m\u016bsu klientu vajadz\u012bb\u0101m un atbalst\u0101m tos ar materi\u0101lu, pal\u012bgiek\u0101rtu un rezerves da\u013cu pieg\u0101di.<\/p>\n<p>Neatkar\u012bgi no j\u016bsu pras\u012bb\u0101m, viena priek\u0161meta vai vair\u0101k\u0101m ma\u0161\u012bn\u0101m, m\u0113s nodro\u0161in\u0101sim profesion\u0101lu servisu, lai veiktu visu projektu, ieskaitot ma\u0161\u012bnas mekl\u0113\u0161anu tie\u0161i j\u016bsu vajadz\u012bb\u0101m, demont\u0101\u017eu, iepako\u0161anu un iekrau\u0161anu, transport\u0113\u0161anu un uzst\u0101d\u012b\u0161anu.<\/p>\n<p>M\u0113s atzin\u012bgi v\u0113rt\u0113jam iesp\u0113ju pal\u012bdz\u0113t jums p\u0101rdot vai apmain\u012bties ar j\u016bsu r\u016bpn\u012bcas apr\u012bkojumu. Neatkar\u012bgi no t\u0101, vai jums ir kaut kas p\u0101rdo\u0161anai vai pl\u0101nojat ieg\u0101d\u0101ties jaunu apr\u012bkojumu, vienk\u0101r\u0161i inform\u0113jiet m\u016bs.<\/p>\n<\/div>\n                <\/div><div class=\"widget-company-info\">\n    <div class=\"company-info-title\">SIA &#8220;Paradowski Graphische Maschinen&#8221;<\/div>\n    <div class=\"widget-inner-container\">\n        <div class=\"widget-inner-wrapper\">\n            <div class=\"point-title ico-address\">Address:<\/div>\n            <div class=\"point-info\">11.Novembra krastmala 9, <br \/>\r\nRiga LV-1050 <\/div>\n            <div class=\"point-title ico-phone\">Phone:<\/div>\n                                        <div class=\"point-info\">\n                    <a href=\"tel:+37167212180\">(+371) 67212180<\/a>\n                <\/div>\n                            <div class=\"point-info\">\n                    <a href=\"tel:+37167212932\"> (+371) 67212932<\/a>\n                <\/div>\n                                        <div class=\"point-title fax\">Fax:<\/div>\n                <div class=\"point-info\">\n                    <a href=\"tel:+37167212932\">(+371) 67212932<\/a>\n                <\/div>\n                    <\/div>\n        <div class=\"widget-inner-wrapper\">\n            <div class=\"point-title ico-email\">E-Mail:<\/div>\n            <div class=\"point-info\">\n                <span data-liame=\"\" data-liame-name=\"aW5mbw==\" data-liame-host=\"cGFyYWRvd3NraS5uZXQ=\"><\/span>\n            <\/div>\n        <\/div>\n    <\/div>\n<\/div>\n<\/div>\n        <\/div>\n    <\/div>\n<\/section>\n","protected":false},"excerpt":{"rendered":"","protected":false},"author":1,"featured_media":0,"parent":0,"menu_order":0,"comment_status":"closed","ping_status":"closed","template":"","meta":{"_acf_changed":false,"footnotes":""},"class_list":["post-181","page","type-page","status-publish","hentry"],"acf":[],"yoast_head":"\n<title>Par mums - Paradowski<\/title>\n<meta name=\"robots\" content=\"index, follow, max-snippet:-1, max-image-preview:large, max-video-preview:-1\" \/>\n<link rel=\"canonical\" href=\"https:\/\/paradowski.net\/lv\/par-mums\/\" \/>\n<meta property=\"og:locale\" content=\"lv_LV\" \/>\n<meta property=\"og:type\" content=\"article\" \/>\n<meta property=\"og:title\" content=\"Par mums - Paradowski\" \/>\n<meta property=\"og:url\" content=\"https:\/\/paradowski.net\/lv\/par-mums\/\" \/>\n<meta property=\"og:site_name\" content=\"Paradowski\" \/>\n<meta property=\"article:modified_time\" content=\"2024-05-10T11:24:28+00:00\" \/>\n<meta property=\"og:image\" content=\"https:\/\/paradowski.net\/wp-content\/uploads\/2024\/10\/logotype.png\" \/>\n\t<meta property=\"og:image:width\" content=\"2400\" \/>\n\t<meta property=\"og:image:height\" content=\"1350\" \/>\n\t<meta property=\"og:image:type\" content=\"image\/png\" \/>\n<meta name=\"twitter:card\" content=\"summary_large_image\" \/>\n<script type=\"application\/ld+json\" class=\"yoast-schema-graph\">{\"@context\":\"https:\/\/schema.org\",\"@graph\":[{\"@type\":\"WebPage\",\"@id\":\"https:\/\/paradowski.net\/lv\/par-mums\/\",\"url\":\"https:\/\/paradowski.net\/lv\/par-mums\/\",\"name\":\"Par mums - Paradowski\",\"isPartOf\":{\"@id\":\"https:\/\/paradowski.net\/lv\/#website\"},\"datePublished\":\"2024-05-07T09:59:23+00:00\",\"dateModified\":\"2024-05-10T11:24:28+00:00\",\"breadcrumb\":{\"@id\":\"https:\/\/paradowski.net\/lv\/par-mums\/#breadcrumb\"},\"inLanguage\":\"lv-LV\",\"potentialAction\":[{\"@type\":\"ReadAction\",\"target\":[\"https:\/\/paradowski.net\/lv\/par-mums\/\"]}]},{\"@type\":\"BreadcrumbList\",\"@id\":\"https:\/\/paradowski.net\/lv\/par-mums\/#breadcrumb\",\"itemListElement\":[{\"@type\":\"ListItem\",\"position\":1,\"name\":\"Home\",\"item\":\"https:\/\/paradowski.net\/lv\/\"},{\"@type\":\"ListItem\",\"position\":2,\"name\":\"Par mums\"}]},{\"@type\":\"WebSite\",\"@id\":\"https:\/\/paradowski.net\/lv\/#website\",\"url\":\"https:\/\/paradowski.net\/lv\/\",\"name\":\"Paradowski\",\"description\":\"\",\"publisher\":{\"@id\":\"https:\/\/paradowski.net\/lv\/#organization\"},\"potentialAction\":[{\"@type\":\"SearchAction\",\"target\":{\"@type\":\"EntryPoint\",\"urlTemplate\":\"https:\/\/paradowski.net\/lv\/?s={search_term_string}\"},\"query-input\":{\"@type\":\"PropertyValueSpecification\",\"valueRequired\":true,\"valueName\":\"search_term_string\"}}],\"inLanguage\":\"lv-LV\"},{\"@type\":\"Organization\",\"@id\":\"https:\/\/paradowski.net\/lv\/#organization\",\"name\":\"Paradowski\",\"url\":\"https:\/\/paradowski.net\/lv\/\",\"logo\":{\"@type\":\"ImageObject\",\"inLanguage\":\"lv-LV\",\"@id\":\"https:\/\/paradowski.net\/lv\/#\/schema\/logo\/image\/\",\"url\":\"https:\/\/paradowski.net\/wp-content\/uploads\/2024\/10\/logo-paradowski.svg\",\"contentUrl\":\"https:\/\/paradowski.net\/wp-content\/uploads\/2024\/10\/logo-paradowski.svg\",\"width\":264,\"height\":60,\"caption\":\"Paradowski\"},\"image\":{\"@id\":\"https:\/\/paradowski.net\/lv\/#\/schema\/logo\/image\/\"}}]}<\/script>\n","yoast_head_json":{"title":"Par mums - Paradowski","robots":{"index":"index","follow":"follow","max-snippet":"max-snippet:-1","max-image-preview":"max-image-preview:large","max-video-preview":"max-video-preview:-1"},"canonical":"https:\/\/paradowski.net\/lv\/par-mums\/","og_locale":"lv_LV","og_type":"article","og_title":"Par mums - Paradowski","og_url":"https:\/\/paradowski.net\/lv\/par-mums\/","og_site_name":"Paradowski","article_modified_time":"2024-05-10T11:24:28+00:00","og_image":[{"width":2400,"height":1350,"url":"https:\/\/paradowski.net\/wp-content\/uploads\/2024\/10\/logotype.png","type":"image\/png"}],"twitter_card":"summary_large_image","schema":{"@context":"https:\/\/schema.org","@graph":[{"@type":"WebPage","@id":"https:\/\/paradowski.net\/lv\/par-mums\/","url":"https:\/\/paradowski.net\/lv\/par-mums\/","name":"Par mums - Paradowski","isPartOf":{"@id":"https:\/\/paradowski.net\/lv\/#website"},"datePublished":"2024-05-07T09:59:23+00:00","dateModified":"2024-05-10T11:24:28+00:00","breadcrumb":{"@id":"https:\/\/paradowski.net\/lv\/par-mums\/#breadcrumb"},"inLanguage":"lv-LV","potentialAction":[{"@type":"ReadAction","target":["https:\/\/paradowski.net\/lv\/par-mums\/"]}]},{"@type":"BreadcrumbList","@id":"https:\/\/paradowski.net\/lv\/par-mums\/#breadcrumb","itemListElement":[{"@type":"ListItem","position":1,"name":"Home","item":"https:\/\/paradowski.net\/lv\/"},{"@type":"ListItem","position":2,"name":"Par mums"}]},{"@type":"WebSite","@id":"https:\/\/paradowski.net\/lv\/#website","url":"https:\/\/paradowski.net\/lv\/","name":"Paradowski","description":"","publisher":{"@id":"https:\/\/paradowski.net\/lv\/#organization"},"potentialAction":[{"@type":"SearchAction","target":{"@type":"EntryPoint","urlTemplate":"https:\/\/paradowski.net\/lv\/?s={search_term_string}"},"query-input":{"@type":"PropertyValueSpecification","valueRequired":true,"valueName":"search_term_string"}}],"inLanguage":"lv-LV"},{"@type":"Organization","@id":"https:\/\/paradowski.net\/lv\/#organization","name":"Paradowski","url":"https:\/\/paradowski.net\/lv\/","logo":{"@type":"ImageObject","inLanguage":"lv-LV","@id":"https:\/\/paradowski.net\/lv\/#\/schema\/logo\/image\/","url":"https:\/\/paradowski.net\/wp-content\/uploads\/2024\/10\/logo-paradowski.svg","contentUrl":"https:\/\/paradowski.net\/wp-content\/uploads\/2024\/10\/logo-paradowski.svg","width":264,"height":60,"caption":"Paradowski"},"image":{"@id":"https:\/\/paradowski.net\/lv\/#\/schema\/logo\/image\/"}}]}},"_links":{"self":[{"href":"https:\/\/paradowski.net\/lv\/wp-json\/wp\/v2\/pages\/181","targetHints":{"allow":["GET"]}}],"collection":[{"href":"https:\/\/paradowski.net\/lv\/wp-json\/wp\/v2\/pages"}],"about":[{"href":"https:\/\/paradowski.net\/lv\/wp-json\/wp\/v2\/types\/page"}],"author":[{"embeddable":true,"href":"https:\/\/paradowski.net\/lv\/wp-json\/wp\/v2\/users\/1"}],"replies":[{"embeddable":true,"href":"https:\/\/paradowski.net\/lv\/wp-json\/wp\/v2\/comments?post=181"}],"version-history":[{"count":0,"href":"https:\/\/paradowski.net\/lv\/wp-json\/wp\/v2\/pages\/181\/revisions"}],"wp:attachment":[{"href":"https:\/\/paradowski.net\/lv\/wp-json\/wp\/v2\/media?parent=181"}],"curies":[{"name":"wp","href":"https:\/\/api.w.org\/{rel}","templated":true}]}}