{"id":113,"date":"2024-05-07T13:31:43","date_gmt":"2024-05-07T13:31:43","guid":{"rendered":"https:\/\/paradowski.net\/product\/busch-baribas-bander-zfb-32-75\/"},"modified":"2024-05-23T17:35:57","modified_gmt":"2024-05-23T17:35:57","slug":"busch-baribas-bander-zfb-32-75","status":"publish","type":"product","link":"https:\/\/paradowski.net\/lv\/product\/busch-baribas-bander-zfb-32-75\/","title":{"rendered":"Busch ZFB 32\/75"},"content":{"rendered":"\n<figure class=\"wp-block-image size-full\"><img loading=\"lazy\" decoding=\"async\" width=\"904\" height=\"1000\" src=\"https:\/\/paradowski.net\/\/wp-content\/uploads\/2024\/05\/Busch-Feed-Bander-ZFB-32-75-904x1000-1.jpg\" alt=\"\" class=\"wp-image-111\" srcset=\"https:\/\/paradowski.net\/wp-content\/uploads\/2024\/05\/Busch-Feed-Bander-ZFB-32-75-904x1000-1.jpg 904w, https:\/\/paradowski.net\/wp-content\/uploads\/2024\/05\/Busch-Feed-Bander-ZFB-32-75-904x1000-1-271x300.jpg 271w, https:\/\/paradowski.net\/wp-content\/uploads\/2024\/05\/Busch-Feed-Bander-ZFB-32-75-904x1000-1-768x850.jpg 768w\" sizes=\"auto, (max-width: 904px) 100vw, 904px\" \/><\/figure>\n\n<p>Autom\u0101tisk\u0101 band roller Busch Feed Bander mod. ZFB 32\/75-\u0136\u012bpu autom\u0101tiskai bandrol. \u0160\u012b iek\u0101rta \u013cauj \u0101tri bandrol produktus vai \u0137\u012bpas produktu.<\/p>\n\n<p>Busch bar\u012bbas Bander mod. ZFB 32\/75 darbojas ar p\u0101rkl\u0101tu kraftpap\u012bru vai polipropil\u0113na pl\u0113vi ar vai bez pneimatisk\u0101 spiediena regul\u0113\u0161anas. Ir iesp\u0113jams veikt vienu joslu velm\u0113\u0161anas Produkta, dubult\u0101 bandroling un vair\u0101ku bandroling. Bandrol spiediens ir regul\u0113jams uz papla\u0161in\u0101t\u0101 SIEMENS sk\u0101rienpane\u013ca.nd vair\u0101ku joslu velm\u0113\u0161ana. Mod. ZFB 32\/75 ir pieejams ar izeju labaj\u0101 pus\u0113 (ZFB 32\/75 R) vai kreisaj\u0101 pus\u0113 (ZFB 32\/75 L). K\u0101 opciju tiek pied\u0101v\u0101ts Ru\u013c\u013cu konveijers.<\/p>\n\n<p><\/p>\n\n<p><\/p>\n","protected":false},"template":"","categories":[43,65],"brand":[],"product_type":[],"class_list":["post-113","product","type-product","status-publish","hentry","category-parejas-iekartas-un-ierices","category-miscellaneous-equipment-and-accessories"],"acf":[],"yoast_head":"\n<title>Busch ZFB 32\/75 - Paradowski<\/title>\n<meta name=\"robots\" content=\"index, follow, max-snippet:-1, max-image-preview:large, max-video-preview:-1\" \/>\n<link rel=\"canonical\" href=\"https:\/\/paradowski.net\/lv\/product\/busch-baribas-bander-zfb-32-75\/\" \/>\n<meta property=\"og:locale\" content=\"lv_LV\" \/>\n<meta property=\"og:type\" content=\"article\" \/>\n<meta property=\"og:title\" content=\"Busch ZFB 32\/75 - Paradowski\" \/>\n<meta property=\"og:description\" content=\"Autom\u0101tisk\u0101 band roller Busch Feed Bander mod. ZFB 32\/75-\u0136\u012bpu autom\u0101tiskai bandrol. \u0160\u012b iek\u0101rta \u013cauj \u0101tri bandrol produktus vai \u0137\u012bpas produktu. Busch bar\u012bbas Bander mod. ZFB 32\/75 darbojas ar p\u0101rkl\u0101tu kraftpap\u012bru vai polipropil\u0113na pl\u0113vi ar vai bez pneimatisk\u0101 spiediena regul\u0113\u0161anas. Ir iesp\u0113jams veikt vienu joslu velm\u0113\u0161anas Produkta, dubult\u0101 bandroling un vair\u0101ku bandroling. Bandrol spiediens ir regul\u0113jams [&hellip;]\" \/>\n<meta property=\"og:url\" content=\"https:\/\/paradowski.net\/lv\/product\/busch-baribas-bander-zfb-32-75\/\" \/>\n<meta property=\"og:site_name\" content=\"Paradowski\" \/>\n<meta property=\"article:modified_time\" content=\"2024-05-23T17:35:57+00:00\" \/>\n<meta property=\"og:image\" content=\"https:\/\/paradowski.net\/\/wp-content\/uploads\/2024\/05\/Busch-Feed-Bander-ZFB-32-75-904x1000-1.jpg\" \/>\n<meta name=\"twitter:card\" content=\"summary_large_image\" \/>\n<meta name=\"twitter:label1\" content=\"Est. reading time\" \/>\n\t<meta name=\"twitter:data1\" content=\"1 minute\" \/>\n<script type=\"application\/ld+json\" class=\"yoast-schema-graph\">{\"@context\":\"https:\/\/schema.org\",\"@graph\":[{\"@type\":\"WebPage\",\"@id\":\"https:\/\/paradowski.net\/lv\/product\/busch-baribas-bander-zfb-32-75\/\",\"url\":\"https:\/\/paradowski.net\/lv\/product\/busch-baribas-bander-zfb-32-75\/\",\"name\":\"Busch ZFB 32\/75 - Paradowski\",\"isPartOf\":{\"@id\":\"https:\/\/paradowski.net\/lv\/#website\"},\"primaryImageOfPage\":{\"@id\":\"https:\/\/paradowski.net\/lv\/product\/busch-baribas-bander-zfb-32-75\/#primaryimage\"},\"image\":{\"@id\":\"https:\/\/paradowski.net\/lv\/product\/busch-baribas-bander-zfb-32-75\/#primaryimage\"},\"thumbnailUrl\":\"https:\/\/paradowski.net\/\/wp-content\/uploads\/2024\/05\/Busch-Feed-Bander-ZFB-32-75-904x1000-1.jpg\",\"datePublished\":\"2024-05-07T13:31:43+00:00\",\"dateModified\":\"2024-05-23T17:35:57+00:00\",\"breadcrumb\":{\"@id\":\"https:\/\/paradowski.net\/lv\/product\/busch-baribas-bander-zfb-32-75\/#breadcrumb\"},\"inLanguage\":\"lv-LV\",\"potentialAction\":[{\"@type\":\"ReadAction\",\"target\":[\"https:\/\/paradowski.net\/lv\/product\/busch-baribas-bander-zfb-32-75\/\"]}]},{\"@type\":\"ImageObject\",\"inLanguage\":\"lv-LV\",\"@id\":\"https:\/\/paradowski.net\/lv\/product\/busch-baribas-bander-zfb-32-75\/#primaryimage\",\"url\":\"https:\/\/paradowski.net\/\/wp-content\/uploads\/2024\/05\/Busch-Feed-Bander-ZFB-32-75-904x1000-1.jpg\",\"contentUrl\":\"https:\/\/paradowski.net\/\/wp-content\/uploads\/2024\/05\/Busch-Feed-Bander-ZFB-32-75-904x1000-1.jpg\"},{\"@type\":\"BreadcrumbList\",\"@id\":\"https:\/\/paradowski.net\/lv\/product\/busch-baribas-bander-zfb-32-75\/#breadcrumb\",\"itemListElement\":[{\"@type\":\"ListItem\",\"position\":1,\"name\":\"Home\",\"item\":\"https:\/\/paradowski.net\/lv\/\"},{\"@type\":\"ListItem\",\"position\":2,\"name\":\"Busch ZFB 32\/75\"}]},{\"@type\":\"WebSite\",\"@id\":\"https:\/\/paradowski.net\/lv\/#website\",\"url\":\"https:\/\/paradowski.net\/lv\/\",\"name\":\"Paradowski\",\"description\":\"\",\"publisher\":{\"@id\":\"https:\/\/paradowski.net\/lv\/#organization\"},\"potentialAction\":[{\"@type\":\"SearchAction\",\"target\":{\"@type\":\"EntryPoint\",\"urlTemplate\":\"https:\/\/paradowski.net\/lv\/?s={search_term_string}\"},\"query-input\":{\"@type\":\"PropertyValueSpecification\",\"valueRequired\":true,\"valueName\":\"search_term_string\"}}],\"inLanguage\":\"lv-LV\"},{\"@type\":\"Organization\",\"@id\":\"https:\/\/paradowski.net\/lv\/#organization\",\"name\":\"Paradowski\",\"url\":\"https:\/\/paradowski.net\/lv\/\",\"logo\":{\"@type\":\"ImageObject\",\"inLanguage\":\"lv-LV\",\"@id\":\"https:\/\/paradowski.net\/lv\/#\/schema\/logo\/image\/\",\"url\":\"https:\/\/paradowski.net\/wp-content\/uploads\/2024\/10\/logo-paradowski.svg\",\"contentUrl\":\"https:\/\/paradowski.net\/wp-content\/uploads\/2024\/10\/logo-paradowski.svg\",\"width\":264,\"height\":60,\"caption\":\"Paradowski\"},\"image\":{\"@id\":\"https:\/\/paradowski.net\/lv\/#\/schema\/logo\/image\/\"}}]}<\/script>\n","yoast_head_json":{"title":"Busch ZFB 32\/75 - Paradowski","robots":{"index":"index","follow":"follow","max-snippet":"max-snippet:-1","max-image-preview":"max-image-preview:large","max-video-preview":"max-video-preview:-1"},"canonical":"https:\/\/paradowski.net\/lv\/product\/busch-baribas-bander-zfb-32-75\/","og_locale":"lv_LV","og_type":"article","og_title":"Busch ZFB 32\/75 - Paradowski","og_description":"Autom\u0101tisk\u0101 band roller Busch Feed Bander mod. ZFB 32\/75-\u0136\u012bpu autom\u0101tiskai bandrol. \u0160\u012b iek\u0101rta \u013cauj \u0101tri bandrol produktus vai \u0137\u012bpas produktu. Busch bar\u012bbas Bander mod. ZFB 32\/75 darbojas ar p\u0101rkl\u0101tu kraftpap\u012bru vai polipropil\u0113na pl\u0113vi ar vai bez pneimatisk\u0101 spiediena regul\u0113\u0161anas. Ir iesp\u0113jams veikt vienu joslu velm\u0113\u0161anas Produkta, dubult\u0101 bandroling un vair\u0101ku bandroling. Bandrol spiediens ir regul\u0113jams [&hellip;]","og_url":"https:\/\/paradowski.net\/lv\/product\/busch-baribas-bander-zfb-32-75\/","og_site_name":"Paradowski","article_modified_time":"2024-05-23T17:35:57+00:00","og_image":[{"url":"https:\/\/paradowski.net\/\/wp-content\/uploads\/2024\/05\/Busch-Feed-Bander-ZFB-32-75-904x1000-1.jpg"}],"twitter_card":"summary_large_image","twitter_misc":{"Est. reading time":"1 minute"},"schema":{"@context":"https:\/\/schema.org","@graph":[{"@type":"WebPage","@id":"https:\/\/paradowski.net\/lv\/product\/busch-baribas-bander-zfb-32-75\/","url":"https:\/\/paradowski.net\/lv\/product\/busch-baribas-bander-zfb-32-75\/","name":"Busch ZFB 32\/75 - Paradowski","isPartOf":{"@id":"https:\/\/paradowski.net\/lv\/#website"},"primaryImageOfPage":{"@id":"https:\/\/paradowski.net\/lv\/product\/busch-baribas-bander-zfb-32-75\/#primaryimage"},"image":{"@id":"https:\/\/paradowski.net\/lv\/product\/busch-baribas-bander-zfb-32-75\/#primaryimage"},"thumbnailUrl":"https:\/\/paradowski.net\/\/wp-content\/uploads\/2024\/05\/Busch-Feed-Bander-ZFB-32-75-904x1000-1.jpg","datePublished":"2024-05-07T13:31:43+00:00","dateModified":"2024-05-23T17:35:57+00:00","breadcrumb":{"@id":"https:\/\/paradowski.net\/lv\/product\/busch-baribas-bander-zfb-32-75\/#breadcrumb"},"inLanguage":"lv-LV","potentialAction":[{"@type":"ReadAction","target":["https:\/\/paradowski.net\/lv\/product\/busch-baribas-bander-zfb-32-75\/"]}]},{"@type":"ImageObject","inLanguage":"lv-LV","@id":"https:\/\/paradowski.net\/lv\/product\/busch-baribas-bander-zfb-32-75\/#primaryimage","url":"https:\/\/paradowski.net\/\/wp-content\/uploads\/2024\/05\/Busch-Feed-Bander-ZFB-32-75-904x1000-1.jpg","contentUrl":"https:\/\/paradowski.net\/\/wp-content\/uploads\/2024\/05\/Busch-Feed-Bander-ZFB-32-75-904x1000-1.jpg"},{"@type":"BreadcrumbList","@id":"https:\/\/paradowski.net\/lv\/product\/busch-baribas-bander-zfb-32-75\/#breadcrumb","itemListElement":[{"@type":"ListItem","position":1,"name":"Home","item":"https:\/\/paradowski.net\/lv\/"},{"@type":"ListItem","position":2,"name":"Busch ZFB 32\/75"}]},{"@type":"WebSite","@id":"https:\/\/paradowski.net\/lv\/#website","url":"https:\/\/paradowski.net\/lv\/","name":"Paradowski","description":"","publisher":{"@id":"https:\/\/paradowski.net\/lv\/#organization"},"potentialAction":[{"@type":"SearchAction","target":{"@type":"EntryPoint","urlTemplate":"https:\/\/paradowski.net\/lv\/?s={search_term_string}"},"query-input":{"@type":"PropertyValueSpecification","valueRequired":true,"valueName":"search_term_string"}}],"inLanguage":"lv-LV"},{"@type":"Organization","@id":"https:\/\/paradowski.net\/lv\/#organization","name":"Paradowski","url":"https:\/\/paradowski.net\/lv\/","logo":{"@type":"ImageObject","inLanguage":"lv-LV","@id":"https:\/\/paradowski.net\/lv\/#\/schema\/logo\/image\/","url":"https:\/\/paradowski.net\/wp-content\/uploads\/2024\/10\/logo-paradowski.svg","contentUrl":"https:\/\/paradowski.net\/wp-content\/uploads\/2024\/10\/logo-paradowski.svg","width":264,"height":60,"caption":"Paradowski"},"image":{"@id":"https:\/\/paradowski.net\/lv\/#\/schema\/logo\/image\/"}}]}},"_links":{"self":[{"href":"https:\/\/paradowski.net\/lv\/wp-json\/wp\/v2\/product\/113","targetHints":{"allow":["GET"]}}],"collection":[{"href":"https:\/\/paradowski.net\/lv\/wp-json\/wp\/v2\/product"}],"about":[{"href":"https:\/\/paradowski.net\/lv\/wp-json\/wp\/v2\/types\/product"}],"wp:attachment":[{"href":"https:\/\/paradowski.net\/lv\/wp-json\/wp\/v2\/media?parent=113"}],"wp:term":[{"taxonomy":"category","embeddable":true,"href":"https:\/\/paradowski.net\/lv\/wp-json\/wp\/v2\/categories?post=113"},{"taxonomy":"brand","embeddable":true,"href":"https:\/\/paradowski.net\/lv\/wp-json\/wp\/v2\/brand?post=113"},{"taxonomy":"product_type","embeddable":true,"href":"https:\/\/paradowski.net\/lv\/wp-json\/wp\/v2\/product_type?post=113"}],"curies":[{"name":"wp","href":"https:\/\/api.w.org\/{rel}","templated":true}]}}