{"id":234,"date":"2024-05-27T12:28:21","date_gmt":"2024-05-27T12:28:21","guid":{"rendered":"https:\/\/paradowski.net\/?post_type=product&#038;p=234"},"modified":"2024-05-27T12:31:14","modified_gmt":"2024-05-27T12:31:14","slug":"busch-tb","status":"publish","type":"product","link":"https:\/\/paradowski.net\/lv\/product\/busch-tb\/","title":{"rendered":"Busch TB"},"content":{"rendered":"\n<p>Badrol\u0113jamas ma\u0161\u012bnas Busch TB paredz\u0113tas bandrol\u0113\u0161anai ar kraftpap\u012bru vai pl\u0113vi. Iek\u0101rta dod iesp\u0113ju \u0101tri bandrol\u0113t produktus vai produktu \u0137\u012bpas.<\/p>\n\n<div class=\"wp-block-columns is-layout-flex wp-container-core-columns-is-layout-9d6595d7 wp-block-columns-is-layout-flex\">\n<div class=\"wp-block-column is-layout-flow wp-block-column-is-layout-flow\" style=\"flex-basis:100%\">\n<div class=\"wp-block-group\"><div class=\"wp-block-group__inner-container is-layout-constrained wp-block-group-is-layout-constrained\">\n<figure class=\"wp-block-table\"><table><tbody><tr><td>Modelis:<\/td><td class=\"has-text-align-right\" data-align=\"right\"><strong>TB 26I<\/strong><\/td><td class=\"has-text-align-right\" data-align=\"right\"><strong>TB 26II<\/strong><\/td><td class=\"has-text-align-right\" data-align=\"right\"><strong>TB 39-30<\/strong><\/td><td class=\"has-text-align-right\" data-align=\"right\"><strong>TB 39-50<\/strong><\/td><\/tr><tr><td>kraftpap\u012bra \/ pl\u0113ves platums<\/td><td class=\"has-text-align-right\" data-align=\"right\">20\/30<\/td><td class=\"has-text-align-right\" data-align=\"right\">40\/50<\/td><td class=\"has-text-align-right\" data-align=\"right\">30<\/td><td class=\"has-text-align-right\" data-align=\"right\">50<\/td><\/tr><tr><td>maks.darba platums:<br>str\u0101d\u0101jot ar kraftpap\u012bru:<br>str\u0101d\u0101jot ar pl\u0113vi:<\/td><td class=\"has-text-align-right\" data-align=\"right\">260 mm<br>180 mm<\/td><td class=\"has-text-align-right\" data-align=\"right\">260 mm<br>180 mm<\/td><td class=\"has-text-align-right\" data-align=\"right\">390 mm<br>390 mm<\/td><td class=\"has-text-align-right\" data-align=\"right\">390 mm<br>390 mm<\/td><\/tr><tr><td>svars<\/td><td class=\"has-text-align-right\" data-align=\"right\">28 kg<\/td><td class=\"has-text-align-right\" data-align=\"right\">28 kg<\/td><td class=\"has-text-align-right\" data-align=\"right\">33 kg<\/td><td class=\"has-text-align-right\" data-align=\"right\">35 kg<\/td><\/tr><\/tbody><\/table><\/figure>\n<\/div><\/div>\n<\/div>\n<\/div>\n\n<p><\/p>\n","protected":false},"template":"","categories":[66],"brand":[],"product_type":[],"class_list":["post-234","product","type-product","status-publish","hentry","category-dazadas-iekartas-un-piederumi"],"acf":[],"yoast_head":"\n<title>Busch TB - Paradowski<\/title>\n<meta name=\"robots\" content=\"index, follow, max-snippet:-1, max-image-preview:large, max-video-preview:-1\" \/>\n<link rel=\"canonical\" href=\"https:\/\/paradowski.net\/lv\/product\/busch-tb\/\" \/>\n<meta property=\"og:locale\" content=\"lv_LV\" \/>\n<meta property=\"og:type\" content=\"article\" \/>\n<meta property=\"og:title\" content=\"Busch TB - Paradowski\" \/>\n<meta property=\"og:description\" content=\"Badrol\u0113jamas ma\u0161\u012bnas Busch TB paredz\u0113tas bandrol\u0113\u0161anai ar kraftpap\u012bru vai pl\u0113vi. Iek\u0101rta dod iesp\u0113ju \u0101tri bandrol\u0113t produktus vai produktu \u0137\u012bpas. Modelis: TB 26I TB 26II TB 39-30 TB 39-50 kraftpap\u012bra \/ pl\u0113ves platums 20\/30 40\/50 30 50 maks.darba platums:str\u0101d\u0101jot ar kraftpap\u012bru:str\u0101d\u0101jot ar pl\u0113vi: 260 mm180 mm 260 mm180 mm 390 mm390 mm 390 mm390 mm svars [&hellip;]\" \/>\n<meta property=\"og:url\" content=\"https:\/\/paradowski.net\/lv\/product\/busch-tb\/\" \/>\n<meta property=\"og:site_name\" content=\"Paradowski\" \/>\n<meta property=\"article:modified_time\" content=\"2024-05-27T12:31:14+00:00\" \/>\n<meta property=\"og:image\" content=\"https:\/\/paradowski.net\/wp-content\/uploads\/2024\/10\/logotype.png\" \/>\n\t<meta property=\"og:image:width\" content=\"2400\" \/>\n\t<meta property=\"og:image:height\" content=\"1350\" \/>\n\t<meta property=\"og:image:type\" content=\"image\/png\" \/>\n<meta name=\"twitter:card\" content=\"summary_large_image\" \/>\n<meta name=\"twitter:label1\" content=\"Est. reading time\" \/>\n\t<meta name=\"twitter:data1\" content=\"1 minute\" \/>\n<script type=\"application\/ld+json\" class=\"yoast-schema-graph\">{\"@context\":\"https:\/\/schema.org\",\"@graph\":[{\"@type\":\"WebPage\",\"@id\":\"https:\/\/paradowski.net\/lv\/product\/busch-tb\/\",\"url\":\"https:\/\/paradowski.net\/lv\/product\/busch-tb\/\",\"name\":\"Busch TB - Paradowski\",\"isPartOf\":{\"@id\":\"https:\/\/paradowski.net\/lv\/#website\"},\"datePublished\":\"2024-05-27T12:28:21+00:00\",\"dateModified\":\"2024-05-27T12:31:14+00:00\",\"breadcrumb\":{\"@id\":\"https:\/\/paradowski.net\/lv\/product\/busch-tb\/#breadcrumb\"},\"inLanguage\":\"lv-LV\",\"potentialAction\":[{\"@type\":\"ReadAction\",\"target\":[\"https:\/\/paradowski.net\/lv\/product\/busch-tb\/\"]}]},{\"@type\":\"BreadcrumbList\",\"@id\":\"https:\/\/paradowski.net\/lv\/product\/busch-tb\/#breadcrumb\",\"itemListElement\":[{\"@type\":\"ListItem\",\"position\":1,\"name\":\"Home\",\"item\":\"https:\/\/paradowski.net\/lv\/\"},{\"@type\":\"ListItem\",\"position\":2,\"name\":\"Busch TB\"}]},{\"@type\":\"WebSite\",\"@id\":\"https:\/\/paradowski.net\/lv\/#website\",\"url\":\"https:\/\/paradowski.net\/lv\/\",\"name\":\"Paradowski\",\"description\":\"\",\"publisher\":{\"@id\":\"https:\/\/paradowski.net\/lv\/#organization\"},\"potentialAction\":[{\"@type\":\"SearchAction\",\"target\":{\"@type\":\"EntryPoint\",\"urlTemplate\":\"https:\/\/paradowski.net\/lv\/?s={search_term_string}\"},\"query-input\":{\"@type\":\"PropertyValueSpecification\",\"valueRequired\":true,\"valueName\":\"search_term_string\"}}],\"inLanguage\":\"lv-LV\"},{\"@type\":\"Organization\",\"@id\":\"https:\/\/paradowski.net\/lv\/#organization\",\"name\":\"Paradowski\",\"url\":\"https:\/\/paradowski.net\/lv\/\",\"logo\":{\"@type\":\"ImageObject\",\"inLanguage\":\"lv-LV\",\"@id\":\"https:\/\/paradowski.net\/lv\/#\/schema\/logo\/image\/\",\"url\":\"https:\/\/paradowski.net\/wp-content\/uploads\/2024\/10\/logo-paradowski.svg\",\"contentUrl\":\"https:\/\/paradowski.net\/wp-content\/uploads\/2024\/10\/logo-paradowski.svg\",\"width\":264,\"height\":60,\"caption\":\"Paradowski\"},\"image\":{\"@id\":\"https:\/\/paradowski.net\/lv\/#\/schema\/logo\/image\/\"}}]}<\/script>\n","yoast_head_json":{"title":"Busch TB - Paradowski","robots":{"index":"index","follow":"follow","max-snippet":"max-snippet:-1","max-image-preview":"max-image-preview:large","max-video-preview":"max-video-preview:-1"},"canonical":"https:\/\/paradowski.net\/lv\/product\/busch-tb\/","og_locale":"lv_LV","og_type":"article","og_title":"Busch TB - Paradowski","og_description":"Badrol\u0113jamas ma\u0161\u012bnas Busch TB paredz\u0113tas bandrol\u0113\u0161anai ar kraftpap\u012bru vai pl\u0113vi. Iek\u0101rta dod iesp\u0113ju \u0101tri bandrol\u0113t produktus vai produktu \u0137\u012bpas. Modelis: TB 26I TB 26II TB 39-30 TB 39-50 kraftpap\u012bra \/ pl\u0113ves platums 20\/30 40\/50 30 50 maks.darba platums:str\u0101d\u0101jot ar kraftpap\u012bru:str\u0101d\u0101jot ar pl\u0113vi: 260 mm180 mm 260 mm180 mm 390 mm390 mm 390 mm390 mm svars [&hellip;]","og_url":"https:\/\/paradowski.net\/lv\/product\/busch-tb\/","og_site_name":"Paradowski","article_modified_time":"2024-05-27T12:31:14+00:00","og_image":[{"width":2400,"height":1350,"url":"https:\/\/paradowski.net\/wp-content\/uploads\/2024\/10\/logotype.png","type":"image\/png"}],"twitter_card":"summary_large_image","twitter_misc":{"Est. reading time":"1 minute"},"schema":{"@context":"https:\/\/schema.org","@graph":[{"@type":"WebPage","@id":"https:\/\/paradowski.net\/lv\/product\/busch-tb\/","url":"https:\/\/paradowski.net\/lv\/product\/busch-tb\/","name":"Busch TB - Paradowski","isPartOf":{"@id":"https:\/\/paradowski.net\/lv\/#website"},"datePublished":"2024-05-27T12:28:21+00:00","dateModified":"2024-05-27T12:31:14+00:00","breadcrumb":{"@id":"https:\/\/paradowski.net\/lv\/product\/busch-tb\/#breadcrumb"},"inLanguage":"lv-LV","potentialAction":[{"@type":"ReadAction","target":["https:\/\/paradowski.net\/lv\/product\/busch-tb\/"]}]},{"@type":"BreadcrumbList","@id":"https:\/\/paradowski.net\/lv\/product\/busch-tb\/#breadcrumb","itemListElement":[{"@type":"ListItem","position":1,"name":"Home","item":"https:\/\/paradowski.net\/lv\/"},{"@type":"ListItem","position":2,"name":"Busch TB"}]},{"@type":"WebSite","@id":"https:\/\/paradowski.net\/lv\/#website","url":"https:\/\/paradowski.net\/lv\/","name":"Paradowski","description":"","publisher":{"@id":"https:\/\/paradowski.net\/lv\/#organization"},"potentialAction":[{"@type":"SearchAction","target":{"@type":"EntryPoint","urlTemplate":"https:\/\/paradowski.net\/lv\/?s={search_term_string}"},"query-input":{"@type":"PropertyValueSpecification","valueRequired":true,"valueName":"search_term_string"}}],"inLanguage":"lv-LV"},{"@type":"Organization","@id":"https:\/\/paradowski.net\/lv\/#organization","name":"Paradowski","url":"https:\/\/paradowski.net\/lv\/","logo":{"@type":"ImageObject","inLanguage":"lv-LV","@id":"https:\/\/paradowski.net\/lv\/#\/schema\/logo\/image\/","url":"https:\/\/paradowski.net\/wp-content\/uploads\/2024\/10\/logo-paradowski.svg","contentUrl":"https:\/\/paradowski.net\/wp-content\/uploads\/2024\/10\/logo-paradowski.svg","width":264,"height":60,"caption":"Paradowski"},"image":{"@id":"https:\/\/paradowski.net\/lv\/#\/schema\/logo\/image\/"}}]}},"_links":{"self":[{"href":"https:\/\/paradowski.net\/lv\/wp-json\/wp\/v2\/product\/234","targetHints":{"allow":["GET"]}}],"collection":[{"href":"https:\/\/paradowski.net\/lv\/wp-json\/wp\/v2\/product"}],"about":[{"href":"https:\/\/paradowski.net\/lv\/wp-json\/wp\/v2\/types\/product"}],"wp:attachment":[{"href":"https:\/\/paradowski.net\/lv\/wp-json\/wp\/v2\/media?parent=234"}],"wp:term":[{"taxonomy":"category","embeddable":true,"href":"https:\/\/paradowski.net\/lv\/wp-json\/wp\/v2\/categories?post=234"},{"taxonomy":"brand","embeddable":true,"href":"https:\/\/paradowski.net\/lv\/wp-json\/wp\/v2\/brand?post=234"},{"taxonomy":"product_type","embeddable":true,"href":"https:\/\/paradowski.net\/lv\/wp-json\/wp\/v2\/product_type?post=234"}],"curies":[{"name":"wp","href":"https:\/\/api.w.org\/{rel}","templated":true}]}}