{"id":427,"date":"2024-06-27T16:38:26","date_gmt":"2024-06-27T16:38:26","guid":{"rendered":"https:\/\/paradowski.net\/?post_type=product&#038;p=427"},"modified":"2024-06-27T17:08:24","modified_gmt":"2024-06-27T17:08:24","slug":"ml","status":"publish","type":"product","link":"https:\/\/paradowski.net\/lv\/product\/ml\/","title":{"rendered":"ML"},"content":{"rendered":"\n<p>T\u012b\u0123e\u013ca tipa izc\u0113r\u0161anas ma\u0161\u012bnas<\/p>\n\n<figure class=\"wp-block-gallery has-nested-images columns-default is-cropped wp-block-gallery-1 is-layout-flex wp-block-gallery-is-layout-flex\">\n<figure class=\"wp-block-image size-large\"><img loading=\"lazy\" decoding=\"async\" width=\"300\" height=\"300\" data-id=\"428\" src=\"https:\/\/paradowski.net\/\/wp-content\/uploads\/2024\/06\/MP_tigel.jpg\" alt=\"\" class=\"wp-image-428\" srcset=\"https:\/\/paradowski.net\/wp-content\/uploads\/2024\/06\/MP_tigel.jpg 300w, https:\/\/paradowski.net\/wp-content\/uploads\/2024\/06\/MP_tigel-150x150.jpg 150w\" sizes=\"auto, (max-width: 300px) 100vw, 300px\" \/><\/figure>\n<\/figure>\n\n<p>T\u012b\u0123e\u013ca tipa izc\u0113r\u0161anas ma\u0161\u012bnas, l\u012bdz\u012bgi iespiedma\u0161\u012bn\u0101m un grie\u017ema\u0161\u012bn\u0101m ir piepras\u012bt\u0101k\u0101 un popul\u0101r\u0101k\u0101 tehnika tipogr\u0101fij\u0101s. Neskatoties un vienk\u0101r\u0161u konstrukciju, t\u0101s var veikt pla\u0161u oper\u0101ciju spektru: izcir\u0161anu pa kont\u016bru materi\u0101la iek\u0161pus\u0113, rievo\u0161anu, blindspiedumu uz da\u017e\u0101diem lok\u0161\u0146u materi\u0101liem : kartona, pap\u012bra, gofr\u0113t\u0101 kartona, plastik\u0101ta. Ma\u0161\u012bnas tiek izmantotas iepakojuma, eti\u0137e\u0161u, gr\u0101matu u.c. produkcijai.<br>Tehniski t\u012b\u0123e\u013ca tipa izc\u0113r\u0161anas ma\u0161\u012bnas sat\u0101v no div\u0101m plat\u0113m &#8211; nakust\u012bg\u0101s, uz kuras ir piestiprin\u0101ts cirtnis, un kust\u012bg\u0101s, kur tiek novietots apstr\u0101d\u0101jamais materi\u0101ls. Darba \u0101trums vienm\u0113r\u012bgi regul\u0113jas un var b\u016bt 15-30 cikli min\u016bt\u0113 atkar\u012bb\u0101 no materi\u0101la form\u0101ta, tipa, k\u0101 ar\u012b no cirt\u0146a kvalit\u0101tes un oper\u0101tora kvalifik\u0101cijas.<br>Iek\u0101rt\u0101m ir mas\u012bva konstrukcija, liels izcir\u0161anas spiediens, m\u016bsdien\u012bga elektronika, t\u0101s apr\u012bkotas ar kvalitat\u012bvu e\u013c\u013co\u0161anas sist\u0113mu, vienk\u0101r\u0161a apkalp\u0113, pateicoties tam t\u0101s ir uzticamas darb\u012bb\u0101.<\/p>\n\n<p><\/p>\n\n<p>S\u0113rijas ML ma\u0161\u012bnas apr\u012bkotas ar ier\u012bc\u0113m darbam apst\u0101\u0161an\u0101s re\u017e\u012bm\u0101, autom\u0101tisko e\u013c\u013co\u0161anas sist\u0113mu, skait\u012bt\u0101ju, kust\u012bg\u0101 plate tiek darbin\u0101ta ar el.motoru ar \u0137\u012b\u013csiksnu pal\u012bdz\u012bbu, elektrisk\u0101 da\u013ca un aizsargierices atbilst eiropas standartiem.<\/p>\n\n<figure class=\"wp-block-table\"><table><tbody><tr><td><strong>mod.:<\/strong><\/td><td><strong>darba form\u0101ts:<\/strong><\/td><td><strong>ra\u017e\u012bba, cikli\/min:<\/strong><\/td><td><strong>maks.na\u017eu garums:<\/strong><\/td><\/tr><tr><td>ML 750<\/td><td>75\u044552 cm<\/td><td>l\u012bdz 25<\/td><td>&lt; 15 m<\/td><\/tr><tr><td>ML 1040<\/td><td>104\u044572 cm<\/td><td>l\u012bdz 21<\/td><td>&lt; 32 m<\/td><\/tr><tr><td>ML 1100<\/td><td>110\u044580 cm<\/td><td>l\u012bdz 21<\/td><td>&lt; 32 m<\/td><\/tr><tr><td>ML 1200<\/td><td>120\u044583 cm<\/td><td>l\u012bdz 21<\/td><td>&lt; 32 m<\/td><\/tr><tr><td>ML 1300<\/td><td>130\u044592 cm<\/td><td>l\u012bdz 15<\/td><td>&lt; 40 m<\/td><\/tr><tr><td>ML 1400<\/td><td>140\u0445100 cm<\/td><td>l\u012bdz 15<\/td><td>&lt; 40 m<\/td><\/tr><tr><td>ML 1500<\/td><td>150&#215;108 cm<\/td><td>l\u012bdz 14<\/td><td>&lt; 45 m<\/td><\/tr><tr><td>ML 1600<\/td><td>160\u0445108 cm<\/td><td>l\u012bdz 13<\/td><td>&lt; 50 m<\/td><\/tr><tr><td>ML 1800<\/td><td>180\u0445125 cm<\/td><td>l\u012bdz 13<\/td><td>&lt; 62 m<\/td><\/tr><tr><td>ML 2000<\/td><td>200\u0445130 cm<\/td><td>l\u012bdz 13<\/td><td>&lt; 72 m<\/td><\/tr><tr><td>ML 2500<\/td><td>250\u0445140 cm<\/td><td>l\u012bdz 11<\/td><td>&lt; 75 m<\/td><\/tr><\/tbody><\/table><\/figure>\n","protected":false},"template":"","categories":[58],"brand":[],"product_type":[],"class_list":["post-427","product","type-product","status-publish","hentry","category-iekartas-iepakojuma-razosanai"],"acf":[],"yoast_head":"\n<title>ML - Paradowski<\/title>\n<meta name=\"robots\" content=\"index, follow, max-snippet:-1, max-image-preview:large, max-video-preview:-1\" \/>\n<link rel=\"canonical\" href=\"https:\/\/paradowski.net\/lv\/product\/ml\/\" \/>\n<meta property=\"og:locale\" content=\"lv_LV\" \/>\n<meta property=\"og:type\" content=\"article\" \/>\n<meta property=\"og:title\" content=\"ML - Paradowski\" \/>\n<meta property=\"og:description\" content=\"T\u012b\u0123e\u013ca tipa izc\u0113r\u0161anas ma\u0161\u012bnas T\u012b\u0123e\u013ca tipa izc\u0113r\u0161anas ma\u0161\u012bnas, l\u012bdz\u012bgi iespiedma\u0161\u012bn\u0101m un grie\u017ema\u0161\u012bn\u0101m ir piepras\u012bt\u0101k\u0101 un popul\u0101r\u0101k\u0101 tehnika tipogr\u0101fij\u0101s. Neskatoties un vienk\u0101r\u0161u konstrukciju, t\u0101s var veikt pla\u0161u oper\u0101ciju spektru: izcir\u0161anu pa kont\u016bru materi\u0101la iek\u0161pus\u0113, rievo\u0161anu, blindspiedumu uz da\u017e\u0101diem lok\u0161\u0146u materi\u0101liem : kartona, pap\u012bra, gofr\u0113t\u0101 kartona, plastik\u0101ta. Ma\u0161\u012bnas tiek izmantotas iepakojuma, eti\u0137e\u0161u, gr\u0101matu u.c. produkcijai.Tehniski t\u012b\u0123e\u013ca tipa [&hellip;]\" \/>\n<meta property=\"og:url\" content=\"https:\/\/paradowski.net\/lv\/product\/ml\/\" \/>\n<meta property=\"og:site_name\" content=\"Paradowski\" \/>\n<meta property=\"article:modified_time\" content=\"2024-06-27T17:08:24+00:00\" \/>\n<meta property=\"og:image\" content=\"https:\/\/paradowski.net\/\/wp-content\/uploads\/2024\/06\/MP_tigel.jpg\" \/>\n<meta name=\"twitter:card\" content=\"summary_large_image\" \/>\n<meta name=\"twitter:label1\" content=\"Est. reading time\" \/>\n\t<meta name=\"twitter:data1\" content=\"2 minutes\" \/>\n<script type=\"application\/ld+json\" class=\"yoast-schema-graph\">{\"@context\":\"https:\/\/schema.org\",\"@graph\":[{\"@type\":\"WebPage\",\"@id\":\"https:\/\/paradowski.net\/lv\/product\/ml\/\",\"url\":\"https:\/\/paradowski.net\/lv\/product\/ml\/\",\"name\":\"ML - Paradowski\",\"isPartOf\":{\"@id\":\"https:\/\/paradowski.net\/lv\/#website\"},\"primaryImageOfPage\":{\"@id\":\"https:\/\/paradowski.net\/lv\/product\/ml\/#primaryimage\"},\"image\":{\"@id\":\"https:\/\/paradowski.net\/lv\/product\/ml\/#primaryimage\"},\"thumbnailUrl\":\"https:\/\/paradowski.net\/\/wp-content\/uploads\/2024\/06\/MP_tigel.jpg\",\"datePublished\":\"2024-06-27T16:38:26+00:00\",\"dateModified\":\"2024-06-27T17:08:24+00:00\",\"breadcrumb\":{\"@id\":\"https:\/\/paradowski.net\/lv\/product\/ml\/#breadcrumb\"},\"inLanguage\":\"lv-LV\",\"potentialAction\":[{\"@type\":\"ReadAction\",\"target\":[\"https:\/\/paradowski.net\/lv\/product\/ml\/\"]}]},{\"@type\":\"ImageObject\",\"inLanguage\":\"lv-LV\",\"@id\":\"https:\/\/paradowski.net\/lv\/product\/ml\/#primaryimage\",\"url\":\"https:\/\/paradowski.net\/\/wp-content\/uploads\/2024\/06\/MP_tigel.jpg\",\"contentUrl\":\"https:\/\/paradowski.net\/\/wp-content\/uploads\/2024\/06\/MP_tigel.jpg\"},{\"@type\":\"BreadcrumbList\",\"@id\":\"https:\/\/paradowski.net\/lv\/product\/ml\/#breadcrumb\",\"itemListElement\":[{\"@type\":\"ListItem\",\"position\":1,\"name\":\"Home\",\"item\":\"https:\/\/paradowski.net\/lv\/\"},{\"@type\":\"ListItem\",\"position\":2,\"name\":\"ML\"}]},{\"@type\":\"WebSite\",\"@id\":\"https:\/\/paradowski.net\/lv\/#website\",\"url\":\"https:\/\/paradowski.net\/lv\/\",\"name\":\"Paradowski\",\"description\":\"\",\"publisher\":{\"@id\":\"https:\/\/paradowski.net\/lv\/#organization\"},\"potentialAction\":[{\"@type\":\"SearchAction\",\"target\":{\"@type\":\"EntryPoint\",\"urlTemplate\":\"https:\/\/paradowski.net\/lv\/?s={search_term_string}\"},\"query-input\":{\"@type\":\"PropertyValueSpecification\",\"valueRequired\":true,\"valueName\":\"search_term_string\"}}],\"inLanguage\":\"lv-LV\"},{\"@type\":\"Organization\",\"@id\":\"https:\/\/paradowski.net\/lv\/#organization\",\"name\":\"Paradowski\",\"url\":\"https:\/\/paradowski.net\/lv\/\",\"logo\":{\"@type\":\"ImageObject\",\"inLanguage\":\"lv-LV\",\"@id\":\"https:\/\/paradowski.net\/lv\/#\/schema\/logo\/image\/\",\"url\":\"https:\/\/paradowski.net\/wp-content\/uploads\/2024\/10\/logo-paradowski.svg\",\"contentUrl\":\"https:\/\/paradowski.net\/wp-content\/uploads\/2024\/10\/logo-paradowski.svg\",\"width\":264,\"height\":60,\"caption\":\"Paradowski\"},\"image\":{\"@id\":\"https:\/\/paradowski.net\/lv\/#\/schema\/logo\/image\/\"}}]}<\/script>\n","yoast_head_json":{"title":"ML - Paradowski","robots":{"index":"index","follow":"follow","max-snippet":"max-snippet:-1","max-image-preview":"max-image-preview:large","max-video-preview":"max-video-preview:-1"},"canonical":"https:\/\/paradowski.net\/lv\/product\/ml\/","og_locale":"lv_LV","og_type":"article","og_title":"ML - Paradowski","og_description":"T\u012b\u0123e\u013ca tipa izc\u0113r\u0161anas ma\u0161\u012bnas T\u012b\u0123e\u013ca tipa izc\u0113r\u0161anas ma\u0161\u012bnas, l\u012bdz\u012bgi iespiedma\u0161\u012bn\u0101m un grie\u017ema\u0161\u012bn\u0101m ir piepras\u012bt\u0101k\u0101 un popul\u0101r\u0101k\u0101 tehnika tipogr\u0101fij\u0101s. Neskatoties un vienk\u0101r\u0161u konstrukciju, t\u0101s var veikt pla\u0161u oper\u0101ciju spektru: izcir\u0161anu pa kont\u016bru materi\u0101la iek\u0161pus\u0113, rievo\u0161anu, blindspiedumu uz da\u017e\u0101diem lok\u0161\u0146u materi\u0101liem : kartona, pap\u012bra, gofr\u0113t\u0101 kartona, plastik\u0101ta. Ma\u0161\u012bnas tiek izmantotas iepakojuma, eti\u0137e\u0161u, gr\u0101matu u.c. produkcijai.Tehniski t\u012b\u0123e\u013ca tipa [&hellip;]","og_url":"https:\/\/paradowski.net\/lv\/product\/ml\/","og_site_name":"Paradowski","article_modified_time":"2024-06-27T17:08:24+00:00","og_image":[{"url":"https:\/\/paradowski.net\/\/wp-content\/uploads\/2024\/06\/MP_tigel.jpg"}],"twitter_card":"summary_large_image","twitter_misc":{"Est. reading time":"2 minutes"},"schema":{"@context":"https:\/\/schema.org","@graph":[{"@type":"WebPage","@id":"https:\/\/paradowski.net\/lv\/product\/ml\/","url":"https:\/\/paradowski.net\/lv\/product\/ml\/","name":"ML - Paradowski","isPartOf":{"@id":"https:\/\/paradowski.net\/lv\/#website"},"primaryImageOfPage":{"@id":"https:\/\/paradowski.net\/lv\/product\/ml\/#primaryimage"},"image":{"@id":"https:\/\/paradowski.net\/lv\/product\/ml\/#primaryimage"},"thumbnailUrl":"https:\/\/paradowski.net\/\/wp-content\/uploads\/2024\/06\/MP_tigel.jpg","datePublished":"2024-06-27T16:38:26+00:00","dateModified":"2024-06-27T17:08:24+00:00","breadcrumb":{"@id":"https:\/\/paradowski.net\/lv\/product\/ml\/#breadcrumb"},"inLanguage":"lv-LV","potentialAction":[{"@type":"ReadAction","target":["https:\/\/paradowski.net\/lv\/product\/ml\/"]}]},{"@type":"ImageObject","inLanguage":"lv-LV","@id":"https:\/\/paradowski.net\/lv\/product\/ml\/#primaryimage","url":"https:\/\/paradowski.net\/\/wp-content\/uploads\/2024\/06\/MP_tigel.jpg","contentUrl":"https:\/\/paradowski.net\/\/wp-content\/uploads\/2024\/06\/MP_tigel.jpg"},{"@type":"BreadcrumbList","@id":"https:\/\/paradowski.net\/lv\/product\/ml\/#breadcrumb","itemListElement":[{"@type":"ListItem","position":1,"name":"Home","item":"https:\/\/paradowski.net\/lv\/"},{"@type":"ListItem","position":2,"name":"ML"}]},{"@type":"WebSite","@id":"https:\/\/paradowski.net\/lv\/#website","url":"https:\/\/paradowski.net\/lv\/","name":"Paradowski","description":"","publisher":{"@id":"https:\/\/paradowski.net\/lv\/#organization"},"potentialAction":[{"@type":"SearchAction","target":{"@type":"EntryPoint","urlTemplate":"https:\/\/paradowski.net\/lv\/?s={search_term_string}"},"query-input":{"@type":"PropertyValueSpecification","valueRequired":true,"valueName":"search_term_string"}}],"inLanguage":"lv-LV"},{"@type":"Organization","@id":"https:\/\/paradowski.net\/lv\/#organization","name":"Paradowski","url":"https:\/\/paradowski.net\/lv\/","logo":{"@type":"ImageObject","inLanguage":"lv-LV","@id":"https:\/\/paradowski.net\/lv\/#\/schema\/logo\/image\/","url":"https:\/\/paradowski.net\/wp-content\/uploads\/2024\/10\/logo-paradowski.svg","contentUrl":"https:\/\/paradowski.net\/wp-content\/uploads\/2024\/10\/logo-paradowski.svg","width":264,"height":60,"caption":"Paradowski"},"image":{"@id":"https:\/\/paradowski.net\/lv\/#\/schema\/logo\/image\/"}}]}},"_links":{"self":[{"href":"https:\/\/paradowski.net\/lv\/wp-json\/wp\/v2\/product\/427","targetHints":{"allow":["GET"]}}],"collection":[{"href":"https:\/\/paradowski.net\/lv\/wp-json\/wp\/v2\/product"}],"about":[{"href":"https:\/\/paradowski.net\/lv\/wp-json\/wp\/v2\/types\/product"}],"wp:attachment":[{"href":"https:\/\/paradowski.net\/lv\/wp-json\/wp\/v2\/media?parent=427"}],"wp:term":[{"taxonomy":"category","embeddable":true,"href":"https:\/\/paradowski.net\/lv\/wp-json\/wp\/v2\/categories?post=427"},{"taxonomy":"brand","embeddable":true,"href":"https:\/\/paradowski.net\/lv\/wp-json\/wp\/v2\/brand?post=427"},{"taxonomy":"product_type","embeddable":true,"href":"https:\/\/paradowski.net\/lv\/wp-json\/wp\/v2\/product_type?post=427"}],"curies":[{"name":"wp","href":"https:\/\/api.w.org\/{rel}","templated":true}]}}