{"id":444,"date":"2024-06-27T17:16:08","date_gmt":"2024-06-27T17:16:08","guid":{"rendered":"https:\/\/paradowski.net\/?post_type=product&#038;p=444"},"modified":"2024-10-04T13:28:17","modified_gmt":"2024-10-04T13:28:17","slug":"scs-automaberg-2hcr","status":"publish","type":"product","link":"https:\/\/paradowski.net\/lv\/product\/scs-automaberg-2hcr\/","title":{"rendered":"SCS Automaberg 2HCR"},"content":{"rendered":"\n<p>pusautom\u0101tisk\u0101 ma\u0161\u012bna maz\u0101m un vid\u0113j\u0101m tir\u0101\u017e\u0101m \u013cauj veikt 4 gr\u0101matu v\u0101ku st\u016br\u012b\u0161u apa\u013co\u0161anu 2 g\u0101jienos. <\/p>\n\n<figure class=\"wp-block-gallery has-nested-images columns-default is-cropped wp-block-gallery-1 is-layout-flex wp-block-gallery-is-layout-flex\">\n<figure class=\"wp-block-image size-large\"><img loading=\"lazy\" decoding=\"async\" width=\"1024\" height=\"525\" data-id=\"445\" src=\"https:\/\/paradowski.net\/\/wp-content\/uploads\/2024\/06\/2hcr2-1024x525.jpg\" alt=\"\" class=\"wp-image-445\" srcset=\"https:\/\/paradowski.net\/wp-content\/uploads\/2024\/06\/2hcr2-1024x525.jpg 1024w, https:\/\/paradowski.net\/wp-content\/uploads\/2024\/06\/2hcr2-300x154.jpg 300w, https:\/\/paradowski.net\/wp-content\/uploads\/2024\/06\/2hcr2-768x394.jpg 768w, https:\/\/paradowski.net\/wp-content\/uploads\/2024\/06\/2hcr2.jpg 1140w\" sizes=\"auto, (max-width: 1024px) 100vw, 1024px\" \/><\/figure>\n\n\n\n<figure class=\"wp-block-image size-large\"><img loading=\"lazy\" decoding=\"async\" width=\"1024\" height=\"525\" data-id=\"448\" src=\"https:\/\/paradowski.net\/\/wp-content\/uploads\/2024\/06\/2hcr3-1024x525.jpg\" alt=\"\" class=\"wp-image-448\" srcset=\"https:\/\/paradowski.net\/wp-content\/uploads\/2024\/06\/2hcr3-1024x525.jpg 1024w, https:\/\/paradowski.net\/wp-content\/uploads\/2024\/06\/2hcr3-300x154.jpg 300w, https:\/\/paradowski.net\/wp-content\/uploads\/2024\/06\/2hcr3-768x394.jpg 768w, https:\/\/paradowski.net\/wp-content\/uploads\/2024\/06\/2hcr3.jpg 1140w\" sizes=\"auto, (max-width: 1024px) 100vw, 1024px\" \/><\/figure>\n\n\n\n<figure class=\"wp-block-image size-large\"><img loading=\"lazy\" decoding=\"async\" width=\"1024\" height=\"525\" data-id=\"451\" src=\"https:\/\/paradowski.net\/\/wp-content\/uploads\/2024\/06\/2hcr4-1024x525.jpg\" alt=\"\" class=\"wp-image-451\" srcset=\"https:\/\/paradowski.net\/wp-content\/uploads\/2024\/06\/2hcr4-1024x525.jpg 1024w, https:\/\/paradowski.net\/wp-content\/uploads\/2024\/06\/2hcr4-300x154.jpg 300w, https:\/\/paradowski.net\/wp-content\/uploads\/2024\/06\/2hcr4-768x394.jpg 768w, https:\/\/paradowski.net\/wp-content\/uploads\/2024\/06\/2hcr4.jpg 1140w\" sizes=\"auto, (max-width: 1024px) 100vw, 1024px\" \/><\/figure>\n\n\n\n<figure class=\"wp-block-image size-large\"><img loading=\"lazy\" decoding=\"async\" width=\"428\" height=\"250\" data-id=\"454\" src=\"https:\/\/paradowski.net\/\/wp-content\/uploads\/2024\/06\/dati_tecnici.jpg\" alt=\"\" class=\"wp-image-454\" srcset=\"https:\/\/paradowski.net\/wp-content\/uploads\/2024\/06\/dati_tecnici.jpg 428w, https:\/\/paradowski.net\/wp-content\/uploads\/2024\/06\/dati_tecnici-300x175.jpg 300w\" sizes=\"auto, (max-width: 428px) 100vw, 428px\" \/><\/figure>\n<\/figure>\n\n<p>Darba princips: gr\u0101matu v\u0101ki ar roku tiek ielikti st\u016br\u012b\u0161u apa\u013co\u0161anas sekcij\u0101, nolai\u017eas divas galvi\u0146as un noapa\u013co st\u016br\u012b\u0161us. Ma\u0161\u012bna ir apr\u012bkota ar sild\u012b\u0161anas sist\u0113mu, kas padara m\u012bkst\u0101ku l\u012bmi pirms st\u016br\u012b\u0161u apa\u013co\u0161anas, spiediena laiku uzst\u0101da displej\u0101.<\/p>\n\n<p>Priek\u0161roc\u012bbas un \u012bpatn\u012bbas: ma\u0161\u012bnai ir rakstur\u012bga \u0101tra un vienk\u0101r\u0161a regul\u0113\u0161ana, neliela aiz\u0146emt\u0101 plat\u012bba un vienk\u0101r\u0161a ekspluat\u0101cija.<\/p>\n\n<p>Gr\u0101matu v\u0101ku st\u016br\u012b\u0161u apa\u013co\u0161ana ir izdevumu noform\u0113\u0161anas \u012bpa\u0161s elements, kas uzlabo to \u0101r\u0113jo izskatu un nov\u0113r\u0161 st\u016br\u012b\u0161u boj\u0101\u0161anos, ilgsto\u0161i lietojot gr\u0101matu, padara \u0113rt\u0101ku t\u0101s izmanto\u0161anu. St\u016br\u012b\u0161u apa\u013co\u0161ana notiek uz speci\u0101las iek\u0101rtas. Firmas SCS Automaberg, It\u0101lija, iek\u0101rtas \u013cauj apa\u013cot st\u016br\u012b\u0161us cieta ies\u0113juma un integr\u0101l\u0101 ies\u0113juma gr\u0101matu v\u0101kiem, kas pirms tam izgatavoti uz jebkuras gr\u0101matu v\u0101ku izgatavo\u0161anas ma\u0161\u012bnas.<\/p>\n\n<p><\/p>\n\n<p><strong>Tehniskie dati:<\/strong><\/p>\n\n<figure class=\"wp-block-table\"><table><tbody><tr><td>Atv\u0113rtas gr\u0101matas form\u0101ts<\/td><td>maks 600 \u0445 570 mm min 143 \u0445 92 mm<\/td><\/tr><tr><td>Gabar\u012bti, svars<\/td><td>110\u0445142\u0445156 cm, 200 kg<\/td><\/tr><\/tbody><\/table><\/figure>\n","protected":false},"template":"","categories":[56],"brand":[],"product_type":[],"class_list":["post-444","product","type-product","status-publish","hentry","category-pecapstrades-iekartas"],"acf":[],"yoast_head":"\n<title>SCS Automaberg 2HCR - Paradowski<\/title>\n<meta name=\"robots\" content=\"index, follow, max-snippet:-1, max-image-preview:large, max-video-preview:-1\" \/>\n<link rel=\"canonical\" href=\"https:\/\/paradowski.net\/lv\/product\/scs-automaberg-2hcr\/\" \/>\n<meta property=\"og:locale\" content=\"lv_LV\" \/>\n<meta property=\"og:type\" content=\"article\" \/>\n<meta property=\"og:title\" content=\"SCS Automaberg 2HCR - Paradowski\" \/>\n<meta property=\"og:description\" content=\"pusautom\u0101tisk\u0101 ma\u0161\u012bna maz\u0101m un vid\u0113j\u0101m tir\u0101\u017e\u0101m \u013cauj veikt 4 gr\u0101matu v\u0101ku st\u016br\u012b\u0161u apa\u013co\u0161anu 2 g\u0101jienos. Darba princips: gr\u0101matu v\u0101ki ar roku tiek ielikti st\u016br\u012b\u0161u apa\u013co\u0161anas sekcij\u0101, nolai\u017eas divas galvi\u0146as un noapa\u013co st\u016br\u012b\u0161us. Ma\u0161\u012bna ir apr\u012bkota ar sild\u012b\u0161anas sist\u0113mu, kas padara m\u012bkst\u0101ku l\u012bmi pirms st\u016br\u012b\u0161u apa\u013co\u0161anas, spiediena laiku uzst\u0101da displej\u0101. Priek\u0161roc\u012bbas un \u012bpatn\u012bbas: ma\u0161\u012bnai ir rakstur\u012bga [&hellip;]\" \/>\n<meta property=\"og:url\" content=\"https:\/\/paradowski.net\/lv\/product\/scs-automaberg-2hcr\/\" \/>\n<meta property=\"og:site_name\" content=\"Paradowski\" \/>\n<meta property=\"article:modified_time\" content=\"2024-10-04T13:28:17+00:00\" \/>\n<meta property=\"og:image\" content=\"https:\/\/paradowski.net\/\/wp-content\/uploads\/2024\/06\/2hcr2-1024x525.jpg\" \/>\n<meta name=\"twitter:card\" content=\"summary_large_image\" \/>\n<meta name=\"twitter:label1\" content=\"Est. reading time\" \/>\n\t<meta name=\"twitter:data1\" content=\"2 minutes\" \/>\n<script type=\"application\/ld+json\" class=\"yoast-schema-graph\">{\"@context\":\"https:\/\/schema.org\",\"@graph\":[{\"@type\":\"WebPage\",\"@id\":\"https:\/\/paradowski.net\/lv\/product\/scs-automaberg-2hcr\/\",\"url\":\"https:\/\/paradowski.net\/lv\/product\/scs-automaberg-2hcr\/\",\"name\":\"SCS Automaberg 2HCR - Paradowski\",\"isPartOf\":{\"@id\":\"https:\/\/paradowski.net\/lv\/#website\"},\"primaryImageOfPage\":{\"@id\":\"https:\/\/paradowski.net\/lv\/product\/scs-automaberg-2hcr\/#primaryimage\"},\"image\":{\"@id\":\"https:\/\/paradowski.net\/lv\/product\/scs-automaberg-2hcr\/#primaryimage\"},\"thumbnailUrl\":\"https:\/\/paradowski.net\/\/wp-content\/uploads\/2024\/06\/2hcr2-1024x525.jpg\",\"datePublished\":\"2024-06-27T17:16:08+00:00\",\"dateModified\":\"2024-10-04T13:28:17+00:00\",\"breadcrumb\":{\"@id\":\"https:\/\/paradowski.net\/lv\/product\/scs-automaberg-2hcr\/#breadcrumb\"},\"inLanguage\":\"lv-LV\",\"potentialAction\":[{\"@type\":\"ReadAction\",\"target\":[\"https:\/\/paradowski.net\/lv\/product\/scs-automaberg-2hcr\/\"]}]},{\"@type\":\"ImageObject\",\"inLanguage\":\"lv-LV\",\"@id\":\"https:\/\/paradowski.net\/lv\/product\/scs-automaberg-2hcr\/#primaryimage\",\"url\":\"https:\/\/paradowski.net\/\/wp-content\/uploads\/2024\/06\/2hcr2-1024x525.jpg\",\"contentUrl\":\"https:\/\/paradowski.net\/\/wp-content\/uploads\/2024\/06\/2hcr2-1024x525.jpg\"},{\"@type\":\"BreadcrumbList\",\"@id\":\"https:\/\/paradowski.net\/lv\/product\/scs-automaberg-2hcr\/#breadcrumb\",\"itemListElement\":[{\"@type\":\"ListItem\",\"position\":1,\"name\":\"Home\",\"item\":\"https:\/\/paradowski.net\/lv\/\"},{\"@type\":\"ListItem\",\"position\":2,\"name\":\"SCS Automaberg 2HCR\"}]},{\"@type\":\"WebSite\",\"@id\":\"https:\/\/paradowski.net\/lv\/#website\",\"url\":\"https:\/\/paradowski.net\/lv\/\",\"name\":\"Paradowski\",\"description\":\"\",\"publisher\":{\"@id\":\"https:\/\/paradowski.net\/lv\/#organization\"},\"potentialAction\":[{\"@type\":\"SearchAction\",\"target\":{\"@type\":\"EntryPoint\",\"urlTemplate\":\"https:\/\/paradowski.net\/lv\/?s={search_term_string}\"},\"query-input\":{\"@type\":\"PropertyValueSpecification\",\"valueRequired\":true,\"valueName\":\"search_term_string\"}}],\"inLanguage\":\"lv-LV\"},{\"@type\":\"Organization\",\"@id\":\"https:\/\/paradowski.net\/lv\/#organization\",\"name\":\"Paradowski\",\"url\":\"https:\/\/paradowski.net\/lv\/\",\"logo\":{\"@type\":\"ImageObject\",\"inLanguage\":\"lv-LV\",\"@id\":\"https:\/\/paradowski.net\/lv\/#\/schema\/logo\/image\/\",\"url\":\"https:\/\/paradowski.net\/wp-content\/uploads\/2024\/10\/logo-paradowski.svg\",\"contentUrl\":\"https:\/\/paradowski.net\/wp-content\/uploads\/2024\/10\/logo-paradowski.svg\",\"width\":264,\"height\":60,\"caption\":\"Paradowski\"},\"image\":{\"@id\":\"https:\/\/paradowski.net\/lv\/#\/schema\/logo\/image\/\"}}]}<\/script>\n","yoast_head_json":{"title":"SCS Automaberg 2HCR - Paradowski","robots":{"index":"index","follow":"follow","max-snippet":"max-snippet:-1","max-image-preview":"max-image-preview:large","max-video-preview":"max-video-preview:-1"},"canonical":"https:\/\/paradowski.net\/lv\/product\/scs-automaberg-2hcr\/","og_locale":"lv_LV","og_type":"article","og_title":"SCS Automaberg 2HCR - Paradowski","og_description":"pusautom\u0101tisk\u0101 ma\u0161\u012bna maz\u0101m un vid\u0113j\u0101m tir\u0101\u017e\u0101m \u013cauj veikt 4 gr\u0101matu v\u0101ku st\u016br\u012b\u0161u apa\u013co\u0161anu 2 g\u0101jienos. Darba princips: gr\u0101matu v\u0101ki ar roku tiek ielikti st\u016br\u012b\u0161u apa\u013co\u0161anas sekcij\u0101, nolai\u017eas divas galvi\u0146as un noapa\u013co st\u016br\u012b\u0161us. Ma\u0161\u012bna ir apr\u012bkota ar sild\u012b\u0161anas sist\u0113mu, kas padara m\u012bkst\u0101ku l\u012bmi pirms st\u016br\u012b\u0161u apa\u013co\u0161anas, spiediena laiku uzst\u0101da displej\u0101. Priek\u0161roc\u012bbas un \u012bpatn\u012bbas: ma\u0161\u012bnai ir rakstur\u012bga [&hellip;]","og_url":"https:\/\/paradowski.net\/lv\/product\/scs-automaberg-2hcr\/","og_site_name":"Paradowski","article_modified_time":"2024-10-04T13:28:17+00:00","og_image":[{"url":"https:\/\/paradowski.net\/\/wp-content\/uploads\/2024\/06\/2hcr2-1024x525.jpg"}],"twitter_card":"summary_large_image","twitter_misc":{"Est. reading time":"2 minutes"},"schema":{"@context":"https:\/\/schema.org","@graph":[{"@type":"WebPage","@id":"https:\/\/paradowski.net\/lv\/product\/scs-automaberg-2hcr\/","url":"https:\/\/paradowski.net\/lv\/product\/scs-automaberg-2hcr\/","name":"SCS Automaberg 2HCR - Paradowski","isPartOf":{"@id":"https:\/\/paradowski.net\/lv\/#website"},"primaryImageOfPage":{"@id":"https:\/\/paradowski.net\/lv\/product\/scs-automaberg-2hcr\/#primaryimage"},"image":{"@id":"https:\/\/paradowski.net\/lv\/product\/scs-automaberg-2hcr\/#primaryimage"},"thumbnailUrl":"https:\/\/paradowski.net\/\/wp-content\/uploads\/2024\/06\/2hcr2-1024x525.jpg","datePublished":"2024-06-27T17:16:08+00:00","dateModified":"2024-10-04T13:28:17+00:00","breadcrumb":{"@id":"https:\/\/paradowski.net\/lv\/product\/scs-automaberg-2hcr\/#breadcrumb"},"inLanguage":"lv-LV","potentialAction":[{"@type":"ReadAction","target":["https:\/\/paradowski.net\/lv\/product\/scs-automaberg-2hcr\/"]}]},{"@type":"ImageObject","inLanguage":"lv-LV","@id":"https:\/\/paradowski.net\/lv\/product\/scs-automaberg-2hcr\/#primaryimage","url":"https:\/\/paradowski.net\/\/wp-content\/uploads\/2024\/06\/2hcr2-1024x525.jpg","contentUrl":"https:\/\/paradowski.net\/\/wp-content\/uploads\/2024\/06\/2hcr2-1024x525.jpg"},{"@type":"BreadcrumbList","@id":"https:\/\/paradowski.net\/lv\/product\/scs-automaberg-2hcr\/#breadcrumb","itemListElement":[{"@type":"ListItem","position":1,"name":"Home","item":"https:\/\/paradowski.net\/lv\/"},{"@type":"ListItem","position":2,"name":"SCS Automaberg 2HCR"}]},{"@type":"WebSite","@id":"https:\/\/paradowski.net\/lv\/#website","url":"https:\/\/paradowski.net\/lv\/","name":"Paradowski","description":"","publisher":{"@id":"https:\/\/paradowski.net\/lv\/#organization"},"potentialAction":[{"@type":"SearchAction","target":{"@type":"EntryPoint","urlTemplate":"https:\/\/paradowski.net\/lv\/?s={search_term_string}"},"query-input":{"@type":"PropertyValueSpecification","valueRequired":true,"valueName":"search_term_string"}}],"inLanguage":"lv-LV"},{"@type":"Organization","@id":"https:\/\/paradowski.net\/lv\/#organization","name":"Paradowski","url":"https:\/\/paradowski.net\/lv\/","logo":{"@type":"ImageObject","inLanguage":"lv-LV","@id":"https:\/\/paradowski.net\/lv\/#\/schema\/logo\/image\/","url":"https:\/\/paradowski.net\/wp-content\/uploads\/2024\/10\/logo-paradowski.svg","contentUrl":"https:\/\/paradowski.net\/wp-content\/uploads\/2024\/10\/logo-paradowski.svg","width":264,"height":60,"caption":"Paradowski"},"image":{"@id":"https:\/\/paradowski.net\/lv\/#\/schema\/logo\/image\/"}}]}},"_links":{"self":[{"href":"https:\/\/paradowski.net\/lv\/wp-json\/wp\/v2\/product\/444","targetHints":{"allow":["GET"]}}],"collection":[{"href":"https:\/\/paradowski.net\/lv\/wp-json\/wp\/v2\/product"}],"about":[{"href":"https:\/\/paradowski.net\/lv\/wp-json\/wp\/v2\/types\/product"}],"wp:attachment":[{"href":"https:\/\/paradowski.net\/lv\/wp-json\/wp\/v2\/media?parent=444"}],"wp:term":[{"taxonomy":"category","embeddable":true,"href":"https:\/\/paradowski.net\/lv\/wp-json\/wp\/v2\/categories?post=444"},{"taxonomy":"brand","embeddable":true,"href":"https:\/\/paradowski.net\/lv\/wp-json\/wp\/v2\/brand?post=444"},{"taxonomy":"product_type","embeddable":true,"href":"https:\/\/paradowski.net\/lv\/wp-json\/wp\/v2\/product_type?post=444"}],"curies":[{"name":"wp","href":"https:\/\/api.w.org\/{rel}","templated":true}]}}