{"id":535,"date":"2024-07-02T17:50:21","date_gmt":"2024-07-02T17:50:21","guid":{"rendered":"https:\/\/paradowski.net\/?post_type=product&#038;p=535"},"modified":"2024-07-02T17:52:31","modified_gmt":"2024-07-02T17:52:31","slug":"rapid-106e","status":"publish","type":"product","link":"https:\/\/paradowski.net\/lv\/product\/rapid-106e\/","title":{"rendered":"Rapid 106E"},"content":{"rendered":"\n<figure class=\"wp-block-gallery has-nested-images columns-default is-cropped wp-block-gallery-1 is-layout-flex wp-block-gallery-is-layout-flex\">\n<figure class=\"wp-block-image size-large\"><img loading=\"lazy\" decoding=\"async\" width=\"800\" height=\"800\" data-id=\"536\" src=\"https:\/\/paradowski.net\/\/wp-content\/uploads\/2024\/07\/rapid-106-saddle-stitcher-stapler-elmstok_400x@2x.webp\" alt=\"\" class=\"wp-image-536\" srcset=\"https:\/\/paradowski.net\/wp-content\/uploads\/2024\/07\/rapid-106-saddle-stitcher-stapler-elmstok_400x@2x.webp 800w, https:\/\/paradowski.net\/wp-content\/uploads\/2024\/07\/rapid-106-saddle-stitcher-stapler-elmstok_400x@2x-300x300.webp 300w, https:\/\/paradowski.net\/wp-content\/uploads\/2024\/07\/rapid-106-saddle-stitcher-stapler-elmstok_400x@2x-150x150.webp 150w, https:\/\/paradowski.net\/wp-content\/uploads\/2024\/07\/rapid-106-saddle-stitcher-stapler-elmstok_400x@2x-768x768.webp 768w\" sizes=\"auto, (max-width: 800px) 100vw, 800px\" \/><\/figure>\n\n\n\n<figure class=\"wp-block-image size-large\"><img loading=\"lazy\" decoding=\"async\" width=\"800\" height=\"800\" data-id=\"539\" src=\"https:\/\/paradowski.net\/\/wp-content\/uploads\/2024\/07\/rapid-106e-staple-channel-load_400x@2x.webp\" alt=\"\" class=\"wp-image-539\" srcset=\"https:\/\/paradowski.net\/wp-content\/uploads\/2024\/07\/rapid-106e-staple-channel-load_400x@2x.webp 800w, https:\/\/paradowski.net\/wp-content\/uploads\/2024\/07\/rapid-106e-staple-channel-load_400x@2x-300x300.webp 300w, https:\/\/paradowski.net\/wp-content\/uploads\/2024\/07\/rapid-106e-staple-channel-load_400x@2x-150x150.webp 150w, https:\/\/paradowski.net\/wp-content\/uploads\/2024\/07\/rapid-106e-staple-channel-load_400x@2x-768x768.webp 768w\" sizes=\"auto, (max-width: 800px) 100vw, 800px\" \/><\/figure>\n\n\n\n<figure class=\"wp-block-image size-large\"><img loading=\"lazy\" decoding=\"async\" width=\"712\" height=\"480\" data-id=\"542\" src=\"https:\/\/paradowski.net\/\/wp-content\/uploads\/2024\/07\/rapid106saddlestitchbookletstapling_400x@2x.webp\" alt=\"\" class=\"wp-image-542\" srcset=\"https:\/\/paradowski.net\/wp-content\/uploads\/2024\/07\/rapid106saddlestitchbookletstapling_400x@2x.webp 712w, https:\/\/paradowski.net\/wp-content\/uploads\/2024\/07\/rapid106saddlestitchbookletstapling_400x@2x-300x202.webp 300w\" sizes=\"auto, (max-width: 712px) 100vw, 712px\" \/><\/figure>\n\n\n\n<figure class=\"wp-block-image size-large\"><img loading=\"lazy\" decoding=\"async\" width=\"1024\" height=\"1024\" data-id=\"545\" src=\"https:\/\/paradowski.net\/\/wp-content\/uploads\/2024\/07\/rapid-106-twin-rig-booklet-stapler-stitcher-1024x1024.webp\" alt=\"\" class=\"wp-image-545\" srcset=\"https:\/\/paradowski.net\/wp-content\/uploads\/2024\/07\/rapid-106-twin-rig-booklet-stapler-stitcher-1024x1024.webp 1024w, https:\/\/paradowski.net\/wp-content\/uploads\/2024\/07\/rapid-106-twin-rig-booklet-stapler-stitcher-300x300.webp 300w, https:\/\/paradowski.net\/wp-content\/uploads\/2024\/07\/rapid-106-twin-rig-booklet-stapler-stitcher-150x150.webp 150w, https:\/\/paradowski.net\/wp-content\/uploads\/2024\/07\/rapid-106-twin-rig-booklet-stapler-stitcher-768x768.webp 768w, https:\/\/paradowski.net\/wp-content\/uploads\/2024\/07\/rapid-106-twin-rig-booklet-stapler-stitcher.webp 1400w\" sizes=\"auto, (max-width: 1024px) 100vw, 1024px\" \/><\/figure>\n\n\n\n<figure class=\"wp-block-image size-full\"><img loading=\"lazy\" decoding=\"async\" width=\"440\" height=\"513\" data-id=\"550\" src=\"https:\/\/paradowski.net\/\/wp-content\/uploads\/2024\/07\/Desktop__DACD5519B22BB4CDE7A91FAE17E47157__440__ra_10842312-5f1a4a90e32ded3b5c3f88b6374d3c8c.png\" alt=\"\" class=\"wp-image-550\" srcset=\"https:\/\/paradowski.net\/wp-content\/uploads\/2024\/07\/Desktop__DACD5519B22BB4CDE7A91FAE17E47157__440__ra_10842312-5f1a4a90e32ded3b5c3f88b6374d3c8c.png 440w, https:\/\/paradowski.net\/wp-content\/uploads\/2024\/07\/Desktop__DACD5519B22BB4CDE7A91FAE17E47157__440__ra_10842312-5f1a4a90e32ded3b5c3f88b6374d3c8c-257x300.png 257w\" sizes=\"auto, (max-width: 440px) 100vw, 440px\" \/><\/figure>\n<\/figure>\n\n<p>Elektriskais skavot\u0101js bro\u0161\u016bru un atsevi\u0161\u0137u lok\u0161\u0146u sastiprin\u0101\u0161anai ar met\u0101liskaj\u0101m skav\u0101m. Pateicoties viegli nomain\u0101mam skavo\u0161anas meh\u0101nismam, Rapid 106E var \u0161\u016bt gan s\u0101nloces stiprin\u0101jum\u0101, gan iek\u0161loces stiprin\u0101jum\u0101, k\u0101 ar\u012b ar cilpu skav\u0101m (papildier\u012bce). Paredz\u0113ts darbam ar loksn\u0113m un bro\u0161\u016br\u0101m. Komplekt\u0101 ietilpst \u0161\u016b\u0161anas galvi\u0146a un darbagalds.<\/p>\n\n<ul class=\"wp-block-list\">\n<li>S\u0101nloces stiprin\u0101jum\u0101 l\u012bdz 40 loksn\u0113m;<\/li>\n\n\n\n<li>Iek\u0161loces stiprin\u0101jum\u0101 l\u012bdz 20 loksn\u0113m;<\/li>\n\n\n\n<li>Skavu veids 66\/6 un 66\/8, skavas ar cilpu;<\/li>\n\n\n\n<li>Iesl\u0113g\u0161ana ar ped\u0101li;<\/li>\n\n\n\n<li>Caursp\u012bd\u012bgs aizsargv\u0101ci\u0146\u0161.<\/li>\n<\/ul>\n","protected":false},"template":"","categories":[56],"brand":[],"product_type":[],"class_list":["post-535","product","type-product","status-publish","hentry","category-pecapstrades-iekartas"],"acf":[],"yoast_head":"\n<title>Rapid 106E - Paradowski<\/title>\n<meta name=\"robots\" content=\"index, follow, max-snippet:-1, max-image-preview:large, max-video-preview:-1\" \/>\n<link rel=\"canonical\" href=\"https:\/\/paradowski.net\/lv\/product\/rapid-106e\/\" \/>\n<meta property=\"og:locale\" content=\"lv_LV\" \/>\n<meta property=\"og:type\" content=\"article\" \/>\n<meta property=\"og:title\" content=\"Rapid 106E - Paradowski\" \/>\n<meta property=\"og:description\" content=\"Elektriskais skavot\u0101js bro\u0161\u016bru un atsevi\u0161\u0137u lok\u0161\u0146u sastiprin\u0101\u0161anai ar met\u0101liskaj\u0101m skav\u0101m. Pateicoties viegli nomain\u0101mam skavo\u0161anas meh\u0101nismam, Rapid 106E var \u0161\u016bt gan s\u0101nloces stiprin\u0101jum\u0101, gan iek\u0161loces stiprin\u0101jum\u0101, k\u0101 ar\u012b ar cilpu skav\u0101m (papildier\u012bce). Paredz\u0113ts darbam ar loksn\u0113m un bro\u0161\u016br\u0101m. Komplekt\u0101 ietilpst \u0161\u016b\u0161anas galvi\u0146a un darbagalds.\" \/>\n<meta property=\"og:url\" content=\"https:\/\/paradowski.net\/lv\/product\/rapid-106e\/\" \/>\n<meta property=\"og:site_name\" content=\"Paradowski\" \/>\n<meta property=\"article:modified_time\" content=\"2024-07-02T17:52:31+00:00\" \/>\n<meta property=\"og:image\" content=\"https:\/\/paradowski.net\/\/wp-content\/uploads\/2024\/07\/rapid-106-saddle-stitcher-stapler-elmstok_400x@2x.webp\" \/>\n<meta name=\"twitter:card\" content=\"summary_large_image\" \/>\n<meta name=\"twitter:label1\" content=\"Est. reading time\" \/>\n\t<meta name=\"twitter:data1\" content=\"2 minutes\" \/>\n<script type=\"application\/ld+json\" class=\"yoast-schema-graph\">{\"@context\":\"https:\/\/schema.org\",\"@graph\":[{\"@type\":\"WebPage\",\"@id\":\"https:\/\/paradowski.net\/lv\/product\/rapid-106e\/\",\"url\":\"https:\/\/paradowski.net\/lv\/product\/rapid-106e\/\",\"name\":\"Rapid 106E - Paradowski\",\"isPartOf\":{\"@id\":\"https:\/\/paradowski.net\/lv\/#website\"},\"primaryImageOfPage\":{\"@id\":\"https:\/\/paradowski.net\/lv\/product\/rapid-106e\/#primaryimage\"},\"image\":{\"@id\":\"https:\/\/paradowski.net\/lv\/product\/rapid-106e\/#primaryimage\"},\"thumbnailUrl\":\"https:\/\/paradowski.net\/\/wp-content\/uploads\/2024\/07\/rapid-106-saddle-stitcher-stapler-elmstok_400x@2x.webp\",\"datePublished\":\"2024-07-02T17:50:21+00:00\",\"dateModified\":\"2024-07-02T17:52:31+00:00\",\"breadcrumb\":{\"@id\":\"https:\/\/paradowski.net\/lv\/product\/rapid-106e\/#breadcrumb\"},\"inLanguage\":\"lv-LV\",\"potentialAction\":[{\"@type\":\"ReadAction\",\"target\":[\"https:\/\/paradowski.net\/lv\/product\/rapid-106e\/\"]}]},{\"@type\":\"ImageObject\",\"inLanguage\":\"lv-LV\",\"@id\":\"https:\/\/paradowski.net\/lv\/product\/rapid-106e\/#primaryimage\",\"url\":\"https:\/\/paradowski.net\/\/wp-content\/uploads\/2024\/07\/rapid-106-saddle-stitcher-stapler-elmstok_400x@2x.webp\",\"contentUrl\":\"https:\/\/paradowski.net\/\/wp-content\/uploads\/2024\/07\/rapid-106-saddle-stitcher-stapler-elmstok_400x@2x.webp\"},{\"@type\":\"BreadcrumbList\",\"@id\":\"https:\/\/paradowski.net\/lv\/product\/rapid-106e\/#breadcrumb\",\"itemListElement\":[{\"@type\":\"ListItem\",\"position\":1,\"name\":\"Home\",\"item\":\"https:\/\/paradowski.net\/lv\/\"},{\"@type\":\"ListItem\",\"position\":2,\"name\":\"Rapid 106E\"}]},{\"@type\":\"WebSite\",\"@id\":\"https:\/\/paradowski.net\/lv\/#website\",\"url\":\"https:\/\/paradowski.net\/lv\/\",\"name\":\"Paradowski\",\"description\":\"\",\"publisher\":{\"@id\":\"https:\/\/paradowski.net\/lv\/#organization\"},\"potentialAction\":[{\"@type\":\"SearchAction\",\"target\":{\"@type\":\"EntryPoint\",\"urlTemplate\":\"https:\/\/paradowski.net\/lv\/?s={search_term_string}\"},\"query-input\":{\"@type\":\"PropertyValueSpecification\",\"valueRequired\":true,\"valueName\":\"search_term_string\"}}],\"inLanguage\":\"lv-LV\"},{\"@type\":\"Organization\",\"@id\":\"https:\/\/paradowski.net\/lv\/#organization\",\"name\":\"Paradowski\",\"url\":\"https:\/\/paradowski.net\/lv\/\",\"logo\":{\"@type\":\"ImageObject\",\"inLanguage\":\"lv-LV\",\"@id\":\"https:\/\/paradowski.net\/lv\/#\/schema\/logo\/image\/\",\"url\":\"https:\/\/paradowski.net\/wp-content\/uploads\/2024\/10\/logo-paradowski.svg\",\"contentUrl\":\"https:\/\/paradowski.net\/wp-content\/uploads\/2024\/10\/logo-paradowski.svg\",\"width\":264,\"height\":60,\"caption\":\"Paradowski\"},\"image\":{\"@id\":\"https:\/\/paradowski.net\/lv\/#\/schema\/logo\/image\/\"}}]}<\/script>\n","yoast_head_json":{"title":"Rapid 106E - Paradowski","robots":{"index":"index","follow":"follow","max-snippet":"max-snippet:-1","max-image-preview":"max-image-preview:large","max-video-preview":"max-video-preview:-1"},"canonical":"https:\/\/paradowski.net\/lv\/product\/rapid-106e\/","og_locale":"lv_LV","og_type":"article","og_title":"Rapid 106E - Paradowski","og_description":"Elektriskais skavot\u0101js bro\u0161\u016bru un atsevi\u0161\u0137u lok\u0161\u0146u sastiprin\u0101\u0161anai ar met\u0101liskaj\u0101m skav\u0101m. Pateicoties viegli nomain\u0101mam skavo\u0161anas meh\u0101nismam, Rapid 106E var \u0161\u016bt gan s\u0101nloces stiprin\u0101jum\u0101, gan iek\u0161loces stiprin\u0101jum\u0101, k\u0101 ar\u012b ar cilpu skav\u0101m (papildier\u012bce). Paredz\u0113ts darbam ar loksn\u0113m un bro\u0161\u016br\u0101m. Komplekt\u0101 ietilpst \u0161\u016b\u0161anas galvi\u0146a un darbagalds.","og_url":"https:\/\/paradowski.net\/lv\/product\/rapid-106e\/","og_site_name":"Paradowski","article_modified_time":"2024-07-02T17:52:31+00:00","og_image":[{"url":"https:\/\/paradowski.net\/\/wp-content\/uploads\/2024\/07\/rapid-106-saddle-stitcher-stapler-elmstok_400x@2x.webp"}],"twitter_card":"summary_large_image","twitter_misc":{"Est. reading time":"2 minutes"},"schema":{"@context":"https:\/\/schema.org","@graph":[{"@type":"WebPage","@id":"https:\/\/paradowski.net\/lv\/product\/rapid-106e\/","url":"https:\/\/paradowski.net\/lv\/product\/rapid-106e\/","name":"Rapid 106E - Paradowski","isPartOf":{"@id":"https:\/\/paradowski.net\/lv\/#website"},"primaryImageOfPage":{"@id":"https:\/\/paradowski.net\/lv\/product\/rapid-106e\/#primaryimage"},"image":{"@id":"https:\/\/paradowski.net\/lv\/product\/rapid-106e\/#primaryimage"},"thumbnailUrl":"https:\/\/paradowski.net\/\/wp-content\/uploads\/2024\/07\/rapid-106-saddle-stitcher-stapler-elmstok_400x@2x.webp","datePublished":"2024-07-02T17:50:21+00:00","dateModified":"2024-07-02T17:52:31+00:00","breadcrumb":{"@id":"https:\/\/paradowski.net\/lv\/product\/rapid-106e\/#breadcrumb"},"inLanguage":"lv-LV","potentialAction":[{"@type":"ReadAction","target":["https:\/\/paradowski.net\/lv\/product\/rapid-106e\/"]}]},{"@type":"ImageObject","inLanguage":"lv-LV","@id":"https:\/\/paradowski.net\/lv\/product\/rapid-106e\/#primaryimage","url":"https:\/\/paradowski.net\/\/wp-content\/uploads\/2024\/07\/rapid-106-saddle-stitcher-stapler-elmstok_400x@2x.webp","contentUrl":"https:\/\/paradowski.net\/\/wp-content\/uploads\/2024\/07\/rapid-106-saddle-stitcher-stapler-elmstok_400x@2x.webp"},{"@type":"BreadcrumbList","@id":"https:\/\/paradowski.net\/lv\/product\/rapid-106e\/#breadcrumb","itemListElement":[{"@type":"ListItem","position":1,"name":"Home","item":"https:\/\/paradowski.net\/lv\/"},{"@type":"ListItem","position":2,"name":"Rapid 106E"}]},{"@type":"WebSite","@id":"https:\/\/paradowski.net\/lv\/#website","url":"https:\/\/paradowski.net\/lv\/","name":"Paradowski","description":"","publisher":{"@id":"https:\/\/paradowski.net\/lv\/#organization"},"potentialAction":[{"@type":"SearchAction","target":{"@type":"EntryPoint","urlTemplate":"https:\/\/paradowski.net\/lv\/?s={search_term_string}"},"query-input":{"@type":"PropertyValueSpecification","valueRequired":true,"valueName":"search_term_string"}}],"inLanguage":"lv-LV"},{"@type":"Organization","@id":"https:\/\/paradowski.net\/lv\/#organization","name":"Paradowski","url":"https:\/\/paradowski.net\/lv\/","logo":{"@type":"ImageObject","inLanguage":"lv-LV","@id":"https:\/\/paradowski.net\/lv\/#\/schema\/logo\/image\/","url":"https:\/\/paradowski.net\/wp-content\/uploads\/2024\/10\/logo-paradowski.svg","contentUrl":"https:\/\/paradowski.net\/wp-content\/uploads\/2024\/10\/logo-paradowski.svg","width":264,"height":60,"caption":"Paradowski"},"image":{"@id":"https:\/\/paradowski.net\/lv\/#\/schema\/logo\/image\/"}}]}},"_links":{"self":[{"href":"https:\/\/paradowski.net\/lv\/wp-json\/wp\/v2\/product\/535","targetHints":{"allow":["GET"]}}],"collection":[{"href":"https:\/\/paradowski.net\/lv\/wp-json\/wp\/v2\/product"}],"about":[{"href":"https:\/\/paradowski.net\/lv\/wp-json\/wp\/v2\/types\/product"}],"wp:attachment":[{"href":"https:\/\/paradowski.net\/lv\/wp-json\/wp\/v2\/media?parent=535"}],"wp:term":[{"taxonomy":"category","embeddable":true,"href":"https:\/\/paradowski.net\/lv\/wp-json\/wp\/v2\/categories?post=535"},{"taxonomy":"brand","embeddable":true,"href":"https:\/\/paradowski.net\/lv\/wp-json\/wp\/v2\/brand?post=535"},{"taxonomy":"product_type","embeddable":true,"href":"https:\/\/paradowski.net\/lv\/wp-json\/wp\/v2\/product_type?post=535"}],"curies":[{"name":"wp","href":"https:\/\/api.w.org\/{rel}","templated":true}]}}