{"id":553,"date":"2024-07-02T18:14:28","date_gmt":"2024-07-02T18:14:28","guid":{"rendered":"https:\/\/paradowski.net\/?post_type=product&#038;p=553"},"modified":"2024-07-02T18:15:32","modified_gmt":"2024-07-02T18:15:32","slug":"tymb","status":"publish","type":"product","link":"https:\/\/paradowski.net\/lv\/product\/tymb\/","title":{"rendered":"TYMB"},"content":{"rendered":"\n<figure class=\"wp-block-image size-full\"><img loading=\"lazy\" decoding=\"async\" width=\"720\" height=\"720\" src=\"https:\/\/paradowski.net\/\/wp-content\/uploads\/2024\/07\/tymb750.jpg\" alt=\"\" class=\"wp-image-554\" srcset=\"https:\/\/paradowski.net\/wp-content\/uploads\/2024\/07\/tymb750.jpg 720w, https:\/\/paradowski.net\/wp-content\/uploads\/2024\/07\/tymb750-300x300.jpg 300w, https:\/\/paradowski.net\/wp-content\/uploads\/2024\/07\/tymb750-150x150.jpg 150w\" sizes=\"auto, (max-width: 720px) 100vw, 720px\" \/><\/figure>\n\n<p>S\u0113rijas TYMB t\u012b\u0123elis zelt\u012b\u0161anai izgatavots uz ma\u0161\u012bnas ML b\u0101zes. Ar \u0161\u012bm ma\u0161\u012bn\u0101m var veikt karsto zelt\u012b\u0161anu ar foliju, gan ar\u012b kongr\u012bva spiedumu visda\u017e\u0101d\u0101kajiem materi\u0101liem. Bez tam zelt\u012b\u0161anas prese dod iesp\u0113ju veikt izcir\u0161anu, perfor\u0101ciju un rievo\u0161anu.<\/p>\n\n<p>Iek\u0101rtai ir mas\u012bva, \u013coti iztur\u012bga konstrukcija, moderna elektronika, kvalitat\u012bva centraliz\u0113ta e\u013c\u013co\u0161anas sist\u0113ma. \u013boti att\u012bst\u012bts galasl\u0113d\u017eu un blo\u0137\u0113jo\u0161o aizsargmeh\u0101nismu t\u012bkls ar jaud\u012bgiem, labi aizv\u0113rtiem brem\u00feu cilindriem \u013cauj acumirkl\u012b apst\u0101din\u0101t t\u012b\u0123eli ekstr\u0113m\u0101s situ\u0101cij\u0101s un piln\u012bb\u0101 izsl\u0113dz traumas iesp\u0113ju ma\u0161\u012bnas operatoram. Dro\u0161\u012bbas sist\u0113ma izvietota uz t\u012b\u0123e\u013ca priek\u0161\u0113j\u0101s malas, uz restes, kas nosl\u0113dz spraugu starp spiedogu, t\u012b\u0123eli, ped\u0101li un preses vad\u012bbas sviru.<\/p>\n\n<p><\/p>\n\n<p><strong>Tehniskais raksturojums:<\/strong><\/p>\n\n<ul class=\"wp-block-list\">\n<li>Stabila konstrukcija, t\u012b\u0123e\u013ca stiprin\u0101juma cilpas pie gr\u012bdas nodro\u0161ina maksim\u0101lu notur\u012bbu pret vibr\u0101ciju darba laik\u0101.<\/li>\n\n\n\n<li>Digit\u0101lais taimers t\u012b\u0123e\u013ca plates laika aizturei gal\u0113jos st\u0101vok\u013cos.<\/li>\n\n\n\n<li>Pl\u012bts kust\u012bbas \u0101truma regul\u0113\u0161ana.<\/li>\n\n\n\n<li>Centr\u0101l\u0101 e\u013c\u013co\u0161anas sist\u0113ma.<\/li>\n\n\n\n<li>Elektromagn\u0113tiskais saj\u016bgs.<\/li>\n\n\n\n<li>Sija spiediena no\u0146em\u0161anai.<\/li>\n\n\n\n<li>Digit\u0101lais skait\u012bt\u0101js.<\/li>\n\n\n\n<li>Divi programm\u0113jami folijas padeves meh\u0101nismi &#8211; darbam ar 2 da\u00fe\u0101diem folijas ru\u013c\u013ciem. Tas at\u013cauj vien\u0101 g\u0101jien\u0101 ieg\u016bt produkciju, uz kuras ir vair\u0101ki da\u00fe\u0101das kr\u0101sas un\/vai strukt\u016bras att\u0113li.<\/li>\n\n\n\n<li>Mikroprocesoru vad\u012bba, kas at\u013cauj katram no folijas ru\u013c\u013ciem ieprogramm\u0113t divpak\u0101pju materi\u0101la padeves soli. Pateicoties tam var ieprogramm\u0113t da\u017e\u0101da garuma folijas padeves so\u013cus. \u0160is risin\u0101jums at\u013cauj p\u0113c iesp\u0113jas efekt\u012bv\u0101k izmantot folijas darba virsmu un str\u0101d\u0101t ar pap\u012bra loksn\u0113m, uz kur\u0101m ir saliktas vair\u0101kas vien\u0101das produkcijas vien\u012bbas pa vertik\u0101li.<\/li>\n\n\n\n<li>Karst\u0101 pl\u012bts sadal\u012bta divos segmentos ar neatkar\u012bgu iesl\u0113g\u0161anu un temperat\u016bras regul\u0113\u0161anu, kas at\u013cauj optimiz\u0113t elektroener\u0123ijas pat\u0113ri\u0146u un sagatavo\u0161an\u0101s laiku darbam. Katra segmenta temperat\u016bra tiek uztur\u0113ta autom\u0101tiski, pateicoties mikroprocesoru vad\u012bbai.<\/li>\n\n\n\n<li>Atsevi\u0161\u0137i st\u0101vo\u0161\u0101 iznesam\u0101 vad\u012bbas pults at\u013cauj no vienas vietas kontrol\u0113t procesa gaitu ma\u0161\u012bn\u0101 un uzdot nepiecie\u0161amos darba parametrus.<\/li>\n\n\n\n<li>Re\u017e\u012bmu p\u0101rsl\u0113g\u0161ana robo\u0161ana\/izcir\u0161ana un karst\u0101 zelt\u012b\u0161ana (spiedogu nomai\u0146a, spraugas izmai\u0146a starp spiedogu un t\u012b\u0123eli, karsto pla\u0161u iesl\u0113g\u0161ana utt.) tiek veiktas operat\u012bvi, aiz\u0146em maz laika, tom\u0113r laika pat\u0113ri\u0146\u0161 atkar\u012bgs no operatora prasmes un pieredzes.<\/li>\n<\/ul>\n\n<figure class=\"wp-block-table\"><table><tbody><tr><td><\/td><td><\/td><td><\/td><td><\/td><td><\/td><\/tr><tr><td>Zelt\u012b\u0161anas form\u0101ts, mm<\/td><td><\/td><td><\/td><td><\/td><td><\/td><\/tr><tr><td>Ra\u017e\u012bgums, cikli\/stund\u0101<\/td><td><\/td><td><\/td><td><\/td><td><\/td><\/tr><tr><td>El. jauda, kW<\/td><td><\/td><td><\/td><td><\/td><td><\/td><\/tr><tr><td>Svars, kg<\/td><td><\/td><td><\/td><td><\/td><td><\/td><\/tr><\/tbody><\/table><\/figure>\n","protected":false},"template":"","categories":[56],"brand":[],"product_type":[],"class_list":["post-553","product","type-product","status-publish","hentry","category-pecapstrades-iekartas"],"acf":[],"yoast_head":"\n<title>TYMB - Paradowski<\/title>\n<meta name=\"robots\" content=\"index, follow, max-snippet:-1, max-image-preview:large, max-video-preview:-1\" \/>\n<link rel=\"canonical\" href=\"https:\/\/paradowski.net\/lv\/product\/tymb\/\" \/>\n<meta property=\"og:locale\" content=\"lv_LV\" \/>\n<meta property=\"og:type\" content=\"article\" \/>\n<meta property=\"og:title\" content=\"TYMB - Paradowski\" \/>\n<meta property=\"og:description\" content=\"S\u0113rijas TYMB t\u012b\u0123elis zelt\u012b\u0161anai izgatavots uz ma\u0161\u012bnas ML b\u0101zes. Ar \u0161\u012bm ma\u0161\u012bn\u0101m var veikt karsto zelt\u012b\u0161anu ar foliju, gan ar\u012b kongr\u012bva spiedumu visda\u017e\u0101d\u0101kajiem materi\u0101liem. Bez tam zelt\u012b\u0161anas prese dod iesp\u0113ju veikt izcir\u0161anu, perfor\u0101ciju un rievo\u0161anu. Iek\u0101rtai ir mas\u012bva, \u013coti iztur\u012bga konstrukcija, moderna elektronika, kvalitat\u012bva centraliz\u0113ta e\u013c\u013co\u0161anas sist\u0113ma. \u013boti att\u012bst\u012bts galasl\u0113d\u017eu un blo\u0137\u0113jo\u0161o aizsargmeh\u0101nismu t\u012bkls ar [&hellip;]\" \/>\n<meta property=\"og:url\" content=\"https:\/\/paradowski.net\/lv\/product\/tymb\/\" \/>\n<meta property=\"og:site_name\" content=\"Paradowski\" \/>\n<meta property=\"article:modified_time\" content=\"2024-07-02T18:15:32+00:00\" \/>\n<meta property=\"og:image\" content=\"https:\/\/paradowski.net\/\/wp-content\/uploads\/2024\/07\/tymb750.jpg\" \/>\n<meta name=\"twitter:card\" content=\"summary_large_image\" \/>\n<meta name=\"twitter:label1\" content=\"Est. reading time\" \/>\n\t<meta name=\"twitter:data1\" content=\"2 minutes\" \/>\n<script type=\"application\/ld+json\" class=\"yoast-schema-graph\">{\"@context\":\"https:\/\/schema.org\",\"@graph\":[{\"@type\":\"WebPage\",\"@id\":\"https:\/\/paradowski.net\/lv\/product\/tymb\/\",\"url\":\"https:\/\/paradowski.net\/lv\/product\/tymb\/\",\"name\":\"TYMB - Paradowski\",\"isPartOf\":{\"@id\":\"https:\/\/paradowski.net\/lv\/#website\"},\"primaryImageOfPage\":{\"@id\":\"https:\/\/paradowski.net\/lv\/product\/tymb\/#primaryimage\"},\"image\":{\"@id\":\"https:\/\/paradowski.net\/lv\/product\/tymb\/#primaryimage\"},\"thumbnailUrl\":\"https:\/\/paradowski.net\/\/wp-content\/uploads\/2024\/07\/tymb750.jpg\",\"datePublished\":\"2024-07-02T18:14:28+00:00\",\"dateModified\":\"2024-07-02T18:15:32+00:00\",\"breadcrumb\":{\"@id\":\"https:\/\/paradowski.net\/lv\/product\/tymb\/#breadcrumb\"},\"inLanguage\":\"lv-LV\",\"potentialAction\":[{\"@type\":\"ReadAction\",\"target\":[\"https:\/\/paradowski.net\/lv\/product\/tymb\/\"]}]},{\"@type\":\"ImageObject\",\"inLanguage\":\"lv-LV\",\"@id\":\"https:\/\/paradowski.net\/lv\/product\/tymb\/#primaryimage\",\"url\":\"https:\/\/paradowski.net\/\/wp-content\/uploads\/2024\/07\/tymb750.jpg\",\"contentUrl\":\"https:\/\/paradowski.net\/\/wp-content\/uploads\/2024\/07\/tymb750.jpg\"},{\"@type\":\"BreadcrumbList\",\"@id\":\"https:\/\/paradowski.net\/lv\/product\/tymb\/#breadcrumb\",\"itemListElement\":[{\"@type\":\"ListItem\",\"position\":1,\"name\":\"Home\",\"item\":\"https:\/\/paradowski.net\/lv\/\"},{\"@type\":\"ListItem\",\"position\":2,\"name\":\"TYMB\"}]},{\"@type\":\"WebSite\",\"@id\":\"https:\/\/paradowski.net\/lv\/#website\",\"url\":\"https:\/\/paradowski.net\/lv\/\",\"name\":\"Paradowski\",\"description\":\"\",\"publisher\":{\"@id\":\"https:\/\/paradowski.net\/lv\/#organization\"},\"potentialAction\":[{\"@type\":\"SearchAction\",\"target\":{\"@type\":\"EntryPoint\",\"urlTemplate\":\"https:\/\/paradowski.net\/lv\/?s={search_term_string}\"},\"query-input\":{\"@type\":\"PropertyValueSpecification\",\"valueRequired\":true,\"valueName\":\"search_term_string\"}}],\"inLanguage\":\"lv-LV\"},{\"@type\":\"Organization\",\"@id\":\"https:\/\/paradowski.net\/lv\/#organization\",\"name\":\"Paradowski\",\"url\":\"https:\/\/paradowski.net\/lv\/\",\"logo\":{\"@type\":\"ImageObject\",\"inLanguage\":\"lv-LV\",\"@id\":\"https:\/\/paradowski.net\/lv\/#\/schema\/logo\/image\/\",\"url\":\"https:\/\/paradowski.net\/wp-content\/uploads\/2024\/10\/logo-paradowski.svg\",\"contentUrl\":\"https:\/\/paradowski.net\/wp-content\/uploads\/2024\/10\/logo-paradowski.svg\",\"width\":264,\"height\":60,\"caption\":\"Paradowski\"},\"image\":{\"@id\":\"https:\/\/paradowski.net\/lv\/#\/schema\/logo\/image\/\"}}]}<\/script>\n","yoast_head_json":{"title":"TYMB - Paradowski","robots":{"index":"index","follow":"follow","max-snippet":"max-snippet:-1","max-image-preview":"max-image-preview:large","max-video-preview":"max-video-preview:-1"},"canonical":"https:\/\/paradowski.net\/lv\/product\/tymb\/","og_locale":"lv_LV","og_type":"article","og_title":"TYMB - Paradowski","og_description":"S\u0113rijas TYMB t\u012b\u0123elis zelt\u012b\u0161anai izgatavots uz ma\u0161\u012bnas ML b\u0101zes. Ar \u0161\u012bm ma\u0161\u012bn\u0101m var veikt karsto zelt\u012b\u0161anu ar foliju, gan ar\u012b kongr\u012bva spiedumu visda\u017e\u0101d\u0101kajiem materi\u0101liem. Bez tam zelt\u012b\u0161anas prese dod iesp\u0113ju veikt izcir\u0161anu, perfor\u0101ciju un rievo\u0161anu. Iek\u0101rtai ir mas\u012bva, \u013coti iztur\u012bga konstrukcija, moderna elektronika, kvalitat\u012bva centraliz\u0113ta e\u013c\u013co\u0161anas sist\u0113ma. \u013boti att\u012bst\u012bts galasl\u0113d\u017eu un blo\u0137\u0113jo\u0161o aizsargmeh\u0101nismu t\u012bkls ar [&hellip;]","og_url":"https:\/\/paradowski.net\/lv\/product\/tymb\/","og_site_name":"Paradowski","article_modified_time":"2024-07-02T18:15:32+00:00","og_image":[{"url":"https:\/\/paradowski.net\/\/wp-content\/uploads\/2024\/07\/tymb750.jpg"}],"twitter_card":"summary_large_image","twitter_misc":{"Est. reading time":"2 minutes"},"schema":{"@context":"https:\/\/schema.org","@graph":[{"@type":"WebPage","@id":"https:\/\/paradowski.net\/lv\/product\/tymb\/","url":"https:\/\/paradowski.net\/lv\/product\/tymb\/","name":"TYMB - Paradowski","isPartOf":{"@id":"https:\/\/paradowski.net\/lv\/#website"},"primaryImageOfPage":{"@id":"https:\/\/paradowski.net\/lv\/product\/tymb\/#primaryimage"},"image":{"@id":"https:\/\/paradowski.net\/lv\/product\/tymb\/#primaryimage"},"thumbnailUrl":"https:\/\/paradowski.net\/\/wp-content\/uploads\/2024\/07\/tymb750.jpg","datePublished":"2024-07-02T18:14:28+00:00","dateModified":"2024-07-02T18:15:32+00:00","breadcrumb":{"@id":"https:\/\/paradowski.net\/lv\/product\/tymb\/#breadcrumb"},"inLanguage":"lv-LV","potentialAction":[{"@type":"ReadAction","target":["https:\/\/paradowski.net\/lv\/product\/tymb\/"]}]},{"@type":"ImageObject","inLanguage":"lv-LV","@id":"https:\/\/paradowski.net\/lv\/product\/tymb\/#primaryimage","url":"https:\/\/paradowski.net\/\/wp-content\/uploads\/2024\/07\/tymb750.jpg","contentUrl":"https:\/\/paradowski.net\/\/wp-content\/uploads\/2024\/07\/tymb750.jpg"},{"@type":"BreadcrumbList","@id":"https:\/\/paradowski.net\/lv\/product\/tymb\/#breadcrumb","itemListElement":[{"@type":"ListItem","position":1,"name":"Home","item":"https:\/\/paradowski.net\/lv\/"},{"@type":"ListItem","position":2,"name":"TYMB"}]},{"@type":"WebSite","@id":"https:\/\/paradowski.net\/lv\/#website","url":"https:\/\/paradowski.net\/lv\/","name":"Paradowski","description":"","publisher":{"@id":"https:\/\/paradowski.net\/lv\/#organization"},"potentialAction":[{"@type":"SearchAction","target":{"@type":"EntryPoint","urlTemplate":"https:\/\/paradowski.net\/lv\/?s={search_term_string}"},"query-input":{"@type":"PropertyValueSpecification","valueRequired":true,"valueName":"search_term_string"}}],"inLanguage":"lv-LV"},{"@type":"Organization","@id":"https:\/\/paradowski.net\/lv\/#organization","name":"Paradowski","url":"https:\/\/paradowski.net\/lv\/","logo":{"@type":"ImageObject","inLanguage":"lv-LV","@id":"https:\/\/paradowski.net\/lv\/#\/schema\/logo\/image\/","url":"https:\/\/paradowski.net\/wp-content\/uploads\/2024\/10\/logo-paradowski.svg","contentUrl":"https:\/\/paradowski.net\/wp-content\/uploads\/2024\/10\/logo-paradowski.svg","width":264,"height":60,"caption":"Paradowski"},"image":{"@id":"https:\/\/paradowski.net\/lv\/#\/schema\/logo\/image\/"}}]}},"_links":{"self":[{"href":"https:\/\/paradowski.net\/lv\/wp-json\/wp\/v2\/product\/553","targetHints":{"allow":["GET"]}}],"collection":[{"href":"https:\/\/paradowski.net\/lv\/wp-json\/wp\/v2\/product"}],"about":[{"href":"https:\/\/paradowski.net\/lv\/wp-json\/wp\/v2\/types\/product"}],"wp:attachment":[{"href":"https:\/\/paradowski.net\/lv\/wp-json\/wp\/v2\/media?parent=553"}],"wp:term":[{"taxonomy":"category","embeddable":true,"href":"https:\/\/paradowski.net\/lv\/wp-json\/wp\/v2\/categories?post=553"},{"taxonomy":"brand","embeddable":true,"href":"https:\/\/paradowski.net\/lv\/wp-json\/wp\/v2\/brand?post=553"},{"taxonomy":"product_type","embeddable":true,"href":"https:\/\/paradowski.net\/lv\/wp-json\/wp\/v2\/product_type?post=553"}],"curies":[{"name":"wp","href":"https:\/\/api.w.org\/{rel}","templated":true}]}}