{"id":559,"date":"2024-07-02T18:25:15","date_gmt":"2024-07-02T18:25:15","guid":{"rendered":"https:\/\/paradowski.net\/?post_type=product&#038;p=559"},"modified":"2024-10-04T13:37:18","modified_gmt":"2024-10-04T13:37:18","slug":"beil","status":"publish","type":"product","link":"https:\/\/paradowski.net\/lv\/product\/beil\/","title":{"rendered":"Beil"},"content":{"rendered":"\n<p>ier\u012bces pla\u0161u perfor\u0101cijai un ieloc\u012b\u0161anai Beil<\/p>\n\n<figure class=\"wp-block-image size-large\"><img loading=\"lazy\" decoding=\"async\" width=\"762\" height=\"1024\" src=\"https:\/\/paradowski.net\/\/wp-content\/uploads\/2024\/07\/425_ERGO-762x1024.jpg\" alt=\"\" class=\"wp-image-560\" srcset=\"https:\/\/paradowski.net\/wp-content\/uploads\/2024\/07\/425_ERGO-762x1024.jpg 762w, https:\/\/paradowski.net\/wp-content\/uploads\/2024\/07\/425_ERGO-223x300.jpg 223w, https:\/\/paradowski.net\/wp-content\/uploads\/2024\/07\/425_ERGO-768x1032.jpg 768w, https:\/\/paradowski.net\/wp-content\/uploads\/2024\/07\/425_ERGO.jpg 945w\" sizes=\"auto, (max-width: 762px) 100vw, 762px\" \/><\/figure>\n\n<p>Firma &#8220;Beil&#8221; specializ\u0113jas augstas precizit\u0101tes iek\u0101rtu ra\u017eo\u0161an\u0101 iespiedformu un pl\u0113ves perfor\u0101cijai , ieloc\u012b\u0161anai un \u0101tr\u0101s pla\u0161u nomai\u0146as sist\u0113m\u0101m. Perforatori tiek ra\u017eoti gandr\u012bz vis\u0101m iespiedma\u0161\u012bn\u0101m un \u0161tiftu perfor\u0101cijas veidiem. Var b\u016bt gan galda, gan stacion\u0101rais variants. Visi perforatori tiek apr\u012bkoti ar mont\u0101\u017eas un kop\u0113\u0161anas line\u0101liem un \u0161tift\u0113m<\/p>\n","protected":false},"template":"","categories":[43],"brand":[],"product_type":[],"class_list":["post-559","product","type-product","status-publish","hentry","category-parejas-iekartas-un-ierices"],"acf":[],"yoast_head":"\n<title>Beil - Paradowski<\/title>\n<meta name=\"robots\" content=\"index, follow, max-snippet:-1, max-image-preview:large, max-video-preview:-1\" \/>\n<link rel=\"canonical\" href=\"https:\/\/paradowski.net\/lv\/product\/beil\/\" \/>\n<meta property=\"og:locale\" content=\"lv_LV\" \/>\n<meta property=\"og:type\" content=\"article\" \/>\n<meta property=\"og:title\" content=\"Beil - Paradowski\" \/>\n<meta property=\"og:description\" content=\"ier\u012bces pla\u0161u perfor\u0101cijai un ieloc\u012b\u0161anai Beil Firma &#8220;Beil&#8221; specializ\u0113jas augstas precizit\u0101tes iek\u0101rtu ra\u017eo\u0161an\u0101 iespiedformu un pl\u0113ves perfor\u0101cijai , ieloc\u012b\u0161anai un \u0101tr\u0101s pla\u0161u nomai\u0146as sist\u0113m\u0101m. Perforatori tiek ra\u017eoti gandr\u012bz vis\u0101m iespiedma\u0161\u012bn\u0101m un \u0161tiftu perfor\u0101cijas veidiem. Var b\u016bt gan galda, gan stacion\u0101rais variants. Visi perforatori tiek apr\u012bkoti ar mont\u0101\u017eas un kop\u0113\u0161anas line\u0101liem un \u0161tift\u0113m\" \/>\n<meta property=\"og:url\" content=\"https:\/\/paradowski.net\/lv\/product\/beil\/\" \/>\n<meta property=\"og:site_name\" content=\"Paradowski\" \/>\n<meta property=\"article:modified_time\" content=\"2024-10-04T13:37:18+00:00\" \/>\n<meta property=\"og:image\" content=\"https:\/\/paradowski.net\/\/wp-content\/uploads\/2024\/07\/425_ERGO-762x1024.jpg\" \/>\n<meta name=\"twitter:card\" content=\"summary_large_image\" \/>\n<meta name=\"twitter:label1\" content=\"Est. reading time\" \/>\n\t<meta name=\"twitter:data1\" content=\"1 minute\" \/>\n<script type=\"application\/ld+json\" class=\"yoast-schema-graph\">{\"@context\":\"https:\/\/schema.org\",\"@graph\":[{\"@type\":\"WebPage\",\"@id\":\"https:\/\/paradowski.net\/lv\/product\/beil\/\",\"url\":\"https:\/\/paradowski.net\/lv\/product\/beil\/\",\"name\":\"Beil - Paradowski\",\"isPartOf\":{\"@id\":\"https:\/\/paradowski.net\/lv\/#website\"},\"primaryImageOfPage\":{\"@id\":\"https:\/\/paradowski.net\/lv\/product\/beil\/#primaryimage\"},\"image\":{\"@id\":\"https:\/\/paradowski.net\/lv\/product\/beil\/#primaryimage\"},\"thumbnailUrl\":\"https:\/\/paradowski.net\/\/wp-content\/uploads\/2024\/07\/425_ERGO-762x1024.jpg\",\"datePublished\":\"2024-07-02T18:25:15+00:00\",\"dateModified\":\"2024-10-04T13:37:18+00:00\",\"breadcrumb\":{\"@id\":\"https:\/\/paradowski.net\/lv\/product\/beil\/#breadcrumb\"},\"inLanguage\":\"lv-LV\",\"potentialAction\":[{\"@type\":\"ReadAction\",\"target\":[\"https:\/\/paradowski.net\/lv\/product\/beil\/\"]}]},{\"@type\":\"ImageObject\",\"inLanguage\":\"lv-LV\",\"@id\":\"https:\/\/paradowski.net\/lv\/product\/beil\/#primaryimage\",\"url\":\"https:\/\/paradowski.net\/\/wp-content\/uploads\/2024\/07\/425_ERGO-762x1024.jpg\",\"contentUrl\":\"https:\/\/paradowski.net\/\/wp-content\/uploads\/2024\/07\/425_ERGO-762x1024.jpg\"},{\"@type\":\"BreadcrumbList\",\"@id\":\"https:\/\/paradowski.net\/lv\/product\/beil\/#breadcrumb\",\"itemListElement\":[{\"@type\":\"ListItem\",\"position\":1,\"name\":\"Home\",\"item\":\"https:\/\/paradowski.net\/lv\/\"},{\"@type\":\"ListItem\",\"position\":2,\"name\":\"Beil\"}]},{\"@type\":\"WebSite\",\"@id\":\"https:\/\/paradowski.net\/lv\/#website\",\"url\":\"https:\/\/paradowski.net\/lv\/\",\"name\":\"Paradowski\",\"description\":\"\",\"publisher\":{\"@id\":\"https:\/\/paradowski.net\/lv\/#organization\"},\"potentialAction\":[{\"@type\":\"SearchAction\",\"target\":{\"@type\":\"EntryPoint\",\"urlTemplate\":\"https:\/\/paradowski.net\/lv\/?s={search_term_string}\"},\"query-input\":{\"@type\":\"PropertyValueSpecification\",\"valueRequired\":true,\"valueName\":\"search_term_string\"}}],\"inLanguage\":\"lv-LV\"},{\"@type\":\"Organization\",\"@id\":\"https:\/\/paradowski.net\/lv\/#organization\",\"name\":\"Paradowski\",\"url\":\"https:\/\/paradowski.net\/lv\/\",\"logo\":{\"@type\":\"ImageObject\",\"inLanguage\":\"lv-LV\",\"@id\":\"https:\/\/paradowski.net\/lv\/#\/schema\/logo\/image\/\",\"url\":\"https:\/\/paradowski.net\/wp-content\/uploads\/2024\/10\/logo-paradowski.svg\",\"contentUrl\":\"https:\/\/paradowski.net\/wp-content\/uploads\/2024\/10\/logo-paradowski.svg\",\"width\":264,\"height\":60,\"caption\":\"Paradowski\"},\"image\":{\"@id\":\"https:\/\/paradowski.net\/lv\/#\/schema\/logo\/image\/\"}}]}<\/script>\n","yoast_head_json":{"title":"Beil - Paradowski","robots":{"index":"index","follow":"follow","max-snippet":"max-snippet:-1","max-image-preview":"max-image-preview:large","max-video-preview":"max-video-preview:-1"},"canonical":"https:\/\/paradowski.net\/lv\/product\/beil\/","og_locale":"lv_LV","og_type":"article","og_title":"Beil - Paradowski","og_description":"ier\u012bces pla\u0161u perfor\u0101cijai un ieloc\u012b\u0161anai Beil Firma &#8220;Beil&#8221; specializ\u0113jas augstas precizit\u0101tes iek\u0101rtu ra\u017eo\u0161an\u0101 iespiedformu un pl\u0113ves perfor\u0101cijai , ieloc\u012b\u0161anai un \u0101tr\u0101s pla\u0161u nomai\u0146as sist\u0113m\u0101m. Perforatori tiek ra\u017eoti gandr\u012bz vis\u0101m iespiedma\u0161\u012bn\u0101m un \u0161tiftu perfor\u0101cijas veidiem. Var b\u016bt gan galda, gan stacion\u0101rais variants. Visi perforatori tiek apr\u012bkoti ar mont\u0101\u017eas un kop\u0113\u0161anas line\u0101liem un \u0161tift\u0113m","og_url":"https:\/\/paradowski.net\/lv\/product\/beil\/","og_site_name":"Paradowski","article_modified_time":"2024-10-04T13:37:18+00:00","og_image":[{"url":"https:\/\/paradowski.net\/\/wp-content\/uploads\/2024\/07\/425_ERGO-762x1024.jpg"}],"twitter_card":"summary_large_image","twitter_misc":{"Est. reading time":"1 minute"},"schema":{"@context":"https:\/\/schema.org","@graph":[{"@type":"WebPage","@id":"https:\/\/paradowski.net\/lv\/product\/beil\/","url":"https:\/\/paradowski.net\/lv\/product\/beil\/","name":"Beil - Paradowski","isPartOf":{"@id":"https:\/\/paradowski.net\/lv\/#website"},"primaryImageOfPage":{"@id":"https:\/\/paradowski.net\/lv\/product\/beil\/#primaryimage"},"image":{"@id":"https:\/\/paradowski.net\/lv\/product\/beil\/#primaryimage"},"thumbnailUrl":"https:\/\/paradowski.net\/\/wp-content\/uploads\/2024\/07\/425_ERGO-762x1024.jpg","datePublished":"2024-07-02T18:25:15+00:00","dateModified":"2024-10-04T13:37:18+00:00","breadcrumb":{"@id":"https:\/\/paradowski.net\/lv\/product\/beil\/#breadcrumb"},"inLanguage":"lv-LV","potentialAction":[{"@type":"ReadAction","target":["https:\/\/paradowski.net\/lv\/product\/beil\/"]}]},{"@type":"ImageObject","inLanguage":"lv-LV","@id":"https:\/\/paradowski.net\/lv\/product\/beil\/#primaryimage","url":"https:\/\/paradowski.net\/\/wp-content\/uploads\/2024\/07\/425_ERGO-762x1024.jpg","contentUrl":"https:\/\/paradowski.net\/\/wp-content\/uploads\/2024\/07\/425_ERGO-762x1024.jpg"},{"@type":"BreadcrumbList","@id":"https:\/\/paradowski.net\/lv\/product\/beil\/#breadcrumb","itemListElement":[{"@type":"ListItem","position":1,"name":"Home","item":"https:\/\/paradowski.net\/lv\/"},{"@type":"ListItem","position":2,"name":"Beil"}]},{"@type":"WebSite","@id":"https:\/\/paradowski.net\/lv\/#website","url":"https:\/\/paradowski.net\/lv\/","name":"Paradowski","description":"","publisher":{"@id":"https:\/\/paradowski.net\/lv\/#organization"},"potentialAction":[{"@type":"SearchAction","target":{"@type":"EntryPoint","urlTemplate":"https:\/\/paradowski.net\/lv\/?s={search_term_string}"},"query-input":{"@type":"PropertyValueSpecification","valueRequired":true,"valueName":"search_term_string"}}],"inLanguage":"lv-LV"},{"@type":"Organization","@id":"https:\/\/paradowski.net\/lv\/#organization","name":"Paradowski","url":"https:\/\/paradowski.net\/lv\/","logo":{"@type":"ImageObject","inLanguage":"lv-LV","@id":"https:\/\/paradowski.net\/lv\/#\/schema\/logo\/image\/","url":"https:\/\/paradowski.net\/wp-content\/uploads\/2024\/10\/logo-paradowski.svg","contentUrl":"https:\/\/paradowski.net\/wp-content\/uploads\/2024\/10\/logo-paradowski.svg","width":264,"height":60,"caption":"Paradowski"},"image":{"@id":"https:\/\/paradowski.net\/lv\/#\/schema\/logo\/image\/"}}]}},"_links":{"self":[{"href":"https:\/\/paradowski.net\/lv\/wp-json\/wp\/v2\/product\/559","targetHints":{"allow":["GET"]}}],"collection":[{"href":"https:\/\/paradowski.net\/lv\/wp-json\/wp\/v2\/product"}],"about":[{"href":"https:\/\/paradowski.net\/lv\/wp-json\/wp\/v2\/types\/product"}],"wp:attachment":[{"href":"https:\/\/paradowski.net\/lv\/wp-json\/wp\/v2\/media?parent=559"}],"wp:term":[{"taxonomy":"category","embeddable":true,"href":"https:\/\/paradowski.net\/lv\/wp-json\/wp\/v2\/categories?post=559"},{"taxonomy":"brand","embeddable":true,"href":"https:\/\/paradowski.net\/lv\/wp-json\/wp\/v2\/brand?post=559"},{"taxonomy":"product_type","embeddable":true,"href":"https:\/\/paradowski.net\/lv\/wp-json\/wp\/v2\/product_type?post=559"}],"curies":[{"name":"wp","href":"https:\/\/api.w.org\/{rel}","templated":true}]}}