{"id":619,"date":"2024-07-12T13:26:18","date_gmt":"2024-07-12T13:26:18","guid":{"rendered":"https:\/\/paradowski.net\/product\/sadf-540\/"},"modified":"2024-07-13T08:36:55","modified_gmt":"2024-07-13T08:36:55","slug":"sadf-540","status":"publish","type":"product","link":"https:\/\/paradowski.net\/lv\/product\/sadf-540\/","title":{"rendered":"SADF 540"},"content":{"rendered":"\n<p>lamin\u0101tors karstajai lamin\u0113\u0161anai<\/p>\n\n<figure class=\"wp-block-gallery has-nested-images columns-default is-cropped wp-block-gallery-1 is-layout-flex wp-block-gallery-is-layout-flex\">\n<figure class=\"wp-block-image size-full\"><img loading=\"lazy\" decoding=\"async\" width=\"928\" height=\"636\" data-id=\"605\" src=\"https:\/\/paradowski.net\/\/wp-content\/uploads\/2024\/07\/SADF_540.jpg\" alt=\"\" class=\"wp-image-605\" srcset=\"https:\/\/paradowski.net\/wp-content\/uploads\/2024\/07\/SADF_540.jpg 928w, https:\/\/paradowski.net\/wp-content\/uploads\/2024\/07\/SADF_540-300x206.jpg 300w, https:\/\/paradowski.net\/wp-content\/uploads\/2024\/07\/SADF_540-768x526.jpg 768w\" sizes=\"auto, (max-width: 928px) 100vw, 928px\" \/><\/figure>\n\n\n\n<figure class=\"wp-block-image size-full\"><img loading=\"lazy\" decoding=\"async\" width=\"536\" height=\"382\" data-id=\"608\" src=\"https:\/\/paradowski.net\/\/wp-content\/uploads\/2024\/07\/sadf_4.jpg\" alt=\"\" class=\"wp-image-608\" srcset=\"https:\/\/paradowski.net\/wp-content\/uploads\/2024\/07\/sadf_4.jpg 536w, https:\/\/paradowski.net\/wp-content\/uploads\/2024\/07\/sadf_4-300x214.jpg 300w\" sizes=\"auto, (max-width: 536px) 100vw, 536px\" \/><\/figure>\n\n\n\n<figure class=\"wp-block-image size-full\"><img loading=\"lazy\" decoding=\"async\" width=\"485\" height=\"252\" data-id=\"611\" src=\"https:\/\/paradowski.net\/\/wp-content\/uploads\/2024\/07\/sadf_1.jpg\" alt=\"\" class=\"wp-image-611\" srcset=\"https:\/\/paradowski.net\/wp-content\/uploads\/2024\/07\/sadf_1.jpg 485w, https:\/\/paradowski.net\/wp-content\/uploads\/2024\/07\/sadf_1-300x156.jpg 300w\" sizes=\"auto, (max-width: 485px) 100vw, 485px\" \/><\/figure>\n\n\n\n<figure class=\"wp-block-image size-full\"><img loading=\"lazy\" decoding=\"async\" width=\"485\" height=\"252\" data-id=\"614\" src=\"https:\/\/paradowski.net\/\/wp-content\/uploads\/2024\/07\/sadf_2.jpg\" alt=\"\" class=\"wp-image-614\" srcset=\"https:\/\/paradowski.net\/wp-content\/uploads\/2024\/07\/sadf_2.jpg 485w, https:\/\/paradowski.net\/wp-content\/uploads\/2024\/07\/sadf_2-300x156.jpg 300w\" sizes=\"auto, (max-width: 485px) 100vw, 485px\" \/><\/figure>\n\n\n\n<figure class=\"wp-block-image size-full\"><img loading=\"lazy\" decoding=\"async\" width=\"333\" height=\"350\" data-id=\"617\" src=\"https:\/\/paradowski.net\/\/wp-content\/uploads\/2024\/07\/sadf_3.jpg\" alt=\"\" class=\"wp-image-617\" srcset=\"https:\/\/paradowski.net\/wp-content\/uploads\/2024\/07\/sadf_3.jpg 333w, https:\/\/paradowski.net\/wp-content\/uploads\/2024\/07\/sadf_3-285x300.jpg 285w\" sizes=\"auto, (max-width: 333px) 100vw, 333px\" \/><\/figure>\n<\/figure>\n\n<p><strong>Tehniskais raksturojums:<\/strong><\/p>\n\n<ul class=\"wp-block-list\">\n<li>Piepres\u0113\u0161anas cilindrs diam. 210 mm ar hidraulisko regul\u0113\u0161anu un indukcijas tipa uzslidin\u0101\u0161anu. \u0100tra uzslidin\u0101\u0161ana un gatav\u012bba darbam (3 min.laik\u0101 l\u012bdz 100 oC gr\u0101diem);<\/li>\n\n\n\n<li>Filmas ru\u013c\u013cu tur\u0113tais ar gareniskas filmu grie\u0161anas (perfor\u0101cijas) ier\u012bce<\/li>\n\n\n\n<li>Autom\u0101tiskais lok\u0161\u0146u izlic\u0113js ar lok\u0161\u0146u atdal\u012b\u0161anas sist\u0113mu<\/li>\n\n\n\n<li>Vienk\u0101r\u0161a un \u0113rta lok\u0161\u0146u izlic\u0113ja regul\u0113\u0161ana<\/li>\n\n\n\n<li>Mikroprocesoru vad\u012bbas sist\u0113ma<\/li>\n\n\n\n<li>Autom\u0101tiskais pa\u0161pielic\u0113js<\/li>\n\n\n\n<li>Lok\u0161\u0146u pie\u0146em\u0161anas sist\u0113ma \u2013 stekers (opcija)<\/li>\n<\/ul>\n\n<p><span style=\"text-decoration: underline;\">Tehniski dati:<\/span><\/p>\n\n<figure class=\"wp-block-table\"><table><tbody><tr><td>Maks.pap\u012bra form\u0101ts<\/td><td>540&#215;780 mm<\/td><\/tr><tr><td>Min.pap\u012bra form\u0101ts<\/td><td>210&#215;290 mm<\/td><\/tr><tr><td>Pap\u012bra \u0137\u012bpas augstums pa\u0161pielic\u0113j\u0101<\/td><td>650 mm<\/td><\/tr><tr><td>Pap\u012bra \u0137\u012bpas augstums izvad\u0101 <\/td><td>l\u012bdz 650 mm<\/td><\/tr><tr><td>Pap\u012brs<\/td><td>110-450g\/m2<\/td><\/tr><tr><td>Pl\u0113ve<\/td><td>20-40 mic<\/td><\/tr><tr><td>Meh\u0101niskais \u0101trums<\/td><td>l\u012bdz 30 m\/min<\/td><\/tr><tr><td>El.piesl\u0113gums<\/td><td>15\/8 kw<\/td><\/tr><tr><td>Gabariti, svars (apt.)<\/td><td>3,2&#215;1,25&#215;1,65 m, 1.400 kg<\/td><\/tr><\/tbody><\/table><\/figure>\n","protected":false},"template":"","categories":[56],"brand":[],"product_type":[],"class_list":["post-619","product","type-product","status-publish","hentry","category-pecapstrades-iekartas"],"acf":[],"yoast_head":"\n<title>SADF 540 - Paradowski<\/title>\n<meta name=\"robots\" content=\"index, follow, max-snippet:-1, max-image-preview:large, max-video-preview:-1\" \/>\n<link rel=\"canonical\" href=\"https:\/\/paradowski.net\/lv\/product\/sadf-540\/\" \/>\n<meta property=\"og:locale\" content=\"lv_LV\" \/>\n<meta property=\"og:type\" content=\"article\" \/>\n<meta property=\"og:title\" content=\"SADF 540 - Paradowski\" \/>\n<meta property=\"og:description\" content=\"lamin\u0101tors karstajai lamin\u0113\u0161anai Tehniskais raksturojums: Tehniski dati: Maks.pap\u012bra form\u0101ts 540&#215;780 mm Min.pap\u012bra form\u0101ts 210&#215;290 mm Pap\u012bra \u0137\u012bpas augstums pa\u0161pielic\u0113j\u0101 650 mm Pap\u012bra \u0137\u012bpas augstums izvad\u0101 l\u012bdz 650 mm Pap\u012brs 110-450g\/m2 Pl\u0113ve 20-40 mic Meh\u0101niskais \u0101trums l\u012bdz 30 m\/min El.piesl\u0113gums 15\/8 kw Gabariti, svars (apt.) 3,2&#215;1,25&#215;1,65 m, 1.400 kg\" \/>\n<meta property=\"og:url\" content=\"https:\/\/paradowski.net\/lv\/product\/sadf-540\/\" \/>\n<meta property=\"og:site_name\" content=\"Paradowski\" \/>\n<meta property=\"article:modified_time\" content=\"2024-07-13T08:36:55+00:00\" \/>\n<meta property=\"og:image\" content=\"https:\/\/paradowski.net\/\/wp-content\/uploads\/2024\/07\/SADF_540.jpg\" \/>\n<meta name=\"twitter:card\" content=\"summary_large_image\" \/>\n<meta name=\"twitter:label1\" content=\"Est. reading time\" \/>\n\t<meta name=\"twitter:data1\" content=\"2 minutes\" \/>\n<script type=\"application\/ld+json\" class=\"yoast-schema-graph\">{\"@context\":\"https:\/\/schema.org\",\"@graph\":[{\"@type\":\"WebPage\",\"@id\":\"https:\/\/paradowski.net\/lv\/product\/sadf-540\/\",\"url\":\"https:\/\/paradowski.net\/lv\/product\/sadf-540\/\",\"name\":\"SADF 540 - Paradowski\",\"isPartOf\":{\"@id\":\"https:\/\/paradowski.net\/lv\/#website\"},\"primaryImageOfPage\":{\"@id\":\"https:\/\/paradowski.net\/lv\/product\/sadf-540\/#primaryimage\"},\"image\":{\"@id\":\"https:\/\/paradowski.net\/lv\/product\/sadf-540\/#primaryimage\"},\"thumbnailUrl\":\"https:\/\/paradowski.net\/\/wp-content\/uploads\/2024\/07\/SADF_540.jpg\",\"datePublished\":\"2024-07-12T13:26:18+00:00\",\"dateModified\":\"2024-07-13T08:36:55+00:00\",\"breadcrumb\":{\"@id\":\"https:\/\/paradowski.net\/lv\/product\/sadf-540\/#breadcrumb\"},\"inLanguage\":\"lv-LV\",\"potentialAction\":[{\"@type\":\"ReadAction\",\"target\":[\"https:\/\/paradowski.net\/lv\/product\/sadf-540\/\"]}]},{\"@type\":\"ImageObject\",\"inLanguage\":\"lv-LV\",\"@id\":\"https:\/\/paradowski.net\/lv\/product\/sadf-540\/#primaryimage\",\"url\":\"https:\/\/paradowski.net\/\/wp-content\/uploads\/2024\/07\/SADF_540.jpg\",\"contentUrl\":\"https:\/\/paradowski.net\/\/wp-content\/uploads\/2024\/07\/SADF_540.jpg\"},{\"@type\":\"BreadcrumbList\",\"@id\":\"https:\/\/paradowski.net\/lv\/product\/sadf-540\/#breadcrumb\",\"itemListElement\":[{\"@type\":\"ListItem\",\"position\":1,\"name\":\"Home\",\"item\":\"https:\/\/paradowski.net\/lv\/\"},{\"@type\":\"ListItem\",\"position\":2,\"name\":\"SADF 540\"}]},{\"@type\":\"WebSite\",\"@id\":\"https:\/\/paradowski.net\/lv\/#website\",\"url\":\"https:\/\/paradowski.net\/lv\/\",\"name\":\"Paradowski\",\"description\":\"\",\"publisher\":{\"@id\":\"https:\/\/paradowski.net\/lv\/#organization\"},\"potentialAction\":[{\"@type\":\"SearchAction\",\"target\":{\"@type\":\"EntryPoint\",\"urlTemplate\":\"https:\/\/paradowski.net\/lv\/?s={search_term_string}\"},\"query-input\":{\"@type\":\"PropertyValueSpecification\",\"valueRequired\":true,\"valueName\":\"search_term_string\"}}],\"inLanguage\":\"lv-LV\"},{\"@type\":\"Organization\",\"@id\":\"https:\/\/paradowski.net\/lv\/#organization\",\"name\":\"Paradowski\",\"url\":\"https:\/\/paradowski.net\/lv\/\",\"logo\":{\"@type\":\"ImageObject\",\"inLanguage\":\"lv-LV\",\"@id\":\"https:\/\/paradowski.net\/lv\/#\/schema\/logo\/image\/\",\"url\":\"https:\/\/paradowski.net\/wp-content\/uploads\/2024\/10\/logo-paradowski.svg\",\"contentUrl\":\"https:\/\/paradowski.net\/wp-content\/uploads\/2024\/10\/logo-paradowski.svg\",\"width\":264,\"height\":60,\"caption\":\"Paradowski\"},\"image\":{\"@id\":\"https:\/\/paradowski.net\/lv\/#\/schema\/logo\/image\/\"}}]}<\/script>\n","yoast_head_json":{"title":"SADF 540 - Paradowski","robots":{"index":"index","follow":"follow","max-snippet":"max-snippet:-1","max-image-preview":"max-image-preview:large","max-video-preview":"max-video-preview:-1"},"canonical":"https:\/\/paradowski.net\/lv\/product\/sadf-540\/","og_locale":"lv_LV","og_type":"article","og_title":"SADF 540 - Paradowski","og_description":"lamin\u0101tors karstajai lamin\u0113\u0161anai Tehniskais raksturojums: Tehniski dati: Maks.pap\u012bra form\u0101ts 540&#215;780 mm Min.pap\u012bra form\u0101ts 210&#215;290 mm Pap\u012bra \u0137\u012bpas augstums pa\u0161pielic\u0113j\u0101 650 mm Pap\u012bra \u0137\u012bpas augstums izvad\u0101 l\u012bdz 650 mm Pap\u012brs 110-450g\/m2 Pl\u0113ve 20-40 mic Meh\u0101niskais \u0101trums l\u012bdz 30 m\/min El.piesl\u0113gums 15\/8 kw Gabariti, svars (apt.) 3,2&#215;1,25&#215;1,65 m, 1.400 kg","og_url":"https:\/\/paradowski.net\/lv\/product\/sadf-540\/","og_site_name":"Paradowski","article_modified_time":"2024-07-13T08:36:55+00:00","og_image":[{"url":"https:\/\/paradowski.net\/\/wp-content\/uploads\/2024\/07\/SADF_540.jpg"}],"twitter_card":"summary_large_image","twitter_misc":{"Est. reading time":"2 minutes"},"schema":{"@context":"https:\/\/schema.org","@graph":[{"@type":"WebPage","@id":"https:\/\/paradowski.net\/lv\/product\/sadf-540\/","url":"https:\/\/paradowski.net\/lv\/product\/sadf-540\/","name":"SADF 540 - Paradowski","isPartOf":{"@id":"https:\/\/paradowski.net\/lv\/#website"},"primaryImageOfPage":{"@id":"https:\/\/paradowski.net\/lv\/product\/sadf-540\/#primaryimage"},"image":{"@id":"https:\/\/paradowski.net\/lv\/product\/sadf-540\/#primaryimage"},"thumbnailUrl":"https:\/\/paradowski.net\/\/wp-content\/uploads\/2024\/07\/SADF_540.jpg","datePublished":"2024-07-12T13:26:18+00:00","dateModified":"2024-07-13T08:36:55+00:00","breadcrumb":{"@id":"https:\/\/paradowski.net\/lv\/product\/sadf-540\/#breadcrumb"},"inLanguage":"lv-LV","potentialAction":[{"@type":"ReadAction","target":["https:\/\/paradowski.net\/lv\/product\/sadf-540\/"]}]},{"@type":"ImageObject","inLanguage":"lv-LV","@id":"https:\/\/paradowski.net\/lv\/product\/sadf-540\/#primaryimage","url":"https:\/\/paradowski.net\/\/wp-content\/uploads\/2024\/07\/SADF_540.jpg","contentUrl":"https:\/\/paradowski.net\/\/wp-content\/uploads\/2024\/07\/SADF_540.jpg"},{"@type":"BreadcrumbList","@id":"https:\/\/paradowski.net\/lv\/product\/sadf-540\/#breadcrumb","itemListElement":[{"@type":"ListItem","position":1,"name":"Home","item":"https:\/\/paradowski.net\/lv\/"},{"@type":"ListItem","position":2,"name":"SADF 540"}]},{"@type":"WebSite","@id":"https:\/\/paradowski.net\/lv\/#website","url":"https:\/\/paradowski.net\/lv\/","name":"Paradowski","description":"","publisher":{"@id":"https:\/\/paradowski.net\/lv\/#organization"},"potentialAction":[{"@type":"SearchAction","target":{"@type":"EntryPoint","urlTemplate":"https:\/\/paradowski.net\/lv\/?s={search_term_string}"},"query-input":{"@type":"PropertyValueSpecification","valueRequired":true,"valueName":"search_term_string"}}],"inLanguage":"lv-LV"},{"@type":"Organization","@id":"https:\/\/paradowski.net\/lv\/#organization","name":"Paradowski","url":"https:\/\/paradowski.net\/lv\/","logo":{"@type":"ImageObject","inLanguage":"lv-LV","@id":"https:\/\/paradowski.net\/lv\/#\/schema\/logo\/image\/","url":"https:\/\/paradowski.net\/wp-content\/uploads\/2024\/10\/logo-paradowski.svg","contentUrl":"https:\/\/paradowski.net\/wp-content\/uploads\/2024\/10\/logo-paradowski.svg","width":264,"height":60,"caption":"Paradowski"},"image":{"@id":"https:\/\/paradowski.net\/lv\/#\/schema\/logo\/image\/"}}]}},"_links":{"self":[{"href":"https:\/\/paradowski.net\/lv\/wp-json\/wp\/v2\/product\/619","targetHints":{"allow":["GET"]}}],"collection":[{"href":"https:\/\/paradowski.net\/lv\/wp-json\/wp\/v2\/product"}],"about":[{"href":"https:\/\/paradowski.net\/lv\/wp-json\/wp\/v2\/types\/product"}],"wp:attachment":[{"href":"https:\/\/paradowski.net\/lv\/wp-json\/wp\/v2\/media?parent=619"}],"wp:term":[{"taxonomy":"category","embeddable":true,"href":"https:\/\/paradowski.net\/lv\/wp-json\/wp\/v2\/categories?post=619"},{"taxonomy":"brand","embeddable":true,"href":"https:\/\/paradowski.net\/lv\/wp-json\/wp\/v2\/brand?post=619"},{"taxonomy":"product_type","embeddable":true,"href":"https:\/\/paradowski.net\/lv\/wp-json\/wp\/v2\/product_type?post=619"}],"curies":[{"name":"wp","href":"https:\/\/api.w.org\/{rel}","templated":true}]}}