{"id":391,"date":"2024-06-26T18:31:18","date_gmt":"2024-06-26T18:31:18","guid":{"rendered":"https:\/\/paradowski.net\/product\/eba-4860\/"},"modified":"2024-06-26T18:50:05","modified_gmt":"2024-06-26T18:50:05","slug":"eba-4860","status":"publish","type":"product","link":"https:\/\/paradowski.net\/ru\/product\/eba-4860\/","title":{"rendered":"EBA 4860"},"content":{"rendered":"\n<p>EBA 4860 &#8211; elektrisk\u0101 pap\u012bra \u0137\u012bpas grie\u0161anas ma\u0161\u012bna ar elektromeh\u0101nisku na\u017ea un pres\u0113t\u0101ja piedzi\u0146u, grie\u0161anas garums 475 mm<\/p>\n\n<figure class=\"wp-block-gallery has-nested-images columns-default is-cropped wp-block-gallery-1 is-layout-flex wp-block-gallery-is-layout-flex\">\n<figure class=\"wp-block-image size-large\"><img loading=\"lazy\" decoding=\"async\" width=\"600\" height=\"600\" data-id=\"376\" src=\"https:\/\/paradowski.net\/\/wp-content\/uploads\/2024\/06\/eba_4860_600x600.png\" alt=\"\" class=\"wp-image-376\" srcset=\"https:\/\/paradowski.net\/wp-content\/uploads\/2024\/06\/eba_4860_600x600.png 600w, https:\/\/paradowski.net\/wp-content\/uploads\/2024\/06\/eba_4860_600x600-300x300.png 300w, https:\/\/paradowski.net\/wp-content\/uploads\/2024\/06\/eba_4860_600x600-150x150.png 150w\" sizes=\"auto, (max-width: 600px) 100vw, 600px\" \/><\/figure>\n\n\n\n<figure class=\"wp-block-image size-large\"><img loading=\"lazy\" decoding=\"async\" width=\"651\" height=\"651\" data-id=\"383\" src=\"https:\/\/paradowski.net\/\/wp-content\/uploads\/2024\/06\/Stapelschneider-IDEAL-4860-lichtschranke_1920x1920.jpg\" alt=\"\" class=\"wp-image-383\" srcset=\"https:\/\/paradowski.net\/wp-content\/uploads\/2024\/06\/Stapelschneider-IDEAL-4860-lichtschranke_1920x1920.jpg 651w, https:\/\/paradowski.net\/wp-content\/uploads\/2024\/06\/Stapelschneider-IDEAL-4860-lichtschranke_1920x1920-300x300.jpg 300w, https:\/\/paradowski.net\/wp-content\/uploads\/2024\/06\/Stapelschneider-IDEAL-4860-lichtschranke_1920x1920-150x150.jpg 150w\" sizes=\"auto, (max-width: 651px) 100vw, 651px\" \/><\/figure>\n\n\n\n<figure class=\"wp-block-image size-large\"><img loading=\"lazy\" decoding=\"async\" width=\"651\" height=\"651\" data-id=\"386\" src=\"https:\/\/paradowski.net\/\/wp-content\/uploads\/2024\/06\/Stapelschneider-IDEAL-4860-sicherer-messerwechsel_1920x1920.jpg\" alt=\"\" class=\"wp-image-386\" srcset=\"https:\/\/paradowski.net\/wp-content\/uploads\/2024\/06\/Stapelschneider-IDEAL-4860-sicherer-messerwechsel_1920x1920.jpg 651w, https:\/\/paradowski.net\/wp-content\/uploads\/2024\/06\/Stapelschneider-IDEAL-4860-sicherer-messerwechsel_1920x1920-300x300.jpg 300w, https:\/\/paradowski.net\/wp-content\/uploads\/2024\/06\/Stapelschneider-IDEAL-4860-sicherer-messerwechsel_1920x1920-150x150.jpg 150w\" sizes=\"auto, (max-width: 651px) 100vw, 651px\" \/><\/figure>\n\n\n\n<figure class=\"wp-block-image size-large\"><img loading=\"lazy\" decoding=\"async\" width=\"651\" height=\"651\" data-id=\"389\" src=\"https:\/\/paradowski.net\/\/wp-content\/uploads\/2024\/06\/Stapelschneider-IDEAL-4860-touchpad_1920x1920.jpg\" alt=\"\" class=\"wp-image-389\" srcset=\"https:\/\/paradowski.net\/wp-content\/uploads\/2024\/06\/Stapelschneider-IDEAL-4860-touchpad_1920x1920.jpg 651w, https:\/\/paradowski.net\/wp-content\/uploads\/2024\/06\/Stapelschneider-IDEAL-4860-touchpad_1920x1920-300x300.jpg 300w, https:\/\/paradowski.net\/wp-content\/uploads\/2024\/06\/Stapelschneider-IDEAL-4860-touchpad_1920x1920-150x150.jpg 150w\" sizes=\"auto, (max-width: 651px) 100vw, 651px\" \/><\/figure>\n<\/figure>\n\n<p>Galven\u0101s \u012bpa\u0161\u012bbas:<\/p>\n\n<ul class=\"wp-block-list\">\n<li>mikroprocesoru vad\u012bba, 99 programm\u0101m ar 99 so\u013ciem katr\u0101 programm\u0101 (15 atk\u0101rtotu griezumu izm\u0113ri, integr\u0113jami k\u0101 viens programmas solis);<\/li>\n\n\n\n<li>piesk\u0101rienu j\u016bt\u012bgs displejs izm\u0113ru ievadi\u0161anai, r\u0101d\u012bjumu precizit\u0101te 0,1 mm;<\/li>\n\n\n\n<li>autom\u0101tisk\u0101 funkcija kontrolizm\u0113ra uzst\u0101d\u012b\u0161anai<\/li>\n\n\n\n<li>digit\u0101lie m\u0113r\u012bjumu r\u0101d\u012bjumi<\/li>\n\n\n\n<li>atmi\u0146as re\u017e\u012bms atk\u0101rtotiem griezumiem<\/li>\n\n\n\n<li>elektroniskais rokritenis (ar pak\u0101peniski regul\u0113jamu \u0101trumu)<\/li>\n\n\n\n<li>aizmugur\u0113j\u0101s atdures uzst\u0101d\u012b\u0161anai ar roku<\/li>\n\n\n\n<li>optisk\u0101 griezuma l\u012bnija<\/li>\n\n\n\n<li>k\u013c\u016bdu diagnoze uz displeja<\/li>\n\n\n\n<li>pa 2 s\u0101nu atdur\u0113m uz priek\u0161\u0113j\u0101 un aizmugur\u0113j\u0101 galda<\/li>\n\n\n\n<li>na\u017ea tur\u0113t\u0101js no t\u0113rauda<\/li>\n\n\n\n<li>vienk\u0101r\u0161a na\u017ea nomai\u0146a no priek\u0161puses<\/li>\n\n\n\n<li>optisks aizsardz\u012bbas barjers ma\u0161\u012bnas priek\u0161pus\u0113, caursp\u012bd\u012bgs dro\u0161\u012bbas aizsargs uz aizmugur\u0113j\u0101 galda, ma\u0161\u012bna atbilst jaun\u0101kajiem dro\u0161\u012bbas tehnikas priek\u0161rakstiem un Eiropas CE standartam<\/li>\n<\/ul>\n\n<p><strong>Tehniskie dati:<\/strong><\/p>\n\n<figure class=\"wp-block-table\"><table><tbody><tr><td>Griezuma garums:<\/td><td>475 mm<\/td><\/tr><tr><td>Pap\u012bra \u0137\u012bpas biezums:<\/td><td>80 mm<\/td><\/tr><tr><td>Galda dzi\u013cums:<\/td><td>458 mm<\/td><\/tr><tr><td>Atgriezumi:<\/td><td>35 mm<\/td><\/tr><tr><td>El. piesl\u0113gums:<\/td><td><code>230 V\/50HZ\/1,52 kW<\/code><\/td><\/tr><tr><td>Izm\u0113ri, svars<\/td><td>H1296 x B 762 x T 988 mm, 232 kg<\/td><\/tr><\/tbody><\/table><\/figure>\n","protected":false},"template":"","categories":[47],"brand":[],"product_type":[],"class_list":["post-391","product","type-product","status-publish","hentry","category-poslepechatnoe-i-oborudovanie-dlya-otdelki-pechatnoj-produkcii"],"acf":[],"yoast_head":"\n<title>EBA 4860 - Paradowski<\/title>\n<meta name=\"robots\" content=\"index, follow, max-snippet:-1, max-image-preview:large, max-video-preview:-1\" \/>\n<link rel=\"canonical\" href=\"https:\/\/paradowski.net\/ru\/product\/eba-4860\/\" \/>\n<meta property=\"og:locale\" content=\"ru_RU\" \/>\n<meta property=\"og:type\" content=\"article\" \/>\n<meta property=\"og:title\" content=\"EBA 4860 - Paradowski\" \/>\n<meta property=\"og:description\" content=\"EBA 4860 &#8211; elektrisk\u0101 pap\u012bra \u0137\u012bpas grie\u0161anas ma\u0161\u012bna ar elektromeh\u0101nisku na\u017ea un pres\u0113t\u0101ja piedzi\u0146u, grie\u0161anas garums 475 mm Galven\u0101s \u012bpa\u0161\u012bbas: Tehniskie dati: Griezuma garums: 475 mm Pap\u012bra \u0137\u012bpas biezums: 80 mm Galda dzi\u013cums: 458 mm Atgriezumi: 35 mm El. piesl\u0113gums: 230 V\/50HZ\/1,52 kW Izm\u0113ri, svars H1296 x B 762 x T 988 mm, 232 kg\" \/>\n<meta property=\"og:url\" content=\"https:\/\/paradowski.net\/ru\/product\/eba-4860\/\" \/>\n<meta property=\"og:site_name\" content=\"Paradowski\" \/>\n<meta property=\"article:modified_time\" content=\"2024-06-26T18:50:05+00:00\" \/>\n<meta property=\"og:image\" content=\"https:\/\/paradowski.net\/\/wp-content\/uploads\/2024\/06\/eba_4860_600x600.png\" \/>\n<meta name=\"twitter:card\" content=\"summary_large_image\" \/>\n<meta name=\"twitter:label1\" content=\"Est. reading time\" \/>\n\t<meta name=\"twitter:data1\" content=\"1 minute\" \/>\n<script type=\"application\/ld+json\" class=\"yoast-schema-graph\">{\"@context\":\"https:\/\/schema.org\",\"@graph\":[{\"@type\":\"WebPage\",\"@id\":\"https:\/\/paradowski.net\/ru\/product\/eba-4860\/\",\"url\":\"https:\/\/paradowski.net\/ru\/product\/eba-4860\/\",\"name\":\"EBA 4860 - Paradowski\",\"isPartOf\":{\"@id\":\"https:\/\/paradowski.net\/ru\/#website\"},\"primaryImageOfPage\":{\"@id\":\"https:\/\/paradowski.net\/ru\/product\/eba-4860\/#primaryimage\"},\"image\":{\"@id\":\"https:\/\/paradowski.net\/ru\/product\/eba-4860\/#primaryimage\"},\"thumbnailUrl\":\"https:\/\/paradowski.net\/\/wp-content\/uploads\/2024\/06\/eba_4860_600x600.png\",\"datePublished\":\"2024-06-26T18:31:18+00:00\",\"dateModified\":\"2024-06-26T18:50:05+00:00\",\"breadcrumb\":{\"@id\":\"https:\/\/paradowski.net\/ru\/product\/eba-4860\/#breadcrumb\"},\"inLanguage\":\"ru-RU\",\"potentialAction\":[{\"@type\":\"ReadAction\",\"target\":[\"https:\/\/paradowski.net\/ru\/product\/eba-4860\/\"]}]},{\"@type\":\"ImageObject\",\"inLanguage\":\"ru-RU\",\"@id\":\"https:\/\/paradowski.net\/ru\/product\/eba-4860\/#primaryimage\",\"url\":\"https:\/\/paradowski.net\/\/wp-content\/uploads\/2024\/06\/eba_4860_600x600.png\",\"contentUrl\":\"https:\/\/paradowski.net\/\/wp-content\/uploads\/2024\/06\/eba_4860_600x600.png\"},{\"@type\":\"BreadcrumbList\",\"@id\":\"https:\/\/paradowski.net\/ru\/product\/eba-4860\/#breadcrumb\",\"itemListElement\":[{\"@type\":\"ListItem\",\"position\":1,\"name\":\"Home\",\"item\":\"https:\/\/paradowski.net\/ru\/\"},{\"@type\":\"ListItem\",\"position\":2,\"name\":\"EBA 4860\"}]},{\"@type\":\"WebSite\",\"@id\":\"https:\/\/paradowski.net\/ru\/#website\",\"url\":\"https:\/\/paradowski.net\/ru\/\",\"name\":\"Paradowski\",\"description\":\"\",\"publisher\":{\"@id\":\"https:\/\/paradowski.net\/ru\/#organization\"},\"potentialAction\":[{\"@type\":\"SearchAction\",\"target\":{\"@type\":\"EntryPoint\",\"urlTemplate\":\"https:\/\/paradowski.net\/ru\/?s={search_term_string}\"},\"query-input\":{\"@type\":\"PropertyValueSpecification\",\"valueRequired\":true,\"valueName\":\"search_term_string\"}}],\"inLanguage\":\"ru-RU\"},{\"@type\":\"Organization\",\"@id\":\"https:\/\/paradowski.net\/ru\/#organization\",\"name\":\"Paradowski\",\"url\":\"https:\/\/paradowski.net\/ru\/\",\"logo\":{\"@type\":\"ImageObject\",\"inLanguage\":\"ru-RU\",\"@id\":\"https:\/\/paradowski.net\/ru\/#\/schema\/logo\/image\/\",\"url\":\"https:\/\/paradowski.net\/wp-content\/uploads\/2024\/10\/logo-paradowski.svg\",\"contentUrl\":\"https:\/\/paradowski.net\/wp-content\/uploads\/2024\/10\/logo-paradowski.svg\",\"width\":264,\"height\":60,\"caption\":\"Paradowski\"},\"image\":{\"@id\":\"https:\/\/paradowski.net\/ru\/#\/schema\/logo\/image\/\"}}]}<\/script>\n","yoast_head_json":{"title":"EBA 4860 - Paradowski","robots":{"index":"index","follow":"follow","max-snippet":"max-snippet:-1","max-image-preview":"max-image-preview:large","max-video-preview":"max-video-preview:-1"},"canonical":"https:\/\/paradowski.net\/ru\/product\/eba-4860\/","og_locale":"ru_RU","og_type":"article","og_title":"EBA 4860 - Paradowski","og_description":"EBA 4860 &#8211; elektrisk\u0101 pap\u012bra \u0137\u012bpas grie\u0161anas ma\u0161\u012bna ar elektromeh\u0101nisku na\u017ea un pres\u0113t\u0101ja piedzi\u0146u, grie\u0161anas garums 475 mm Galven\u0101s \u012bpa\u0161\u012bbas: Tehniskie dati: Griezuma garums: 475 mm Pap\u012bra \u0137\u012bpas biezums: 80 mm Galda dzi\u013cums: 458 mm Atgriezumi: 35 mm El. piesl\u0113gums: 230 V\/50HZ\/1,52 kW Izm\u0113ri, svars H1296 x B 762 x T 988 mm, 232 kg","og_url":"https:\/\/paradowski.net\/ru\/product\/eba-4860\/","og_site_name":"Paradowski","article_modified_time":"2024-06-26T18:50:05+00:00","og_image":[{"url":"https:\/\/paradowski.net\/\/wp-content\/uploads\/2024\/06\/eba_4860_600x600.png"}],"twitter_card":"summary_large_image","twitter_misc":{"Est. reading time":"1 minute"},"schema":{"@context":"https:\/\/schema.org","@graph":[{"@type":"WebPage","@id":"https:\/\/paradowski.net\/ru\/product\/eba-4860\/","url":"https:\/\/paradowski.net\/ru\/product\/eba-4860\/","name":"EBA 4860 - Paradowski","isPartOf":{"@id":"https:\/\/paradowski.net\/ru\/#website"},"primaryImageOfPage":{"@id":"https:\/\/paradowski.net\/ru\/product\/eba-4860\/#primaryimage"},"image":{"@id":"https:\/\/paradowski.net\/ru\/product\/eba-4860\/#primaryimage"},"thumbnailUrl":"https:\/\/paradowski.net\/\/wp-content\/uploads\/2024\/06\/eba_4860_600x600.png","datePublished":"2024-06-26T18:31:18+00:00","dateModified":"2024-06-26T18:50:05+00:00","breadcrumb":{"@id":"https:\/\/paradowski.net\/ru\/product\/eba-4860\/#breadcrumb"},"inLanguage":"ru-RU","potentialAction":[{"@type":"ReadAction","target":["https:\/\/paradowski.net\/ru\/product\/eba-4860\/"]}]},{"@type":"ImageObject","inLanguage":"ru-RU","@id":"https:\/\/paradowski.net\/ru\/product\/eba-4860\/#primaryimage","url":"https:\/\/paradowski.net\/\/wp-content\/uploads\/2024\/06\/eba_4860_600x600.png","contentUrl":"https:\/\/paradowski.net\/\/wp-content\/uploads\/2024\/06\/eba_4860_600x600.png"},{"@type":"BreadcrumbList","@id":"https:\/\/paradowski.net\/ru\/product\/eba-4860\/#breadcrumb","itemListElement":[{"@type":"ListItem","position":1,"name":"Home","item":"https:\/\/paradowski.net\/ru\/"},{"@type":"ListItem","position":2,"name":"EBA 4860"}]},{"@type":"WebSite","@id":"https:\/\/paradowski.net\/ru\/#website","url":"https:\/\/paradowski.net\/ru\/","name":"Paradowski","description":"","publisher":{"@id":"https:\/\/paradowski.net\/ru\/#organization"},"potentialAction":[{"@type":"SearchAction","target":{"@type":"EntryPoint","urlTemplate":"https:\/\/paradowski.net\/ru\/?s={search_term_string}"},"query-input":{"@type":"PropertyValueSpecification","valueRequired":true,"valueName":"search_term_string"}}],"inLanguage":"ru-RU"},{"@type":"Organization","@id":"https:\/\/paradowski.net\/ru\/#organization","name":"Paradowski","url":"https:\/\/paradowski.net\/ru\/","logo":{"@type":"ImageObject","inLanguage":"ru-RU","@id":"https:\/\/paradowski.net\/ru\/#\/schema\/logo\/image\/","url":"https:\/\/paradowski.net\/wp-content\/uploads\/2024\/10\/logo-paradowski.svg","contentUrl":"https:\/\/paradowski.net\/wp-content\/uploads\/2024\/10\/logo-paradowski.svg","width":264,"height":60,"caption":"Paradowski"},"image":{"@id":"https:\/\/paradowski.net\/ru\/#\/schema\/logo\/image\/"}}]}},"_links":{"self":[{"href":"https:\/\/paradowski.net\/ru\/wp-json\/wp\/v2\/product\/391","targetHints":{"allow":["GET"]}}],"collection":[{"href":"https:\/\/paradowski.net\/ru\/wp-json\/wp\/v2\/product"}],"about":[{"href":"https:\/\/paradowski.net\/ru\/wp-json\/wp\/v2\/types\/product"}],"wp:attachment":[{"href":"https:\/\/paradowski.net\/ru\/wp-json\/wp\/v2\/media?parent=391"}],"wp:term":[{"taxonomy":"category","embeddable":true,"href":"https:\/\/paradowski.net\/ru\/wp-json\/wp\/v2\/categories?post=391"},{"taxonomy":"brand","embeddable":true,"href":"https:\/\/paradowski.net\/ru\/wp-json\/wp\/v2\/brand?post=391"},{"taxonomy":"product_type","embeddable":true,"href":"https:\/\/paradowski.net\/ru\/wp-json\/wp\/v2\/product_type?post=391"}],"curies":[{"name":"wp","href":"https:\/\/api.w.org\/{rel}","templated":true}]}}