{"id":490,"date":"2024-06-27T16:19:39","date_gmt":"2024-06-27T16:19:39","guid":{"rendered":"https:\/\/paradowski.net\/product\/eba-5560\/"},"modified":"2024-06-28T17:13:10","modified_gmt":"2024-06-28T17:13:10","slug":"eba-5560","status":"publish","type":"product","link":"https:\/\/paradowski.net\/ru\/product\/eba-5560\/","title":{"rendered":"EBA 5560"},"content":{"rendered":"\n<p>Profesion\u0101la giljot\u012bna ar hidraulisko na\u017ea un preses piedzi\u0146u<\/p>\n\n<figure class=\"wp-block-gallery has-nested-images columns-default is-cropped wp-block-gallery-1 is-layout-flex wp-block-gallery-is-layout-flex\">\n<figure class=\"wp-block-image size-large\"><img loading=\"lazy\" decoding=\"async\" width=\"1024\" height=\"1024\" data-id=\"415\" src=\"https:\/\/paradowski.net\/\/wp-content\/uploads\/2024\/06\/eba_5560-1024x1024.png\" alt=\"\" class=\"wp-image-415\" srcset=\"https:\/\/paradowski.net\/wp-content\/uploads\/2024\/06\/eba_5560-1024x1024.png 1024w, https:\/\/paradowski.net\/wp-content\/uploads\/2024\/06\/eba_5560-300x300.png 300w, https:\/\/paradowski.net\/wp-content\/uploads\/2024\/06\/eba_5560-150x150.png 150w, https:\/\/paradowski.net\/wp-content\/uploads\/2024\/06\/eba_5560-768x768.png 768w, https:\/\/paradowski.net\/wp-content\/uploads\/2024\/06\/eba_5560.png 1250w\" sizes=\"auto, (max-width: 1024px) 100vw, 1024px\" \/><\/figure>\n\n\n\n<figure class=\"wp-block-image size-large\"><img loading=\"lazy\" decoding=\"async\" width=\"651\" height=\"651\" data-id=\"418\" src=\"https:\/\/paradowski.net\/\/wp-content\/uploads\/2024\/06\/eba_-5560-touchpad_1920x1920.jpg\" alt=\"\" class=\"wp-image-418\" srcset=\"https:\/\/paradowski.net\/wp-content\/uploads\/2024\/06\/eba_-5560-touchpad_1920x1920.jpg 651w, https:\/\/paradowski.net\/wp-content\/uploads\/2024\/06\/eba_-5560-touchpad_1920x1920-300x300.jpg 300w, https:\/\/paradowski.net\/wp-content\/uploads\/2024\/06\/eba_-5560-touchpad_1920x1920-150x150.jpg 150w\" sizes=\"auto, (max-width: 651px) 100vw, 651px\" \/><\/figure>\n\n\n\n<figure class=\"wp-block-image size-large\"><img loading=\"lazy\" decoding=\"async\" width=\"651\" height=\"651\" data-id=\"421\" src=\"https:\/\/paradowski.net\/\/wp-content\/uploads\/2024\/06\/eba-5560-lichtschranke_1920x1920.jpg\" alt=\"\" class=\"wp-image-421\" srcset=\"https:\/\/paradowski.net\/wp-content\/uploads\/2024\/06\/eba-5560-lichtschranke_1920x1920.jpg 651w, https:\/\/paradowski.net\/wp-content\/uploads\/2024\/06\/eba-5560-lichtschranke_1920x1920-300x300.jpg 300w, https:\/\/paradowski.net\/wp-content\/uploads\/2024\/06\/eba-5560-lichtschranke_1920x1920-150x150.jpg 150w\" sizes=\"auto, (max-width: 651px) 100vw, 651px\" \/><\/figure>\n\n\n\n<figure class=\"wp-block-image size-large\"><img loading=\"lazy\" decoding=\"async\" width=\"651\" height=\"651\" data-id=\"424\" src=\"https:\/\/paradowski.net\/\/wp-content\/uploads\/2024\/06\/eba-5560-easy-cut_1920x1920.jpg\" alt=\"\" class=\"wp-image-424\" srcset=\"https:\/\/paradowski.net\/wp-content\/uploads\/2024\/06\/eba-5560-easy-cut_1920x1920.jpg 651w, https:\/\/paradowski.net\/wp-content\/uploads\/2024\/06\/eba-5560-easy-cut_1920x1920-300x300.jpg 300w, https:\/\/paradowski.net\/wp-content\/uploads\/2024\/06\/eba-5560-easy-cut_1920x1920-150x150.jpg 150w\" sizes=\"auto, (max-width: 651px) 100vw, 651px\" \/><\/figure>\n<\/figure>\n\n<p>EBA 5560 ir viegl\u0101s klases grie\u017eam\u0101s ma\u0161\u012bnas un ir orient\u0113tas uz mazu un vid\u0113ju noslogot\u012bbu neliel\u0101s tipogr\u0101fij\u0101s da\u017e\u0101da veida produkcijas ra\u017eo\u0161anai- s\u0101kot ar \u017eurn\u0101liem un bro\u0161\u016br\u0101m, beidzot ar kalend\u0101riem, viz\u012btkart\u0113m u.c.<\/p>\n\n<p>Papildus apr\u012bkojums:<\/p>\n\n<ul class=\"wp-block-list\">\n<li>s\u0101nu galdi;<\/li>\n\n\n\n<li>mode\u013ciem ar LT indeksu \u2013 gaisa izp\u016b\u0161ana galda centr\u0101laj\u0101 un aizmugur\u0113j\u0101 da\u013c\u0101.<\/li>\n<\/ul>\n","protected":false},"template":"","categories":[47],"brand":[],"product_type":[],"class_list":["post-490","product","type-product","status-publish","hentry","category-poslepechatnoe-i-oborudovanie-dlya-otdelki-pechatnoj-produkcii"],"acf":[],"yoast_head":"\n<title>EBA 5560 - Paradowski<\/title>\n<meta name=\"robots\" content=\"index, follow, max-snippet:-1, max-image-preview:large, max-video-preview:-1\" \/>\n<link rel=\"canonical\" href=\"https:\/\/paradowski.net\/ru\/product\/eba-5560\/\" \/>\n<meta property=\"og:locale\" content=\"ru_RU\" \/>\n<meta property=\"og:type\" content=\"article\" \/>\n<meta property=\"og:title\" content=\"EBA 5560 - Paradowski\" \/>\n<meta property=\"og:description\" content=\"Profesion\u0101la giljot\u012bna ar hidraulisko na\u017ea un preses piedzi\u0146u EBA 5560 ir viegl\u0101s klases grie\u017eam\u0101s ma\u0161\u012bnas un ir orient\u0113tas uz mazu un vid\u0113ju noslogot\u012bbu neliel\u0101s tipogr\u0101fij\u0101s da\u017e\u0101da veida produkcijas ra\u017eo\u0161anai- s\u0101kot ar \u017eurn\u0101liem un bro\u0161\u016br\u0101m, beidzot ar kalend\u0101riem, viz\u012btkart\u0113m u.c. Papildus apr\u012bkojums:\" \/>\n<meta property=\"og:url\" content=\"https:\/\/paradowski.net\/ru\/product\/eba-5560\/\" \/>\n<meta property=\"og:site_name\" content=\"Paradowski\" \/>\n<meta property=\"article:modified_time\" content=\"2024-06-28T17:13:10+00:00\" \/>\n<meta property=\"og:image\" content=\"https:\/\/paradowski.net\/\/wp-content\/uploads\/2024\/06\/eba_5560-1024x1024.png\" \/>\n<meta name=\"twitter:card\" content=\"summary_large_image\" \/>\n<script type=\"application\/ld+json\" class=\"yoast-schema-graph\">{\"@context\":\"https:\/\/schema.org\",\"@graph\":[{\"@type\":\"WebPage\",\"@id\":\"https:\/\/paradowski.net\/ru\/product\/eba-5560\/\",\"url\":\"https:\/\/paradowski.net\/ru\/product\/eba-5560\/\",\"name\":\"EBA 5560 - Paradowski\",\"isPartOf\":{\"@id\":\"https:\/\/paradowski.net\/ru\/#website\"},\"primaryImageOfPage\":{\"@id\":\"https:\/\/paradowski.net\/ru\/product\/eba-5560\/#primaryimage\"},\"image\":{\"@id\":\"https:\/\/paradowski.net\/ru\/product\/eba-5560\/#primaryimage\"},\"thumbnailUrl\":\"https:\/\/paradowski.net\/\/wp-content\/uploads\/2024\/06\/eba_5560-1024x1024.png\",\"datePublished\":\"2024-06-27T16:19:39+00:00\",\"dateModified\":\"2024-06-28T17:13:10+00:00\",\"breadcrumb\":{\"@id\":\"https:\/\/paradowski.net\/ru\/product\/eba-5560\/#breadcrumb\"},\"inLanguage\":\"ru-RU\",\"potentialAction\":[{\"@type\":\"ReadAction\",\"target\":[\"https:\/\/paradowski.net\/ru\/product\/eba-5560\/\"]}]},{\"@type\":\"ImageObject\",\"inLanguage\":\"ru-RU\",\"@id\":\"https:\/\/paradowski.net\/ru\/product\/eba-5560\/#primaryimage\",\"url\":\"https:\/\/paradowski.net\/\/wp-content\/uploads\/2024\/06\/eba_5560-1024x1024.png\",\"contentUrl\":\"https:\/\/paradowski.net\/\/wp-content\/uploads\/2024\/06\/eba_5560-1024x1024.png\"},{\"@type\":\"BreadcrumbList\",\"@id\":\"https:\/\/paradowski.net\/ru\/product\/eba-5560\/#breadcrumb\",\"itemListElement\":[{\"@type\":\"ListItem\",\"position\":1,\"name\":\"Home\",\"item\":\"https:\/\/paradowski.net\/ru\/\"},{\"@type\":\"ListItem\",\"position\":2,\"name\":\"EBA 5560\"}]},{\"@type\":\"WebSite\",\"@id\":\"https:\/\/paradowski.net\/ru\/#website\",\"url\":\"https:\/\/paradowski.net\/ru\/\",\"name\":\"Paradowski\",\"description\":\"\",\"publisher\":{\"@id\":\"https:\/\/paradowski.net\/ru\/#organization\"},\"potentialAction\":[{\"@type\":\"SearchAction\",\"target\":{\"@type\":\"EntryPoint\",\"urlTemplate\":\"https:\/\/paradowski.net\/ru\/?s={search_term_string}\"},\"query-input\":{\"@type\":\"PropertyValueSpecification\",\"valueRequired\":true,\"valueName\":\"search_term_string\"}}],\"inLanguage\":\"ru-RU\"},{\"@type\":\"Organization\",\"@id\":\"https:\/\/paradowski.net\/ru\/#organization\",\"name\":\"Paradowski\",\"url\":\"https:\/\/paradowski.net\/ru\/\",\"logo\":{\"@type\":\"ImageObject\",\"inLanguage\":\"ru-RU\",\"@id\":\"https:\/\/paradowski.net\/ru\/#\/schema\/logo\/image\/\",\"url\":\"https:\/\/paradowski.net\/wp-content\/uploads\/2024\/10\/logo-paradowski.svg\",\"contentUrl\":\"https:\/\/paradowski.net\/wp-content\/uploads\/2024\/10\/logo-paradowski.svg\",\"width\":264,\"height\":60,\"caption\":\"Paradowski\"},\"image\":{\"@id\":\"https:\/\/paradowski.net\/ru\/#\/schema\/logo\/image\/\"}}]}<\/script>\n","yoast_head_json":{"title":"EBA 5560 - Paradowski","robots":{"index":"index","follow":"follow","max-snippet":"max-snippet:-1","max-image-preview":"max-image-preview:large","max-video-preview":"max-video-preview:-1"},"canonical":"https:\/\/paradowski.net\/ru\/product\/eba-5560\/","og_locale":"ru_RU","og_type":"article","og_title":"EBA 5560 - Paradowski","og_description":"Profesion\u0101la giljot\u012bna ar hidraulisko na\u017ea un preses piedzi\u0146u EBA 5560 ir viegl\u0101s klases grie\u017eam\u0101s ma\u0161\u012bnas un ir orient\u0113tas uz mazu un vid\u0113ju noslogot\u012bbu neliel\u0101s tipogr\u0101fij\u0101s da\u017e\u0101da veida produkcijas ra\u017eo\u0161anai- s\u0101kot ar \u017eurn\u0101liem un bro\u0161\u016br\u0101m, beidzot ar kalend\u0101riem, viz\u012btkart\u0113m u.c. Papildus apr\u012bkojums:","og_url":"https:\/\/paradowski.net\/ru\/product\/eba-5560\/","og_site_name":"Paradowski","article_modified_time":"2024-06-28T17:13:10+00:00","og_image":[{"url":"https:\/\/paradowski.net\/\/wp-content\/uploads\/2024\/06\/eba_5560-1024x1024.png"}],"twitter_card":"summary_large_image","schema":{"@context":"https:\/\/schema.org","@graph":[{"@type":"WebPage","@id":"https:\/\/paradowski.net\/ru\/product\/eba-5560\/","url":"https:\/\/paradowski.net\/ru\/product\/eba-5560\/","name":"EBA 5560 - Paradowski","isPartOf":{"@id":"https:\/\/paradowski.net\/ru\/#website"},"primaryImageOfPage":{"@id":"https:\/\/paradowski.net\/ru\/product\/eba-5560\/#primaryimage"},"image":{"@id":"https:\/\/paradowski.net\/ru\/product\/eba-5560\/#primaryimage"},"thumbnailUrl":"https:\/\/paradowski.net\/\/wp-content\/uploads\/2024\/06\/eba_5560-1024x1024.png","datePublished":"2024-06-27T16:19:39+00:00","dateModified":"2024-06-28T17:13:10+00:00","breadcrumb":{"@id":"https:\/\/paradowski.net\/ru\/product\/eba-5560\/#breadcrumb"},"inLanguage":"ru-RU","potentialAction":[{"@type":"ReadAction","target":["https:\/\/paradowski.net\/ru\/product\/eba-5560\/"]}]},{"@type":"ImageObject","inLanguage":"ru-RU","@id":"https:\/\/paradowski.net\/ru\/product\/eba-5560\/#primaryimage","url":"https:\/\/paradowski.net\/\/wp-content\/uploads\/2024\/06\/eba_5560-1024x1024.png","contentUrl":"https:\/\/paradowski.net\/\/wp-content\/uploads\/2024\/06\/eba_5560-1024x1024.png"},{"@type":"BreadcrumbList","@id":"https:\/\/paradowski.net\/ru\/product\/eba-5560\/#breadcrumb","itemListElement":[{"@type":"ListItem","position":1,"name":"Home","item":"https:\/\/paradowski.net\/ru\/"},{"@type":"ListItem","position":2,"name":"EBA 5560"}]},{"@type":"WebSite","@id":"https:\/\/paradowski.net\/ru\/#website","url":"https:\/\/paradowski.net\/ru\/","name":"Paradowski","description":"","publisher":{"@id":"https:\/\/paradowski.net\/ru\/#organization"},"potentialAction":[{"@type":"SearchAction","target":{"@type":"EntryPoint","urlTemplate":"https:\/\/paradowski.net\/ru\/?s={search_term_string}"},"query-input":{"@type":"PropertyValueSpecification","valueRequired":true,"valueName":"search_term_string"}}],"inLanguage":"ru-RU"},{"@type":"Organization","@id":"https:\/\/paradowski.net\/ru\/#organization","name":"Paradowski","url":"https:\/\/paradowski.net\/ru\/","logo":{"@type":"ImageObject","inLanguage":"ru-RU","@id":"https:\/\/paradowski.net\/ru\/#\/schema\/logo\/image\/","url":"https:\/\/paradowski.net\/wp-content\/uploads\/2024\/10\/logo-paradowski.svg","contentUrl":"https:\/\/paradowski.net\/wp-content\/uploads\/2024\/10\/logo-paradowski.svg","width":264,"height":60,"caption":"Paradowski"},"image":{"@id":"https:\/\/paradowski.net\/ru\/#\/schema\/logo\/image\/"}}]}},"_links":{"self":[{"href":"https:\/\/paradowski.net\/ru\/wp-json\/wp\/v2\/product\/490","targetHints":{"allow":["GET"]}}],"collection":[{"href":"https:\/\/paradowski.net\/ru\/wp-json\/wp\/v2\/product"}],"about":[{"href":"https:\/\/paradowski.net\/ru\/wp-json\/wp\/v2\/types\/product"}],"wp:attachment":[{"href":"https:\/\/paradowski.net\/ru\/wp-json\/wp\/v2\/media?parent=490"}],"wp:term":[{"taxonomy":"category","embeddable":true,"href":"https:\/\/paradowski.net\/ru\/wp-json\/wp\/v2\/categories?post=490"},{"taxonomy":"brand","embeddable":true,"href":"https:\/\/paradowski.net\/ru\/wp-json\/wp\/v2\/brand?post=490"},{"taxonomy":"product_type","embeddable":true,"href":"https:\/\/paradowski.net\/ru\/wp-json\/wp\/v2\/product_type?post=490"}],"curies":[{"name":"wp","href":"https:\/\/api.w.org\/{rel}","templated":true}]}}