{"id":528,"date":"2024-07-01T17:32:12","date_gmt":"2024-07-01T17:32:12","guid":{"rendered":"https:\/\/paradowski.net\/product\/yzhh\/"},"modified":"2024-07-01T17:35:45","modified_gmt":"2024-07-01T17:35:45","slug":"yzhh","status":"publish","type":"product","link":"https:\/\/paradowski.net\/ru\/product\/yzhh\/","title":{"rendered":"YZHH"},"content":{"rendered":"\n<figure class=\"wp-block-image size-large\"><img decoding=\"async\" src=\"https:\/\/paradowski.net\/\/wp-content\/uploads\/2024\/07\/shh-1024x579.jpg\" alt=\"\" class=\"wp-image-520\"\/><\/figure>\n\n<p>YZHH s\u0113rijas YZHH ma\u0161\u012bnas tiek izstr\u0101d\u0101tas un ra\u017eotas, balstoties uz pieredzi un izmantojot \u0101rzemju lok\u0101mo-l\u012bm\u0113jamo ma\u0161\u012bnu ra\u017eot\u0101ju sasniegumus. Ma\u0161\u012bna paredz\u0113ta kartona k\u0101rbu ar vienu atloku l\u012bm\u0113\u0161anai maz\u0101m un vid\u0113j\u0101m tir\u0101\u017e\u0101m. ma\u0161\u012bnas tiek izstr\u0101d\u0101tas un ra\u017eotas, balstoties uz pieredzi un izmantojot \u0101rzemju lok\u0101mo-l\u012bm\u0113jamo ma\u0161\u012bnu ra\u017eot\u0101ju sasniegumus. Ma\u0161\u012bna paredz\u0113ta kartona k\u0101rbu ar vienu atloku l\u012bm\u0113\u0161anai maz\u0101m un vid\u0113j\u0101m tir\u0101\u017e\u0101m.<\/p>\n\n<p>Ma\u0161\u012bnu ra\u017eo \u0136\u012bn\u0101, pamatda\u013cas n\u0101k no \u0101rzemju ra\u017eot\u0101jiem: elektronisk\u0101s vad\u012bbas bloks ra\u017eots Jap\u0101n\u0101, siksnas Habasit \u0160veices ra\u017eojums.<\/p>\n\n<p><strong>Ma\u0161\u012bnas raksturojums:<\/strong><\/p>\n\n<ul class=\"wp-block-list\">\n<li>Ma\u0161\u012bnai ir pie\u0146emams dizains, vienk\u0101r\u0161a apkalpo\u0161ana, mazs elektr\u012bbas pat\u0113ri\u0146\u0161;<\/li>\n\n\n\n<li>Iepriek\u0161\u0113jas loc\u012b\u0161anas sekcija,<\/li>\n\n\n\n<li>Galven\u0101 vad\u012bbas pults uz pa\u0161pielic\u0113ja un papildus uz izvada, no kurienes var kontrol\u0113t sagatavju gaitu no pa\u0161pielic\u0113ja. Kad pa\u0161pielic\u0113js padod kartona sagataves, t\u0101s saskaita fotoelektronu dev\u0113js. Tas pal\u012bdz padot sagataves noteikt\u0101s partij\u0101s un br\u012bvi kontrol\u0113t laika interv\u0101lu starp div\u0101m partij\u0101m.<\/li>\n<\/ul>\n\n<p><strong>Ma\u0161\u012bnas komplet\u0101cij\u0101 ietilpst:<\/strong><\/p>\n\n<ul class=\"wp-block-list\">\n<li>pa\u0161pielic\u0113js ar vibratoru;<\/li>\n\n\n\n<li>iepriek\u0161\u0113jas loc\u012b\u0161anas sekcija 1+3 (modelim SHH800A);<\/li>\n\n\n\n<li>loc\u012b\u0161anas sekcija;<\/li>\n\n\n\n<li>diskveida apak\u0161\u0113jais l\u012bm\u0113\u0161anas apar\u0101ts,;<\/li>\n\n\n\n<li>pie\u0146em\u0161anas-pres\u0113\u0161anas sekcija;<\/li>\n\n\n\n<li>elektronisk\u0101s vad\u012bbas bloks ar \u0101truma regulatoru un produkcijas skait\u012bt\u0101ju.<\/li>\n<\/ul>\n","protected":false},"template":"","categories":[49],"brand":[],"product_type":[],"class_list":["post-528","product","type-product","status-publish","hentry","category-oborudovanie-dlya-proizvodstva-upakovki-iz-kartona-i-gofrokartona"],"acf":[],"yoast_head":"\n<title>YZHH - Paradowski<\/title>\n<meta name=\"robots\" content=\"index, follow, max-snippet:-1, max-image-preview:large, max-video-preview:-1\" \/>\n<link rel=\"canonical\" href=\"https:\/\/paradowski.net\/ru\/product\/yzhh\/\" \/>\n<meta property=\"og:locale\" content=\"ru_RU\" \/>\n<meta property=\"og:type\" content=\"article\" \/>\n<meta property=\"og:title\" content=\"YZHH - Paradowski\" \/>\n<meta property=\"og:description\" content=\"YZHH s\u0113rijas YZHH ma\u0161\u012bnas tiek izstr\u0101d\u0101tas un ra\u017eotas, balstoties uz pieredzi un izmantojot \u0101rzemju lok\u0101mo-l\u012bm\u0113jamo ma\u0161\u012bnu ra\u017eot\u0101ju sasniegumus. Ma\u0161\u012bna paredz\u0113ta kartona k\u0101rbu ar vienu atloku l\u012bm\u0113\u0161anai maz\u0101m un vid\u0113j\u0101m tir\u0101\u017e\u0101m. ma\u0161\u012bnas tiek izstr\u0101d\u0101tas un ra\u017eotas, balstoties uz pieredzi un izmantojot \u0101rzemju lok\u0101mo-l\u012bm\u0113jamo ma\u0161\u012bnu ra\u017eot\u0101ju sasniegumus. Ma\u0161\u012bna paredz\u0113ta kartona k\u0101rbu ar vienu atloku l\u012bm\u0113\u0161anai maz\u0101m un [&hellip;]\" \/>\n<meta property=\"og:url\" content=\"https:\/\/paradowski.net\/ru\/product\/yzhh\/\" \/>\n<meta property=\"og:site_name\" content=\"Paradowski\" \/>\n<meta property=\"article:modified_time\" content=\"2024-07-01T17:35:45+00:00\" \/>\n<meta property=\"og:image\" content=\"https:\/\/paradowski.net\/\/wp-content\/uploads\/2024\/07\/shh-1024x579.jpg\" \/>\n<meta name=\"twitter:card\" content=\"summary_large_image\" \/>\n<meta name=\"twitter:label1\" content=\"Est. reading time\" \/>\n\t<meta name=\"twitter:data1\" content=\"1 minute\" \/>\n<script type=\"application\/ld+json\" class=\"yoast-schema-graph\">{\"@context\":\"https:\/\/schema.org\",\"@graph\":[{\"@type\":\"WebPage\",\"@id\":\"https:\/\/paradowski.net\/ru\/product\/yzhh\/\",\"url\":\"https:\/\/paradowski.net\/ru\/product\/yzhh\/\",\"name\":\"YZHH - Paradowski\",\"isPartOf\":{\"@id\":\"https:\/\/paradowski.net\/ru\/#website\"},\"primaryImageOfPage\":{\"@id\":\"https:\/\/paradowski.net\/ru\/product\/yzhh\/#primaryimage\"},\"image\":{\"@id\":\"https:\/\/paradowski.net\/ru\/product\/yzhh\/#primaryimage\"},\"thumbnailUrl\":\"https:\/\/paradowski.net\/\/wp-content\/uploads\/2024\/07\/shh-1024x579.jpg\",\"datePublished\":\"2024-07-01T17:32:12+00:00\",\"dateModified\":\"2024-07-01T17:35:45+00:00\",\"breadcrumb\":{\"@id\":\"https:\/\/paradowski.net\/ru\/product\/yzhh\/#breadcrumb\"},\"inLanguage\":\"ru-RU\",\"potentialAction\":[{\"@type\":\"ReadAction\",\"target\":[\"https:\/\/paradowski.net\/ru\/product\/yzhh\/\"]}]},{\"@type\":\"ImageObject\",\"inLanguage\":\"ru-RU\",\"@id\":\"https:\/\/paradowski.net\/ru\/product\/yzhh\/#primaryimage\",\"url\":\"https:\/\/paradowski.net\/\/wp-content\/uploads\/2024\/07\/shh-1024x579.jpg\",\"contentUrl\":\"https:\/\/paradowski.net\/\/wp-content\/uploads\/2024\/07\/shh-1024x579.jpg\"},{\"@type\":\"BreadcrumbList\",\"@id\":\"https:\/\/paradowski.net\/ru\/product\/yzhh\/#breadcrumb\",\"itemListElement\":[{\"@type\":\"ListItem\",\"position\":1,\"name\":\"Home\",\"item\":\"https:\/\/paradowski.net\/ru\/\"},{\"@type\":\"ListItem\",\"position\":2,\"name\":\"YZHH\"}]},{\"@type\":\"WebSite\",\"@id\":\"https:\/\/paradowski.net\/ru\/#website\",\"url\":\"https:\/\/paradowski.net\/ru\/\",\"name\":\"Paradowski\",\"description\":\"\",\"publisher\":{\"@id\":\"https:\/\/paradowski.net\/ru\/#organization\"},\"potentialAction\":[{\"@type\":\"SearchAction\",\"target\":{\"@type\":\"EntryPoint\",\"urlTemplate\":\"https:\/\/paradowski.net\/ru\/?s={search_term_string}\"},\"query-input\":{\"@type\":\"PropertyValueSpecification\",\"valueRequired\":true,\"valueName\":\"search_term_string\"}}],\"inLanguage\":\"ru-RU\"},{\"@type\":\"Organization\",\"@id\":\"https:\/\/paradowski.net\/ru\/#organization\",\"name\":\"Paradowski\",\"url\":\"https:\/\/paradowski.net\/ru\/\",\"logo\":{\"@type\":\"ImageObject\",\"inLanguage\":\"ru-RU\",\"@id\":\"https:\/\/paradowski.net\/ru\/#\/schema\/logo\/image\/\",\"url\":\"https:\/\/paradowski.net\/wp-content\/uploads\/2024\/10\/logo-paradowski.svg\",\"contentUrl\":\"https:\/\/paradowski.net\/wp-content\/uploads\/2024\/10\/logo-paradowski.svg\",\"width\":264,\"height\":60,\"caption\":\"Paradowski\"},\"image\":{\"@id\":\"https:\/\/paradowski.net\/ru\/#\/schema\/logo\/image\/\"}}]}<\/script>\n","yoast_head_json":{"title":"YZHH - Paradowski","robots":{"index":"index","follow":"follow","max-snippet":"max-snippet:-1","max-image-preview":"max-image-preview:large","max-video-preview":"max-video-preview:-1"},"canonical":"https:\/\/paradowski.net\/ru\/product\/yzhh\/","og_locale":"ru_RU","og_type":"article","og_title":"YZHH - Paradowski","og_description":"YZHH s\u0113rijas YZHH ma\u0161\u012bnas tiek izstr\u0101d\u0101tas un ra\u017eotas, balstoties uz pieredzi un izmantojot \u0101rzemju lok\u0101mo-l\u012bm\u0113jamo ma\u0161\u012bnu ra\u017eot\u0101ju sasniegumus. Ma\u0161\u012bna paredz\u0113ta kartona k\u0101rbu ar vienu atloku l\u012bm\u0113\u0161anai maz\u0101m un vid\u0113j\u0101m tir\u0101\u017e\u0101m. ma\u0161\u012bnas tiek izstr\u0101d\u0101tas un ra\u017eotas, balstoties uz pieredzi un izmantojot \u0101rzemju lok\u0101mo-l\u012bm\u0113jamo ma\u0161\u012bnu ra\u017eot\u0101ju sasniegumus. Ma\u0161\u012bna paredz\u0113ta kartona k\u0101rbu ar vienu atloku l\u012bm\u0113\u0161anai maz\u0101m un [&hellip;]","og_url":"https:\/\/paradowski.net\/ru\/product\/yzhh\/","og_site_name":"Paradowski","article_modified_time":"2024-07-01T17:35:45+00:00","og_image":[{"url":"https:\/\/paradowski.net\/\/wp-content\/uploads\/2024\/07\/shh-1024x579.jpg"}],"twitter_card":"summary_large_image","twitter_misc":{"Est. reading time":"1 minute"},"schema":{"@context":"https:\/\/schema.org","@graph":[{"@type":"WebPage","@id":"https:\/\/paradowski.net\/ru\/product\/yzhh\/","url":"https:\/\/paradowski.net\/ru\/product\/yzhh\/","name":"YZHH - Paradowski","isPartOf":{"@id":"https:\/\/paradowski.net\/ru\/#website"},"primaryImageOfPage":{"@id":"https:\/\/paradowski.net\/ru\/product\/yzhh\/#primaryimage"},"image":{"@id":"https:\/\/paradowski.net\/ru\/product\/yzhh\/#primaryimage"},"thumbnailUrl":"https:\/\/paradowski.net\/\/wp-content\/uploads\/2024\/07\/shh-1024x579.jpg","datePublished":"2024-07-01T17:32:12+00:00","dateModified":"2024-07-01T17:35:45+00:00","breadcrumb":{"@id":"https:\/\/paradowski.net\/ru\/product\/yzhh\/#breadcrumb"},"inLanguage":"ru-RU","potentialAction":[{"@type":"ReadAction","target":["https:\/\/paradowski.net\/ru\/product\/yzhh\/"]}]},{"@type":"ImageObject","inLanguage":"ru-RU","@id":"https:\/\/paradowski.net\/ru\/product\/yzhh\/#primaryimage","url":"https:\/\/paradowski.net\/\/wp-content\/uploads\/2024\/07\/shh-1024x579.jpg","contentUrl":"https:\/\/paradowski.net\/\/wp-content\/uploads\/2024\/07\/shh-1024x579.jpg"},{"@type":"BreadcrumbList","@id":"https:\/\/paradowski.net\/ru\/product\/yzhh\/#breadcrumb","itemListElement":[{"@type":"ListItem","position":1,"name":"Home","item":"https:\/\/paradowski.net\/ru\/"},{"@type":"ListItem","position":2,"name":"YZHH"}]},{"@type":"WebSite","@id":"https:\/\/paradowski.net\/ru\/#website","url":"https:\/\/paradowski.net\/ru\/","name":"Paradowski","description":"","publisher":{"@id":"https:\/\/paradowski.net\/ru\/#organization"},"potentialAction":[{"@type":"SearchAction","target":{"@type":"EntryPoint","urlTemplate":"https:\/\/paradowski.net\/ru\/?s={search_term_string}"},"query-input":{"@type":"PropertyValueSpecification","valueRequired":true,"valueName":"search_term_string"}}],"inLanguage":"ru-RU"},{"@type":"Organization","@id":"https:\/\/paradowski.net\/ru\/#organization","name":"Paradowski","url":"https:\/\/paradowski.net\/ru\/","logo":{"@type":"ImageObject","inLanguage":"ru-RU","@id":"https:\/\/paradowski.net\/ru\/#\/schema\/logo\/image\/","url":"https:\/\/paradowski.net\/wp-content\/uploads\/2024\/10\/logo-paradowski.svg","contentUrl":"https:\/\/paradowski.net\/wp-content\/uploads\/2024\/10\/logo-paradowski.svg","width":264,"height":60,"caption":"Paradowski"},"image":{"@id":"https:\/\/paradowski.net\/ru\/#\/schema\/logo\/image\/"}}]}},"_links":{"self":[{"href":"https:\/\/paradowski.net\/ru\/wp-json\/wp\/v2\/product\/528","targetHints":{"allow":["GET"]}}],"collection":[{"href":"https:\/\/paradowski.net\/ru\/wp-json\/wp\/v2\/product"}],"about":[{"href":"https:\/\/paradowski.net\/ru\/wp-json\/wp\/v2\/types\/product"}],"wp:attachment":[{"href":"https:\/\/paradowski.net\/ru\/wp-json\/wp\/v2\/media?parent=528"}],"wp:term":[{"taxonomy":"category","embeddable":true,"href":"https:\/\/paradowski.net\/ru\/wp-json\/wp\/v2\/categories?post=528"},{"taxonomy":"brand","embeddable":true,"href":"https:\/\/paradowski.net\/ru\/wp-json\/wp\/v2\/brand?post=528"},{"taxonomy":"product_type","embeddable":true,"href":"https:\/\/paradowski.net\/ru\/wp-json\/wp\/v2\/product_type?post=528"}],"curies":[{"name":"wp","href":"https:\/\/api.w.org\/{rel}","templated":true}]}}