{"id":534,"date":"2024-07-02T17:42:01","date_gmt":"2024-07-02T17:42:01","guid":{"rendered":"https:\/\/paradowski.net\/product\/foellmer-jw-35\/"},"modified":"2024-07-02T17:42:01","modified_gmt":"2024-07-02T17:42:01","slug":"foellmer-jw-35","status":"publish","type":"product","link":"https:\/\/paradowski.net\/ru\/product\/foellmer-jw-35\/","title":{"rendered":"Foellmer JW 35"},"content":{"rendered":"\n<figure class=\"wp-block-image size-full\"><img loading=\"lazy\" decoding=\"async\" width=\"900\" height=\"650\" src=\"https:\/\/paradowski.net\/\/wp-content\/uploads\/2024\/07\/foeller_jw_35.jpg\" alt=\"\" class=\"wp-image-532\" srcset=\"https:\/\/paradowski.net\/wp-content\/uploads\/2024\/07\/foeller_jw_35.jpg 900w, https:\/\/paradowski.net\/wp-content\/uploads\/2024\/07\/foeller_jw_35-300x217.jpg 300w, https:\/\/paradowski.net\/wp-content\/uploads\/2024\/07\/foeller_jw_35-768x555.jpg 768w\" sizes=\"auto, (max-width: 900px) 100vw, 900px\" \/><\/figure>\n\n<p>Stiep\u013cu \u0161ujma\u0161\u012bna ar vienu \u0161ujamo galvi\u0146u bro\u0161\u016bru un lok\u0161\u0146u sastiprin\u0101\u0161anai ar met\u0101lisko stiepli, izveidojot skavas.<\/p>\n\n<p>At\u0161\u0137ir\u012bb\u0101 no skavo\u0161anas iek\u0101rt\u0101m stiep\u013cu \u0161ujma\u0161\u012bn\u0101m ir sare\u017e\u0123\u012bt\u0101ka galvi\u0146as uzb\u016bve un stieples padeves meh\u0101nisma uzb\u016bve. \u0160ajos meh\u0101nismos skavas bro\u0161\u016bru \u0161\u016b\u0161anai tiek veidotas no stieples spoles.<\/p>\n\n<p>Ma\u0161\u012bnas JW-35 ir \u013coti \u0113rtas gr\u0101matu bloku sastiprin\u0101\u0161anai un t\u0101s nodro\u0161ina gr\u0101matu ilglaic\u012bgu lieto\u0161anu, pateicoties dro\u0161am un stabilam stiprin\u0101jumam.<\/p>\n\n<p><strong>Tehniskie dati:<\/strong><\/p>\n\n<ul class=\"wp-block-list\">\n<li>Bloka biezums: Iek\u0161loces \u0161uvums &#8211; l\u012bdz 22 mm; S\u0101nloces \u0161uvums &#8211; l\u012bdz 30 mm<\/li>\n\n\n\n<li>Maks. darba \u0101trums: l\u012bdz 200 cikl.\/min.<\/li>\n\n\n\n<li>Stieples diametrs: 0,5-0,9 mm<\/li>\n<\/ul>\n","protected":false},"template":"","categories":[47],"brand":[],"product_type":[],"class_list":["post-534","product","type-product","status-publish","hentry","category-poslepechatnoe-i-oborudovanie-dlya-otdelki-pechatnoj-produkcii"],"acf":[],"yoast_head":"\n<title>Foellmer JW 35 - Paradowski<\/title>\n<meta name=\"robots\" content=\"index, follow, max-snippet:-1, max-image-preview:large, max-video-preview:-1\" \/>\n<link rel=\"canonical\" href=\"https:\/\/paradowski.net\/ru\/product\/foellmer-jw-35\/\" \/>\n<meta property=\"og:locale\" content=\"ru_RU\" \/>\n<meta property=\"og:type\" content=\"article\" \/>\n<meta property=\"og:title\" content=\"Foellmer JW 35 - Paradowski\" \/>\n<meta property=\"og:description\" content=\"Stiep\u013cu \u0161ujma\u0161\u012bna ar vienu \u0161ujamo galvi\u0146u bro\u0161\u016bru un lok\u0161\u0146u sastiprin\u0101\u0161anai ar met\u0101lisko stiepli, izveidojot skavas. At\u0161\u0137ir\u012bb\u0101 no skavo\u0161anas iek\u0101rt\u0101m stiep\u013cu \u0161ujma\u0161\u012bn\u0101m ir sare\u017e\u0123\u012bt\u0101ka galvi\u0146as uzb\u016bve un stieples padeves meh\u0101nisma uzb\u016bve. \u0160ajos meh\u0101nismos skavas bro\u0161\u016bru \u0161\u016b\u0161anai tiek veidotas no stieples spoles. Ma\u0161\u012bnas JW-35 ir \u013coti \u0113rtas gr\u0101matu bloku sastiprin\u0101\u0161anai un t\u0101s nodro\u0161ina gr\u0101matu ilglaic\u012bgu lieto\u0161anu, pateicoties [&hellip;]\" \/>\n<meta property=\"og:url\" content=\"https:\/\/paradowski.net\/ru\/product\/foellmer-jw-35\/\" \/>\n<meta property=\"og:site_name\" content=\"Paradowski\" \/>\n<meta property=\"og:image\" content=\"https:\/\/paradowski.net\/\/wp-content\/uploads\/2024\/07\/foeller_jw_35.jpg\" \/>\n<meta name=\"twitter:card\" content=\"summary_large_image\" \/>\n<meta name=\"twitter:label1\" content=\"Est. reading time\" \/>\n\t<meta name=\"twitter:data1\" content=\"1 minute\" \/>\n<script type=\"application\/ld+json\" class=\"yoast-schema-graph\">{\"@context\":\"https:\/\/schema.org\",\"@graph\":[{\"@type\":\"WebPage\",\"@id\":\"https:\/\/paradowski.net\/ru\/product\/foellmer-jw-35\/\",\"url\":\"https:\/\/paradowski.net\/ru\/product\/foellmer-jw-35\/\",\"name\":\"Foellmer JW 35 - Paradowski\",\"isPartOf\":{\"@id\":\"https:\/\/paradowski.net\/ru\/#website\"},\"primaryImageOfPage\":{\"@id\":\"https:\/\/paradowski.net\/ru\/product\/foellmer-jw-35\/#primaryimage\"},\"image\":{\"@id\":\"https:\/\/paradowski.net\/ru\/product\/foellmer-jw-35\/#primaryimage\"},\"thumbnailUrl\":\"https:\/\/paradowski.net\/\/wp-content\/uploads\/2024\/07\/foeller_jw_35.jpg\",\"datePublished\":\"2024-07-02T17:42:01+00:00\",\"dateModified\":\"2024-07-02T17:42:01+00:00\",\"breadcrumb\":{\"@id\":\"https:\/\/paradowski.net\/ru\/product\/foellmer-jw-35\/#breadcrumb\"},\"inLanguage\":\"ru-RU\",\"potentialAction\":[{\"@type\":\"ReadAction\",\"target\":[\"https:\/\/paradowski.net\/ru\/product\/foellmer-jw-35\/\"]}]},{\"@type\":\"ImageObject\",\"inLanguage\":\"ru-RU\",\"@id\":\"https:\/\/paradowski.net\/ru\/product\/foellmer-jw-35\/#primaryimage\",\"url\":\"https:\/\/paradowski.net\/\/wp-content\/uploads\/2024\/07\/foeller_jw_35.jpg\",\"contentUrl\":\"https:\/\/paradowski.net\/\/wp-content\/uploads\/2024\/07\/foeller_jw_35.jpg\"},{\"@type\":\"BreadcrumbList\",\"@id\":\"https:\/\/paradowski.net\/ru\/product\/foellmer-jw-35\/#breadcrumb\",\"itemListElement\":[{\"@type\":\"ListItem\",\"position\":1,\"name\":\"Home\",\"item\":\"https:\/\/paradowski.net\/ru\/\"},{\"@type\":\"ListItem\",\"position\":2,\"name\":\"Foellmer JW 35\"}]},{\"@type\":\"WebSite\",\"@id\":\"https:\/\/paradowski.net\/ru\/#website\",\"url\":\"https:\/\/paradowski.net\/ru\/\",\"name\":\"Paradowski\",\"description\":\"\",\"publisher\":{\"@id\":\"https:\/\/paradowski.net\/ru\/#organization\"},\"potentialAction\":[{\"@type\":\"SearchAction\",\"target\":{\"@type\":\"EntryPoint\",\"urlTemplate\":\"https:\/\/paradowski.net\/ru\/?s={search_term_string}\"},\"query-input\":{\"@type\":\"PropertyValueSpecification\",\"valueRequired\":true,\"valueName\":\"search_term_string\"}}],\"inLanguage\":\"ru-RU\"},{\"@type\":\"Organization\",\"@id\":\"https:\/\/paradowski.net\/ru\/#organization\",\"name\":\"Paradowski\",\"url\":\"https:\/\/paradowski.net\/ru\/\",\"logo\":{\"@type\":\"ImageObject\",\"inLanguage\":\"ru-RU\",\"@id\":\"https:\/\/paradowski.net\/ru\/#\/schema\/logo\/image\/\",\"url\":\"https:\/\/paradowski.net\/wp-content\/uploads\/2024\/10\/logo-paradowski.svg\",\"contentUrl\":\"https:\/\/paradowski.net\/wp-content\/uploads\/2024\/10\/logo-paradowski.svg\",\"width\":264,\"height\":60,\"caption\":\"Paradowski\"},\"image\":{\"@id\":\"https:\/\/paradowski.net\/ru\/#\/schema\/logo\/image\/\"}}]}<\/script>\n","yoast_head_json":{"title":"Foellmer JW 35 - Paradowski","robots":{"index":"index","follow":"follow","max-snippet":"max-snippet:-1","max-image-preview":"max-image-preview:large","max-video-preview":"max-video-preview:-1"},"canonical":"https:\/\/paradowski.net\/ru\/product\/foellmer-jw-35\/","og_locale":"ru_RU","og_type":"article","og_title":"Foellmer JW 35 - Paradowski","og_description":"Stiep\u013cu \u0161ujma\u0161\u012bna ar vienu \u0161ujamo galvi\u0146u bro\u0161\u016bru un lok\u0161\u0146u sastiprin\u0101\u0161anai ar met\u0101lisko stiepli, izveidojot skavas. At\u0161\u0137ir\u012bb\u0101 no skavo\u0161anas iek\u0101rt\u0101m stiep\u013cu \u0161ujma\u0161\u012bn\u0101m ir sare\u017e\u0123\u012bt\u0101ka galvi\u0146as uzb\u016bve un stieples padeves meh\u0101nisma uzb\u016bve. \u0160ajos meh\u0101nismos skavas bro\u0161\u016bru \u0161\u016b\u0161anai tiek veidotas no stieples spoles. Ma\u0161\u012bnas JW-35 ir \u013coti \u0113rtas gr\u0101matu bloku sastiprin\u0101\u0161anai un t\u0101s nodro\u0161ina gr\u0101matu ilglaic\u012bgu lieto\u0161anu, pateicoties [&hellip;]","og_url":"https:\/\/paradowski.net\/ru\/product\/foellmer-jw-35\/","og_site_name":"Paradowski","og_image":[{"url":"https:\/\/paradowski.net\/\/wp-content\/uploads\/2024\/07\/foeller_jw_35.jpg"}],"twitter_card":"summary_large_image","twitter_misc":{"Est. reading time":"1 minute"},"schema":{"@context":"https:\/\/schema.org","@graph":[{"@type":"WebPage","@id":"https:\/\/paradowski.net\/ru\/product\/foellmer-jw-35\/","url":"https:\/\/paradowski.net\/ru\/product\/foellmer-jw-35\/","name":"Foellmer JW 35 - Paradowski","isPartOf":{"@id":"https:\/\/paradowski.net\/ru\/#website"},"primaryImageOfPage":{"@id":"https:\/\/paradowski.net\/ru\/product\/foellmer-jw-35\/#primaryimage"},"image":{"@id":"https:\/\/paradowski.net\/ru\/product\/foellmer-jw-35\/#primaryimage"},"thumbnailUrl":"https:\/\/paradowski.net\/\/wp-content\/uploads\/2024\/07\/foeller_jw_35.jpg","datePublished":"2024-07-02T17:42:01+00:00","dateModified":"2024-07-02T17:42:01+00:00","breadcrumb":{"@id":"https:\/\/paradowski.net\/ru\/product\/foellmer-jw-35\/#breadcrumb"},"inLanguage":"ru-RU","potentialAction":[{"@type":"ReadAction","target":["https:\/\/paradowski.net\/ru\/product\/foellmer-jw-35\/"]}]},{"@type":"ImageObject","inLanguage":"ru-RU","@id":"https:\/\/paradowski.net\/ru\/product\/foellmer-jw-35\/#primaryimage","url":"https:\/\/paradowski.net\/\/wp-content\/uploads\/2024\/07\/foeller_jw_35.jpg","contentUrl":"https:\/\/paradowski.net\/\/wp-content\/uploads\/2024\/07\/foeller_jw_35.jpg"},{"@type":"BreadcrumbList","@id":"https:\/\/paradowski.net\/ru\/product\/foellmer-jw-35\/#breadcrumb","itemListElement":[{"@type":"ListItem","position":1,"name":"Home","item":"https:\/\/paradowski.net\/ru\/"},{"@type":"ListItem","position":2,"name":"Foellmer JW 35"}]},{"@type":"WebSite","@id":"https:\/\/paradowski.net\/ru\/#website","url":"https:\/\/paradowski.net\/ru\/","name":"Paradowski","description":"","publisher":{"@id":"https:\/\/paradowski.net\/ru\/#organization"},"potentialAction":[{"@type":"SearchAction","target":{"@type":"EntryPoint","urlTemplate":"https:\/\/paradowski.net\/ru\/?s={search_term_string}"},"query-input":{"@type":"PropertyValueSpecification","valueRequired":true,"valueName":"search_term_string"}}],"inLanguage":"ru-RU"},{"@type":"Organization","@id":"https:\/\/paradowski.net\/ru\/#organization","name":"Paradowski","url":"https:\/\/paradowski.net\/ru\/","logo":{"@type":"ImageObject","inLanguage":"ru-RU","@id":"https:\/\/paradowski.net\/ru\/#\/schema\/logo\/image\/","url":"https:\/\/paradowski.net\/wp-content\/uploads\/2024\/10\/logo-paradowski.svg","contentUrl":"https:\/\/paradowski.net\/wp-content\/uploads\/2024\/10\/logo-paradowski.svg","width":264,"height":60,"caption":"Paradowski"},"image":{"@id":"https:\/\/paradowski.net\/ru\/#\/schema\/logo\/image\/"}}]}},"_links":{"self":[{"href":"https:\/\/paradowski.net\/ru\/wp-json\/wp\/v2\/product\/534","targetHints":{"allow":["GET"]}}],"collection":[{"href":"https:\/\/paradowski.net\/ru\/wp-json\/wp\/v2\/product"}],"about":[{"href":"https:\/\/paradowski.net\/ru\/wp-json\/wp\/v2\/types\/product"}],"wp:attachment":[{"href":"https:\/\/paradowski.net\/ru\/wp-json\/wp\/v2\/media?parent=534"}],"wp:term":[{"taxonomy":"category","embeddable":true,"href":"https:\/\/paradowski.net\/ru\/wp-json\/wp\/v2\/categories?post=534"},{"taxonomy":"brand","embeddable":true,"href":"https:\/\/paradowski.net\/ru\/wp-json\/wp\/v2\/brand?post=534"},{"taxonomy":"product_type","embeddable":true,"href":"https:\/\/paradowski.net\/ru\/wp-json\/wp\/v2\/product_type?post=534"}],"curies":[{"name":"wp","href":"https:\/\/api.w.org\/{rel}","templated":true}]}}