{"id":658,"date":"2024-06-28T16:25:24","date_gmt":"2024-06-28T16:25:24","guid":{"rendered":"https:\/\/paradowski.net\/product\/zechini-roby-junior-2\/"},"modified":"2024-10-04T13:43:14","modified_gmt":"2024-10-04T13:43:14","slug":"zechini-roby-junior-2","status":"publish","type":"product","link":"https:\/\/paradowski.net\/ru\/product\/zechini-roby-junior-2\/","title":{"rendered":"Zechini Roby Junior 2"},"content":{"rendered":"\n<p>Pusautom\u0101tisk\u0101 gr\u0101matu v\u0101ku izgatavo\u0161anas ma\u0161\u012bna paredz\u0113ta gr\u0101matu v\u0101ku, \u0101tr\u0161uv\u0113ju mapju, sp\u0113\u013cu laukumu, posteru u.t.l., kas sast\u0101v no vienas, trim vai piec\u0101m da\u013c\u0101m izgatavo\u0161anai.<\/p>\n\n<figure class=\"wp-block-gallery has-nested-images columns-default is-cropped wp-block-gallery-1 is-layout-flex wp-block-gallery-is-layout-flex\">\n<figure class=\"wp-block-image size-large\"><img loading=\"lazy\" decoding=\"async\" width=\"600\" height=\"600\" data-id=\"475\" src=\"https:\/\/paradowski.net\/\/wp-content\/uploads\/2024\/06\/D010-Roby-Junior-2_Zechini_-600x600-1.jpg\" alt=\"\" class=\"wp-image-475\" srcset=\"https:\/\/paradowski.net\/wp-content\/uploads\/2024\/06\/D010-Roby-Junior-2_Zechini_-600x600-1.jpg 600w, https:\/\/paradowski.net\/wp-content\/uploads\/2024\/06\/D010-Roby-Junior-2_Zechini_-600x600-1-300x300.jpg 300w, https:\/\/paradowski.net\/wp-content\/uploads\/2024\/06\/D010-Roby-Junior-2_Zechini_-600x600-1-150x150.jpg 150w\" sizes=\"auto, (max-width: 600px) 100vw, 600px\" \/><\/figure>\n\n\n\n<figure class=\"wp-block-image size-large\"><img loading=\"lazy\" decoding=\"async\" width=\"420\" height=\"209\" data-id=\"478\" src=\"https:\/\/paradowski.net\/\/wp-content\/uploads\/2024\/06\/VIP-Press-Vip-End-Paper-VIP-Gauz_Zechni-420x209-1.jpg\" alt=\"\" class=\"wp-image-478\" srcset=\"https:\/\/paradowski.net\/wp-content\/uploads\/2024\/06\/VIP-Press-Vip-End-Paper-VIP-Gauz_Zechni-420x209-1.jpg 420w, https:\/\/paradowski.net\/wp-content\/uploads\/2024\/06\/VIP-Press-Vip-End-Paper-VIP-Gauz_Zechni-420x209-1-300x149.jpg 300w\" sizes=\"auto, (max-width: 420px) 100vw, 420px\" \/><\/figure>\n\n\n\n<figure class=\"wp-block-image size-large\"><img loading=\"lazy\" decoding=\"async\" width=\"396\" height=\"188\" data-id=\"481\" src=\"https:\/\/paradowski.net\/\/wp-content\/uploads\/2024\/06\/dett-prod-zechini.jpg\" alt=\"\" class=\"wp-image-481\" srcset=\"https:\/\/paradowski.net\/wp-content\/uploads\/2024\/06\/dett-prod-zechini.jpg 396w, https:\/\/paradowski.net\/wp-content\/uploads\/2024\/06\/dett-prod-zechini-300x142.jpg 300w\" sizes=\"auto, (max-width: 396px) 100vw, 396px\" \/><\/figure>\n<\/figure>\n\n<p>Galven\u0101s at\u0161\u0137ir\u012bbas no citu firmu analogiem:<\/p>\n\n<ul class=\"wp-block-list\">\n<li>pneimatiski-meh\u0101nisks pa\u0161pielic\u0113js iepriek\u0161 sagatavotu ies\u0113juma v\u0101ku kartona sagatavju un atl\u0113ku pado\u0161anai ar ietilp\u012bbu l\u012bdz 25 cm (maks. 5 da\u013cas ja ir saliktas mapes) ar iesp\u0113ju papildin\u0101t pa\u0161pieliceju bez ma\u0161\u012bnas apst\u0101din\u0101\u0161anas;<\/li>\n\n\n\n<li>ier\u012bce st\u016br\u012b\u0161u apa\u013co\u0161anai<\/li>\n\n\n\n<li>konstrukcij\u0101 integr\u0113ta divu val\u010du l\u012bmes uzne\u0161anas ma\u0161\u012bna, kas dod iesp\u0113ju vienam darbniekam veikt pilnu mapes ra\u017eo\u0161anas ciklu;<\/li>\n\n\n\n<li>iesp\u0113ja sr\u0101d\u0101t ar aukst\u0101m l\u012bm\u0113m uz \u016bdens b\u0101zes, vai karstl\u012bm\u0113m;<\/li>\n\n\n\n<li>atloku aizloc\u012b\u0161anas bloks ar st\u016br\u012b\u0161u form\u0113\u0161anas sist\u0113mu lai gatav\u0101s mapes st\u016bri neveidotos biez\u0101ki;<\/li>\n\n\n\n<li>\u010detru val\u010du kalandrs ide\u0101li nopres\u0113 apl\u012bm\u0113to virsmu izspie\u017eot lieko gaisu;<\/li>\n\n\n\n<li>p\u0101rdom\u0101ta konstrukcija, regul\u0113\u0161anas mezglu pieejam\u012bba un ekspluat\u0101cijas vienk\u0101r\u0161\u012bba dod iesp\u0113ju p\u0101rr\u012bkoties uz citu form\u0101tu 3-5 min\u016bt\u0113s pat nekvalific\u0113tam person\u0101lam;<\/li>\n\n\n\n<li>mob\u012bls darba galds gatav\u0101s produkcijas sav\u0101k\u0161anai ar diviem regul\u0113jamiem fiksatoriem;<\/li>\n\n\n\n<li>s\u0101nu galds gatav\u0101s produkcijas pie\u0146em\u0161anai.<\/li>\n\n\n\n<li>Papildus komplekt\u0101cija:<\/li>\n\n\n\n<li>kompresors (ja nav centraliz\u0113t\u0101 saspiest\u0101 gaisa);<\/li>\n\n\n\n<li>met\u0101liski papildus kartona sagatavju atdal\u012bt\u0101ji-tur\u0113t\u0101ji pa\u0161pielic\u0113jam, ja nepiecie\u0161ams izgatavot v\u0101ku no 5 deta\u013c\u0101m.<\/li>\n<\/ul>\n\n<p><\/p>\n\n<figure class=\"wp-block-embed is-type-video is-provider-youtube wp-block-embed-youtube wp-embed-aspect-16-9 wp-has-aspect-ratio\"><div class=\"wp-block-embed__wrapper\">\n<iframe loading=\"lazy\" title=\"Roby Junior 2: the semiautomatic case maker\" width=\"500\" height=\"281\" src=\"https:\/\/www.youtube.com\/embed\/CiM9vcx9TMk?feature=oembed\" frameborder=\"0\" allow=\"accelerometer; autoplay; clipboard-write; encrypted-media; gyroscope; picture-in-picture; web-share\" referrerpolicy=\"strict-origin-when-cross-origin\" allowfullscreen><\/iframe>\n<\/div><\/figure>\n","protected":false},"template":"","categories":[47],"brand":[],"product_type":[],"class_list":["post-658","product","type-product","status-publish","hentry","category-poslepechatnoe-i-oborudovanie-dlya-otdelki-pechatnoj-produkcii"],"acf":[],"yoast_head":"\n<title>Zechini Roby Junior 2 - Paradowski<\/title>\n<meta name=\"robots\" content=\"index, follow, max-snippet:-1, max-image-preview:large, max-video-preview:-1\" \/>\n<link rel=\"canonical\" href=\"https:\/\/paradowski.net\/ru\/product\/zechini-roby-junior-2\/\" \/>\n<meta property=\"og:locale\" content=\"ru_RU\" \/>\n<meta property=\"og:type\" content=\"article\" \/>\n<meta property=\"og:title\" content=\"Zechini Roby Junior 2 - Paradowski\" \/>\n<meta property=\"og:description\" content=\"Pusautom\u0101tisk\u0101 gr\u0101matu v\u0101ku izgatavo\u0161anas ma\u0161\u012bna paredz\u0113ta gr\u0101matu v\u0101ku, \u0101tr\u0161uv\u0113ju mapju, sp\u0113\u013cu laukumu, posteru u.t.l., kas sast\u0101v no vienas, trim vai piec\u0101m da\u013c\u0101m izgatavo\u0161anai. Galven\u0101s at\u0161\u0137ir\u012bbas no citu firmu analogiem:\" \/>\n<meta property=\"og:url\" content=\"https:\/\/paradowski.net\/ru\/product\/zechini-roby-junior-2\/\" \/>\n<meta property=\"og:site_name\" content=\"Paradowski\" \/>\n<meta property=\"article:modified_time\" content=\"2024-10-04T13:43:14+00:00\" \/>\n<meta property=\"og:image\" content=\"https:\/\/paradowski.net\/\/wp-content\/uploads\/2024\/06\/D010-Roby-Junior-2_Zechini_-600x600-1.jpg\" \/>\n<meta name=\"twitter:card\" content=\"summary_large_image\" \/>\n<meta name=\"twitter:label1\" content=\"Est. reading time\" \/>\n\t<meta name=\"twitter:data1\" content=\"1 minute\" \/>\n<script type=\"application\/ld+json\" class=\"yoast-schema-graph\">{\"@context\":\"https:\/\/schema.org\",\"@graph\":[{\"@type\":\"WebPage\",\"@id\":\"https:\/\/paradowski.net\/ru\/product\/zechini-roby-junior-2\/\",\"url\":\"https:\/\/paradowski.net\/ru\/product\/zechini-roby-junior-2\/\",\"name\":\"Zechini Roby Junior 2 - Paradowski\",\"isPartOf\":{\"@id\":\"https:\/\/paradowski.net\/ru\/#website\"},\"primaryImageOfPage\":{\"@id\":\"https:\/\/paradowski.net\/ru\/product\/zechini-roby-junior-2\/#primaryimage\"},\"image\":{\"@id\":\"https:\/\/paradowski.net\/ru\/product\/zechini-roby-junior-2\/#primaryimage\"},\"thumbnailUrl\":\"https:\/\/paradowski.net\/\/wp-content\/uploads\/2024\/06\/D010-Roby-Junior-2_Zechini_-600x600-1.jpg\",\"datePublished\":\"2024-06-28T16:25:24+00:00\",\"dateModified\":\"2024-10-04T13:43:14+00:00\",\"breadcrumb\":{\"@id\":\"https:\/\/paradowski.net\/ru\/product\/zechini-roby-junior-2\/#breadcrumb\"},\"inLanguage\":\"ru-RU\",\"potentialAction\":[{\"@type\":\"ReadAction\",\"target\":[\"https:\/\/paradowski.net\/ru\/product\/zechini-roby-junior-2\/\"]}]},{\"@type\":\"ImageObject\",\"inLanguage\":\"ru-RU\",\"@id\":\"https:\/\/paradowski.net\/ru\/product\/zechini-roby-junior-2\/#primaryimage\",\"url\":\"https:\/\/paradowski.net\/\/wp-content\/uploads\/2024\/06\/D010-Roby-Junior-2_Zechini_-600x600-1.jpg\",\"contentUrl\":\"https:\/\/paradowski.net\/\/wp-content\/uploads\/2024\/06\/D010-Roby-Junior-2_Zechini_-600x600-1.jpg\"},{\"@type\":\"BreadcrumbList\",\"@id\":\"https:\/\/paradowski.net\/ru\/product\/zechini-roby-junior-2\/#breadcrumb\",\"itemListElement\":[{\"@type\":\"ListItem\",\"position\":1,\"name\":\"Home\",\"item\":\"https:\/\/paradowski.net\/ru\/\"},{\"@type\":\"ListItem\",\"position\":2,\"name\":\"Zechini Roby Junior 2\"}]},{\"@type\":\"WebSite\",\"@id\":\"https:\/\/paradowski.net\/ru\/#website\",\"url\":\"https:\/\/paradowski.net\/ru\/\",\"name\":\"Paradowski\",\"description\":\"\",\"publisher\":{\"@id\":\"https:\/\/paradowski.net\/ru\/#organization\"},\"potentialAction\":[{\"@type\":\"SearchAction\",\"target\":{\"@type\":\"EntryPoint\",\"urlTemplate\":\"https:\/\/paradowski.net\/ru\/?s={search_term_string}\"},\"query-input\":{\"@type\":\"PropertyValueSpecification\",\"valueRequired\":true,\"valueName\":\"search_term_string\"}}],\"inLanguage\":\"ru-RU\"},{\"@type\":\"Organization\",\"@id\":\"https:\/\/paradowski.net\/ru\/#organization\",\"name\":\"Paradowski\",\"url\":\"https:\/\/paradowski.net\/ru\/\",\"logo\":{\"@type\":\"ImageObject\",\"inLanguage\":\"ru-RU\",\"@id\":\"https:\/\/paradowski.net\/ru\/#\/schema\/logo\/image\/\",\"url\":\"https:\/\/paradowski.net\/wp-content\/uploads\/2024\/10\/logo-paradowski.svg\",\"contentUrl\":\"https:\/\/paradowski.net\/wp-content\/uploads\/2024\/10\/logo-paradowski.svg\",\"width\":264,\"height\":60,\"caption\":\"Paradowski\"},\"image\":{\"@id\":\"https:\/\/paradowski.net\/ru\/#\/schema\/logo\/image\/\"}}]}<\/script>\n","yoast_head_json":{"title":"Zechini Roby Junior 2 - Paradowski","robots":{"index":"index","follow":"follow","max-snippet":"max-snippet:-1","max-image-preview":"max-image-preview:large","max-video-preview":"max-video-preview:-1"},"canonical":"https:\/\/paradowski.net\/ru\/product\/zechini-roby-junior-2\/","og_locale":"ru_RU","og_type":"article","og_title":"Zechini Roby Junior 2 - Paradowski","og_description":"Pusautom\u0101tisk\u0101 gr\u0101matu v\u0101ku izgatavo\u0161anas ma\u0161\u012bna paredz\u0113ta gr\u0101matu v\u0101ku, \u0101tr\u0161uv\u0113ju mapju, sp\u0113\u013cu laukumu, posteru u.t.l., kas sast\u0101v no vienas, trim vai piec\u0101m da\u013c\u0101m izgatavo\u0161anai. Galven\u0101s at\u0161\u0137ir\u012bbas no citu firmu analogiem:","og_url":"https:\/\/paradowski.net\/ru\/product\/zechini-roby-junior-2\/","og_site_name":"Paradowski","article_modified_time":"2024-10-04T13:43:14+00:00","og_image":[{"url":"https:\/\/paradowski.net\/\/wp-content\/uploads\/2024\/06\/D010-Roby-Junior-2_Zechini_-600x600-1.jpg"}],"twitter_card":"summary_large_image","twitter_misc":{"Est. reading time":"1 minute"},"schema":{"@context":"https:\/\/schema.org","@graph":[{"@type":"WebPage","@id":"https:\/\/paradowski.net\/ru\/product\/zechini-roby-junior-2\/","url":"https:\/\/paradowski.net\/ru\/product\/zechini-roby-junior-2\/","name":"Zechini Roby Junior 2 - Paradowski","isPartOf":{"@id":"https:\/\/paradowski.net\/ru\/#website"},"primaryImageOfPage":{"@id":"https:\/\/paradowski.net\/ru\/product\/zechini-roby-junior-2\/#primaryimage"},"image":{"@id":"https:\/\/paradowski.net\/ru\/product\/zechini-roby-junior-2\/#primaryimage"},"thumbnailUrl":"https:\/\/paradowski.net\/\/wp-content\/uploads\/2024\/06\/D010-Roby-Junior-2_Zechini_-600x600-1.jpg","datePublished":"2024-06-28T16:25:24+00:00","dateModified":"2024-10-04T13:43:14+00:00","breadcrumb":{"@id":"https:\/\/paradowski.net\/ru\/product\/zechini-roby-junior-2\/#breadcrumb"},"inLanguage":"ru-RU","potentialAction":[{"@type":"ReadAction","target":["https:\/\/paradowski.net\/ru\/product\/zechini-roby-junior-2\/"]}]},{"@type":"ImageObject","inLanguage":"ru-RU","@id":"https:\/\/paradowski.net\/ru\/product\/zechini-roby-junior-2\/#primaryimage","url":"https:\/\/paradowski.net\/\/wp-content\/uploads\/2024\/06\/D010-Roby-Junior-2_Zechini_-600x600-1.jpg","contentUrl":"https:\/\/paradowski.net\/\/wp-content\/uploads\/2024\/06\/D010-Roby-Junior-2_Zechini_-600x600-1.jpg"},{"@type":"BreadcrumbList","@id":"https:\/\/paradowski.net\/ru\/product\/zechini-roby-junior-2\/#breadcrumb","itemListElement":[{"@type":"ListItem","position":1,"name":"Home","item":"https:\/\/paradowski.net\/ru\/"},{"@type":"ListItem","position":2,"name":"Zechini Roby Junior 2"}]},{"@type":"WebSite","@id":"https:\/\/paradowski.net\/ru\/#website","url":"https:\/\/paradowski.net\/ru\/","name":"Paradowski","description":"","publisher":{"@id":"https:\/\/paradowski.net\/ru\/#organization"},"potentialAction":[{"@type":"SearchAction","target":{"@type":"EntryPoint","urlTemplate":"https:\/\/paradowski.net\/ru\/?s={search_term_string}"},"query-input":{"@type":"PropertyValueSpecification","valueRequired":true,"valueName":"search_term_string"}}],"inLanguage":"ru-RU"},{"@type":"Organization","@id":"https:\/\/paradowski.net\/ru\/#organization","name":"Paradowski","url":"https:\/\/paradowski.net\/ru\/","logo":{"@type":"ImageObject","inLanguage":"ru-RU","@id":"https:\/\/paradowski.net\/ru\/#\/schema\/logo\/image\/","url":"https:\/\/paradowski.net\/wp-content\/uploads\/2024\/10\/logo-paradowski.svg","contentUrl":"https:\/\/paradowski.net\/wp-content\/uploads\/2024\/10\/logo-paradowski.svg","width":264,"height":60,"caption":"Paradowski"},"image":{"@id":"https:\/\/paradowski.net\/ru\/#\/schema\/logo\/image\/"}}]}},"_links":{"self":[{"href":"https:\/\/paradowski.net\/ru\/wp-json\/wp\/v2\/product\/658","targetHints":{"allow":["GET"]}}],"collection":[{"href":"https:\/\/paradowski.net\/ru\/wp-json\/wp\/v2\/product"}],"about":[{"href":"https:\/\/paradowski.net\/ru\/wp-json\/wp\/v2\/types\/product"}],"wp:attachment":[{"href":"https:\/\/paradowski.net\/ru\/wp-json\/wp\/v2\/media?parent=658"}],"wp:term":[{"taxonomy":"category","embeddable":true,"href":"https:\/\/paradowski.net\/ru\/wp-json\/wp\/v2\/categories?post=658"},{"taxonomy":"brand","embeddable":true,"href":"https:\/\/paradowski.net\/ru\/wp-json\/wp\/v2\/brand?post=658"},{"taxonomy":"product_type","embeddable":true,"href":"https:\/\/paradowski.net\/ru\/wp-json\/wp\/v2\/product_type?post=658"}],"curies":[{"name":"wp","href":"https:\/\/api.w.org\/{rel}","templated":true}]}}